{"id":30,"date":"2017-11-09T10:51:55","date_gmt":"2017-11-09T09:51:55","guid":{"rendered":"https:\/\/min-pan.krakow.pl\/instytut\/?page_id=30"},"modified":"2025-12-17T12:30:15","modified_gmt":"2025-12-17T11:30:15","slug":"administracja-2","status":"publish","type":"page","link":"https:\/\/min-pan.krakow.pl\/instytut\/pracownicy\/administracja-2\/","title":{"rendered":"Administracja"},"content":{"rendered":"<p>Administracj\u0119 naszego Instytutu tworz\u0105 dyrekcja oraz pracownicy kilku dzia\u0142\u00f3w oraz kom\u00f3rek organizacyjnych:<\/p>\n<ul>\n<li>Dzia\u0142u Ksi\u0119gowo\u015bci i Rozlicze\u0144,<\/li>\n<li>Dzia\u0142u Organizacyjnego,<\/li>\n<li>Sekretariatu,<\/li>\n<li>Stanowiska ds. system\u00f3w komputerowych i szkole\u0144,<\/li>\n<li>Archiwum.<\/li>\n<\/ul>\n<p>W tej cz\u0119\u015bci prezentujemy Pa\u0144stwu wykaz pracownik\u00f3w poszczeg\u00f3lnych dzia\u0142\u00f3w (kom\u00f3rek) organizacyjnych Pionu Administracyjnego.<\/p>","protected":false},"excerpt":{"rendered":"<p>Administracj\u0119 naszego Instytutu tworz\u0105 dyrekcja oraz pracownicy kilku dzia\u0142\u00f3w oraz kom\u00f3rek organizacyjnych: Dzia\u0142u Ksi\u0119gowo\u015bci i Rozlicze\u0144, Dzia\u0142u Organizacyjnego, Sekretariatu, Stanowiska ds. system\u00f3w komputerowych i szkole\u0144, Archiwum. W tej cz\u0119\u015bci prezentujemy Pa\u0144stwu wykaz pracownik\u00f3w poszczeg\u00f3lnych dzia\u0142\u00f3w (kom\u00f3rek) organizacyjnych Pionu Administracyjnego.<\/p>\n","protected":false},"author":1,"featured_media":0,"parent":11,"menu_order":141,"comment_status":"closed","ping_status":"closed","template":"templates\/template-administration.php","meta":{"footnotes":""},"class_list":["post-30","page","type-page","status-publish","hentry"],"_links":{"self":[{"href":"https:\/\/min-pan.krakow.pl\/instytut\/wp-json\/wp\/v2\/pages\/30","targetHints":{"allow":["GET"]}}],"collection":[{"href":"https:\/\/min-pan.krakow.pl\/instytut\/wp-json\/wp\/v2\/pages"}],"about":[{"href":"https:\/\/min-pan.krakow.pl\/instytut\/wp-json\/wp\/v2\/types\/page"}],"author":[{"embeddable":true,"href":"https:\/\/min-pan.krakow.pl\/instytut\/wp-json\/wp\/v2\/users\/1"}],"replies":[{"embeddable":true,"href":"https:\/\/min-pan.krakow.pl\/instytut\/wp-json\/wp\/v2\/comments?post=30"}],"version-history":[{"count":7,"href":"https:\/\/min-pan.krakow.pl\/instytut\/wp-json\/wp\/v2\/pages\/30\/revisions"}],"predecessor-version":[{"id":1023,"href":"https:\/\/min-pan.krakow.pl\/instytut\/wp-json\/wp\/v2\/pages\/30\/revisions\/1023"}],"up":[{"embeddable":true,"href":"https:\/\/min-pan.krakow.pl\/instytut\/wp-json\/wp\/v2\/pages\/11"}],"wp:attachment":[{"href":"https:\/\/min-pan.krakow.pl\/instytut\/wp-json\/wp\/v2\/media?parent=30"}],"curies":[{"name":"wp","href":"https:\/\/api.w.org\/{rel}","templated":true}]}}