{"id":293,"date":"2017-12-04T12:31:59","date_gmt":"2017-12-04T11:31:59","guid":{"rendered":"https:\/\/min-pan.krakow.pl\/instytut\/?page_id=293"},"modified":"2026-02-17T19:54:01","modified_gmt":"2026-02-17T18:54:01","slug":"kariera","status":"publish","type":"page","link":"https:\/\/min-pan.krakow.pl\/instytut\/kariera\/","title":{"rendered":"Kariera"},"content":{"rendered":"<p><\/p>\n<p class=\"downloadElemContainer2\"><a class=\"downloadElem pdf\" href=\"https:\/\/min-pan.krakow.pl\/instytut\/wp-content\/uploads\/sites\/2\/2026\/02\/Ogloszenie-o-prace_PZP_do-ogloszenia.pdf\" target=\"_blank\" rel=\"noopener\">\u00a0<\/a><cite>Komunikat nr 3\/2026_Instytut Gospodarki Surowcami Mineralnymi i Energi\u0105 Polskiej Akademii Nauk w Krakowie poszukuje Kandydatek\/Kandydat\u00f3w na Stanowisko ds. zam\u00f3wie\u0144 publicznych: Specjalista\/Specjalistka\/Starszy Specjalista\/Starsza Specjalistka<\/cite><\/p>\n<p><\/p>","protected":false},"excerpt":{"rendered":"<p>\u00a0Komunikat nr 3\/2026_Instytut Gospodarki Surowcami Mineralnymi i Energi\u0105 Polskiej Akademii Nauk w Krakowie poszukuje Kandydatek\/Kandydat\u00f3w na Stanowisko ds. zam\u00f3wie\u0144 publicznych: Specjalista\/Specjalistka\/Starszy Specjalista\/Starsza Specjalistka<\/p>\n","protected":false},"author":1,"featured_media":0,"parent":0,"menu_order":54,"comment_status":"closed","ping_status":"closed","template":"","meta":{"footnotes":""},"class_list":["post-293","page","type-page","status-publish","hentry"],"_links":{"self":[{"href":"https:\/\/min-pan.krakow.pl\/instytut\/wp-json\/wp\/v2\/pages\/293","targetHints":{"allow":["GET"]}}],"collection":[{"href":"https:\/\/min-pan.krakow.pl\/instytut\/wp-json\/wp\/v2\/pages"}],"about":[{"href":"https:\/\/min-pan.krakow.pl\/instytut\/wp-json\/wp\/v2\/types\/page"}],"author":[{"embeddable":true,"href":"https:\/\/min-pan.krakow.pl\/instytut\/wp-json\/wp\/v2\/users\/1"}],"replies":[{"embeddable":true,"href":"https:\/\/min-pan.krakow.pl\/instytut\/wp-json\/wp\/v2\/comments?post=293"}],"version-history":[{"count":178,"href":"https:\/\/min-pan.krakow.pl\/instytut\/wp-json\/wp\/v2\/pages\/293\/revisions"}],"predecessor-version":[{"id":2876,"href":"https:\/\/min-pan.krakow.pl\/instytut\/wp-json\/wp\/v2\/pages\/293\/revisions\/2876"}],"wp:attachment":[{"href":"https:\/\/min-pan.krakow.pl\/instytut\/wp-json\/wp\/v2\/media?parent=293"}],"curies":[{"name":"wp","href":"https:\/\/api.w.org\/{rel}","templated":true}]}}