{"id":2889,"date":"2026-03-27T22:20:58","date_gmt":"2026-03-27T21:20:58","guid":{"rendered":"https:\/\/min-pan.krakow.pl\/instytut\/?page_id=2889"},"modified":"2026-03-27T22:20:58","modified_gmt":"2026-03-27T21:20:58","slug":"swiadczenie-uslug-hotelarskich-i-restauracyjnych-podczas-xxxix-konferencji-z-cyklu-zagadnienia-surowcow-energetycznych-i-energii-w-gospodarce-krajowej_ao-271-2-26","status":"publish","type":"page","link":"https:\/\/min-pan.krakow.pl\/instytut\/zamowienia-publiczne\/zamowienia-pzp-3\/swiadczenie-uslug-hotelarskich-i-restauracyjnych-podczas-xxxix-konferencji-z-cyklu-zagadnienia-surowcow-energetycznych-i-energii-w-gospodarce-krajowej_ao-271-2-26\/","title":{"rendered":"\u015awiadczenie us\u0142ug hotelarskich i restauracyjnych podczas XXXIX Konferencji z cyklu: Zagadnienia Surowc\u00f3w Energetycznych i Energii w Gospodarce Krajowej_AO-271-2\/26"},"content":{"rendered":"<p>\u015awiadczenie us\u0142ug hotelarskich i restauracyjnych podczas XXXIX Konferencji z cyklu: Zagadnienia Surowc\u00f3w Energetycznych i Energii w Gospodarce Krajowej_AO-271-2\/26<\/p>\n<p class=\"downloadElemContainer2\"><a class=\"downloadElem pdf\" href=\"https:\/\/min-pan.krakow.pl\/instytut\/wp-content\/uploads\/sites\/2\/2026\/03\/2026_BZP-00175902_01.pdf\" target=\"_blank\" rel=\"noopener\">\u00a0<\/a><cite>2026_BZP 00175902_01<\/cite><\/p>\n<p>Informacje szczeg\u00f3\u0142owe oraz dokumenty do pobrania znajduj\u0105 si\u0119 <a href=\"https:\/\/platformazakupowa.pl\/transakcja\/1286306\">tutaj<\/a>.<\/p>","protected":false},"excerpt":{"rendered":"<p>\u015awiadczenie us\u0142ug hotelarskich i restauracyjnych podczas XXXIX Konferencji z cyklu: Zagadnienia Surowc\u00f3w Energetycznych i Energii w Gospodarce Krajowej_AO-271-2\/26 \u00a02026_BZP 00175902_01 Informacje szczeg\u00f3\u0142owe oraz dokumenty do pobrania znajduj\u0105 si\u0119 tutaj.<\/p>\n","protected":false},"author":4,"featured_media":0,"parent":1562,"menu_order":4,"comment_status":"closed","ping_status":"closed","template":"templates\/template-document.php","meta":{"footnotes":""},"class_list":["post-2889","page","type-page","status-publish","hentry"],"_links":{"self":[{"href":"https:\/\/min-pan.krakow.pl\/instytut\/wp-json\/wp\/v2\/pages\/2889","targetHints":{"allow":["GET"]}}],"collection":[{"href":"https:\/\/min-pan.krakow.pl\/instytut\/wp-json\/wp\/v2\/pages"}],"about":[{"href":"https:\/\/min-pan.krakow.pl\/instytut\/wp-json\/wp\/v2\/types\/page"}],"author":[{"embeddable":true,"href":"https:\/\/min-pan.krakow.pl\/instytut\/wp-json\/wp\/v2\/users\/4"}],"replies":[{"embeddable":true,"href":"https:\/\/min-pan.krakow.pl\/instytut\/wp-json\/wp\/v2\/comments?post=2889"}],"version-history":[{"count":1,"href":"https:\/\/min-pan.krakow.pl\/instytut\/wp-json\/wp\/v2\/pages\/2889\/revisions"}],"predecessor-version":[{"id":2891,"href":"https:\/\/min-pan.krakow.pl\/instytut\/wp-json\/wp\/v2\/pages\/2889\/revisions\/2891"}],"up":[{"embeddable":true,"href":"https:\/\/min-pan.krakow.pl\/instytut\/wp-json\/wp\/v2\/pages\/1562"}],"wp:attachment":[{"href":"https:\/\/min-pan.krakow.pl\/instytut\/wp-json\/wp\/v2\/media?parent=2889"}],"curies":[{"name":"wp","href":"https:\/\/api.w.org\/{rel}","templated":true}]}}