{"id":2819,"date":"2025-09-15T20:11:37","date_gmt":"2025-09-15T18:11:37","guid":{"rendered":"https:\/\/min-pan.krakow.pl\/instytut\/?page_id=2819"},"modified":"2025-09-17T17:48:18","modified_gmt":"2025-09-17T15:48:18","slug":"zapytanie-nr-62-organizacja-uroczystej-kolacji-gala-dinner-na-potrzeby-konferencji-pod-nazwa-konferencja-euindtech2025-technologie-przemyslowe-i-materialy-dla-zrownowazonej-euro-2","status":"publish","type":"page","link":"https:\/\/min-pan.krakow.pl\/instytut\/zamowienia-publiczne\/zapytania-ofertowe-2\/zapytanie-nr-62-organizacja-uroczystej-kolacji-gala-dinner-na-potrzeby-konferencji-pod-nazwa-konferencja-euindtech2025-technologie-przemyslowe-i-materialy-dla-zrownowazonej-euro-2\/","title":{"rendered":"Zapytanie nr 63: Us\u0142uga cateringowa i gastronomiczna podczas konferencji pod nazw\u0105 \u201ePolski Kongres G\u00f3rniczy 2025&#8243;"},"content":{"rendered":"<p><\/p>\n<p class=\"downloadElemContainer2\"><a class=\"downloadElem pdf\" href=\"https:\/\/min-pan.krakow.pl\/instytut\/wp-content\/uploads\/sites\/2\/2025\/09\/Zapytanie-ofertowe_IGSMiE-PAN.pdf\" target=\"_blank\" rel=\"noopener\">\u00a0<\/a><cite>Zapytanie ofertowe_IGSMiE PAN<\/cite><\/p>\n<p class=\"downloadElemContainer2\"><a class=\"downloadElem pdf\" href=\"https:\/\/min-pan.krakow.pl\/instytut\/wp-content\/uploads\/sites\/2\/2025\/09\/Zalacznik-nr-1_Opis-przedmiotu-zamowienia.pdf\" target=\"_blank\" rel=\"noopener\">\u00a0<\/a><cite>Za\u0142\u0105cznik nr 1_Opis przedmiotu zam\u00f3wienia<\/cite><\/p>\n<p class=\"downloadElemContainer2\"><a class=\"downloadElem docx\" href=\"https:\/\/min-pan.krakow.pl\/instytut\/wp-content\/uploads\/sites\/2\/2025\/09\/Zalacznik-nr-2_Formularz-ofertowy-1.docx\" target=\"_blank\" rel=\"noopener\">\u00a0<\/a><cite>Za\u0142\u0105cznik nr 2_Formularz ofertowy<\/cite><\/p>\n<p class=\"downloadElemContainer2\"><a class=\"downloadElem docx\" href=\"https:\/\/min-pan.krakow.pl\/instytut\/wp-content\/uploads\/sites\/2\/2025\/09\/Zalacznik-nr-3_Oswiadczenie-o-spelnieniu-warunkow-udzialu-1.docx\" target=\"_blank\" rel=\"noopener\">\u00a0<\/a><cite>Za\u0142\u0105cznik nr 3_O\u015bwiadczenie o spe\u0142nieniu warunk\u00f3w udzia\u0142u<\/cite><\/p>\n<p class=\"downloadElemContainer2\"><a class=\"downloadElem docx\" href=\"https:\/\/min-pan.krakow.pl\/instytut\/wp-content\/uploads\/sites\/2\/2025\/09\/Zalacznik-nr-4_Oswiadczenie-o-braku-powiazan.docx\" target=\"_blank\" rel=\"noopener\">\u00a0<\/a><cite>Za\u0142\u0105cznik nr 4_O\u015bwiadczenie o braku powi\u0105za\u0144<\/cite><\/p>\n<p class=\"downloadElemContainer2\"><a class=\"downloadElem pdf\" href=\"https:\/\/min-pan.krakow.pl\/instytut\/wp-content\/uploads\/sites\/2\/2025\/09\/Zalacznik-nr-5_Wzor-umowy.pdf\" target=\"_blank\" rel=\"noopener\">\u00a0<\/a><cite>Za\u0142\u0105cznik nr 5_Wz\u00f3r umowy<\/cite><\/p>\n<p class=\"downloadElemContainer2\"><a class=\"downloadElem pdf\" href=\"https:\/\/min-pan.krakow.pl\/instytut\/wp-content\/uploads\/sites\/2\/2025\/09\/Zawiadomienie-o-wyborze-najkorzystniejszej-oferty_Polski-Kongres-Gorniczy-2025-sig.pdf\" target=\"_blank\" rel=\"noopener\">\u00a0<\/a><cite>Zawiadomienie o wyborze najkorzystniejszej oferty_Polski Kongres G\u00f3rniczy 2025-sig<\/cite><\/p>\n<p><\/p>","protected":false},"excerpt":{"rendered":"<p>\u00a0Zapytanie ofertowe_IGSMiE PAN \u00a0Za\u0142\u0105cznik nr 1_Opis przedmiotu zam\u00f3wienia \u00a0Za\u0142\u0105cznik nr 2_Formularz ofertowy \u00a0Za\u0142\u0105cznik nr 3_O\u015bwiadczenie o spe\u0142nieniu warunk\u00f3w udzia\u0142u \u00a0Za\u0142\u0105cznik nr 4_O\u015bwiadczenie o braku powi\u0105za\u0144 \u00a0Za\u0142\u0105cznik nr 5_Wz\u00f3r umowy \u00a0Zawiadomienie o wyborze najkorzystniejszej oferty_Polski Kongres G\u00f3rniczy 2025-sig<\/p>\n","protected":false},"author":4,"featured_media":0,"parent":1564,"menu_order":40,"comment_status":"closed","ping_status":"closed","template":"templates\/template-document.php","meta":{"footnotes":""},"class_list":["post-2819","page","type-page","status-publish","hentry"],"_links":{"self":[{"href":"https:\/\/min-pan.krakow.pl\/instytut\/wp-json\/wp\/v2\/pages\/2819","targetHints":{"allow":["GET"]}}],"collection":[{"href":"https:\/\/min-pan.krakow.pl\/instytut\/wp-json\/wp\/v2\/pages"}],"about":[{"href":"https:\/\/min-pan.krakow.pl\/instytut\/wp-json\/wp\/v2\/types\/page"}],"author":[{"embeddable":true,"href":"https:\/\/min-pan.krakow.pl\/instytut\/wp-json\/wp\/v2\/users\/4"}],"replies":[{"embeddable":true,"href":"https:\/\/min-pan.krakow.pl\/instytut\/wp-json\/wp\/v2\/comments?post=2819"}],"version-history":[{"count":3,"href":"https:\/\/min-pan.krakow.pl\/instytut\/wp-json\/wp\/v2\/pages\/2819\/revisions"}],"predecessor-version":[{"id":2835,"href":"https:\/\/min-pan.krakow.pl\/instytut\/wp-json\/wp\/v2\/pages\/2819\/revisions\/2835"}],"up":[{"embeddable":true,"href":"https:\/\/min-pan.krakow.pl\/instytut\/wp-json\/wp\/v2\/pages\/1564"}],"wp:attachment":[{"href":"https:\/\/min-pan.krakow.pl\/instytut\/wp-json\/wp\/v2\/media?parent=2819"}],"curies":[{"name":"wp","href":"https:\/\/api.w.org\/{rel}","templated":true}]}}