{"id":2811,"date":"2025-06-12T22:57:47","date_gmt":"2025-06-12T20:57:47","guid":{"rendered":"https:\/\/min-pan.krakow.pl\/instytut\/?page_id=2811"},"modified":"2025-06-12T22:57:57","modified_gmt":"2025-06-12T20:57:57","slug":"swiadczenie-uslug-hotelarskich-i-restauracyjnych-w-krakowie-podczas-trwania-xxxv-konferencji-z-cyklu-szkola-eksploatacji-podziemnej-w-dniach-23-25-lutego-2026-r-_ao-271-5-25","status":"publish","type":"page","link":"https:\/\/min-pan.krakow.pl\/instytut\/zamowienia-publiczne\/zamowienia-pzp-3\/swiadczenie-uslug-hotelarskich-i-restauracyjnych-w-krakowie-podczas-trwania-xxxv-konferencji-z-cyklu-szkola-eksploatacji-podziemnej-w-dniach-23-25-lutego-2026-r-_ao-271-5-25\/","title":{"rendered":"\u015awiadczenie us\u0142ug hotelarskich i restauracyjnych w Krakowie podczas trwania XXXV konferencji z cyklu: \u201eSzko\u0142a Eksploatacji Podziemnej\u201d w dniach 23-25 lutego 2026 r. _AO-271-5\/25"},"content":{"rendered":"<p>\u015awiadczenie us\u0142ug hotelarskich i restauracyjnych w Krakowie podczas trwania XXXV konferencji z cyklu: \u201eSzko\u0142a Eksploatacji Podziemnej\u201d<br \/>\nw dniach 23-25 lutego 2026 r._AO-271-5\/25<\/p>\n<p class=\"downloadElemContainer2\"><a class=\"downloadElem pdf\" href=\"https:\/\/min-pan.krakow.pl\/instytut\/wp-content\/uploads\/sites\/2\/2025\/06\/2025_BZP-00276765_01.pdf\" target=\"_blank\" rel=\"noopener\">\u00a0<\/a><cite>2025_BZP 00276765_01<\/cite><\/p>\n<p>Informacje szczeg\u00f3\u0142owe oraz dokumenty do pobrania znajduj\u0105 si\u0119 <a href=\"https:\/\/platformazakupowa.pl\/transakcja\/1127246\">tutaj<\/a>.<\/p>","protected":false},"excerpt":{"rendered":"<p>\u015awiadczenie us\u0142ug hotelarskich i restauracyjnych w Krakowie podczas trwania XXXV konferencji z cyklu: \u201eSzko\u0142a Eksploatacji Podziemnej\u201d w dniach 23-25 lutego 2026 r._AO-271-5\/25 \u00a02025_BZP 00276765_01 Informacje szczeg\u00f3\u0142owe oraz dokumenty do pobrania znajduj\u0105 si\u0119 tutaj.<\/p>\n","protected":false},"author":4,"featured_media":0,"parent":1562,"menu_order":7,"comment_status":"closed","ping_status":"closed","template":"templates\/template-document.php","meta":{"footnotes":""},"class_list":["post-2811","page","type-page","status-publish","hentry"],"_links":{"self":[{"href":"https:\/\/min-pan.krakow.pl\/instytut\/wp-json\/wp\/v2\/pages\/2811","targetHints":{"allow":["GET"]}}],"collection":[{"href":"https:\/\/min-pan.krakow.pl\/instytut\/wp-json\/wp\/v2\/pages"}],"about":[{"href":"https:\/\/min-pan.krakow.pl\/instytut\/wp-json\/wp\/v2\/types\/page"}],"author":[{"embeddable":true,"href":"https:\/\/min-pan.krakow.pl\/instytut\/wp-json\/wp\/v2\/users\/4"}],"replies":[{"embeddable":true,"href":"https:\/\/min-pan.krakow.pl\/instytut\/wp-json\/wp\/v2\/comments?post=2811"}],"version-history":[{"count":1,"href":"https:\/\/min-pan.krakow.pl\/instytut\/wp-json\/wp\/v2\/pages\/2811\/revisions"}],"predecessor-version":[{"id":2813,"href":"https:\/\/min-pan.krakow.pl\/instytut\/wp-json\/wp\/v2\/pages\/2811\/revisions\/2813"}],"up":[{"embeddable":true,"href":"https:\/\/min-pan.krakow.pl\/instytut\/wp-json\/wp\/v2\/pages\/1562"}],"wp:attachment":[{"href":"https:\/\/min-pan.krakow.pl\/instytut\/wp-json\/wp\/v2\/media?parent=2811"}],"curies":[{"name":"wp","href":"https:\/\/api.w.org\/{rel}","templated":true}]}}