{"id":2768,"date":"2025-05-06T23:17:46","date_gmt":"2025-05-06T21:17:46","guid":{"rendered":"https:\/\/min-pan.krakow.pl\/instytut\/?page_id=2768"},"modified":"2025-05-12T13:08:22","modified_gmt":"2025-05-12T11:08:22","slug":"zapytanie-nr-62-organizacja-uroczystej-kolacji-gala-dinner-na-potrzeby-konferencji-pod-nazwa-konferencja-euindtech2025-technologie-przemyslowe-i-materialy-dla-zrownowazonej-euro","status":"publish","type":"page","link":"https:\/\/min-pan.krakow.pl\/instytut\/zamowienia-publiczne\/zapytania-ofertowe-2\/zapytanie-nr-62-organizacja-uroczystej-kolacji-gala-dinner-na-potrzeby-konferencji-pod-nazwa-konferencja-euindtech2025-technologie-przemyslowe-i-materialy-dla-zrownowazonej-euro\/","title":{"rendered":"Zapytanie nr 62: Organizacja uroczystej kolacji (gala dinner) na potrzeby konferencji pod nazw\u0105: \u201eKonferencja EUIndTech2025 \u2013 technologie przemys\u0142owe i materia\u0142y dla zr\u00f3wnowa\u017conej Europy\u201d z okazji polskiej prezydencji w radzie Unii Europejskiej_AF-4520-4\/24"},"content":{"rendered":"<p><\/p>\n<p class=\"downloadElemContainer2\"><a class=\"downloadElem pdf\" href=\"https:\/\/min-pan.krakow.pl\/instytut\/wp-content\/uploads\/sites\/2\/2025\/05\/SWZ_uroczysta-kolacja_Prezydencja_w_UE_IGSMiE-PAN.pdf\" target=\"_blank\" rel=\"noopener\">\u00a0<\/a><cite>Specyfikacja warunk\u00f3w zam\u00f3wienia<\/cite><\/p>\n<p class=\"downloadElemContainer2\"><a class=\"downloadElem pdf\" href=\"https:\/\/min-pan.krakow.pl\/instytut\/wp-content\/uploads\/sites\/2\/2025\/05\/Zalacznik-nr-1_Opis_przedmiotu_zamowienia_organizacja-uroczystej-kolacji_IGSMiE-PAN.pdf\" target=\"_blank\" rel=\"noopener\">\u00a0<\/a><cite>Za\u0142\u0105cznik nr 1_Opis przedmiotu zam\u00f3wienia<\/cite><\/p>\n<p class=\"downloadElemContainer2\"><a class=\"downloadElem docx\" href=\"https:\/\/min-pan.krakow.pl\/instytut\/wp-content\/uploads\/sites\/2\/2025\/05\/Zalacznik-nr-2_Formularz-ofertowy-2.docx\" target=\"_blank\" rel=\"noopener\">\u00a0<\/a><cite>Za\u0142\u0105cznik nr 2_Formularz ofertowy<\/cite><\/p>\n<p class=\"downloadElemContainer2\"><a class=\"downloadElem pdf\" href=\"https:\/\/min-pan.krakow.pl\/instytut\/wp-content\/uploads\/sites\/2\/2025\/05\/Zawiadomienie-o-udzieleniu-zamowienia_Uroczysta-kolacja_IGSMiE-PAN.pdf\" target=\"_blank\" rel=\"noopener\">\u00a0<\/a><cite>Zawiadomienie o udzieleniu zam\u00f3wienia_IGSMiE PAN<\/cite><\/p>\n<p>&nbsp;<\/p>","protected":false},"excerpt":{"rendered":"<p>\u00a0Specyfikacja warunk\u00f3w zam\u00f3wienia \u00a0Za\u0142\u0105cznik nr 1_Opis przedmiotu zam\u00f3wienia \u00a0Za\u0142\u0105cznik nr 2_Formularz ofertowy \u00a0Zawiadomienie o udzieleniu zam\u00f3wienia_IGSMiE PAN &nbsp;<\/p>\n","protected":false},"author":4,"featured_media":0,"parent":1564,"menu_order":41,"comment_status":"closed","ping_status":"closed","template":"templates\/template-document.php","meta":{"footnotes":""},"class_list":["post-2768","page","type-page","status-publish","hentry"],"_links":{"self":[{"href":"https:\/\/min-pan.krakow.pl\/instytut\/wp-json\/wp\/v2\/pages\/2768","targetHints":{"allow":["GET"]}}],"collection":[{"href":"https:\/\/min-pan.krakow.pl\/instytut\/wp-json\/wp\/v2\/pages"}],"about":[{"href":"https:\/\/min-pan.krakow.pl\/instytut\/wp-json\/wp\/v2\/types\/page"}],"author":[{"embeddable":true,"href":"https:\/\/min-pan.krakow.pl\/instytut\/wp-json\/wp\/v2\/users\/4"}],"replies":[{"embeddable":true,"href":"https:\/\/min-pan.krakow.pl\/instytut\/wp-json\/wp\/v2\/comments?post=2768"}],"version-history":[{"count":2,"href":"https:\/\/min-pan.krakow.pl\/instytut\/wp-json\/wp\/v2\/pages\/2768\/revisions"}],"predecessor-version":[{"id":2785,"href":"https:\/\/min-pan.krakow.pl\/instytut\/wp-json\/wp\/v2\/pages\/2768\/revisions\/2785"}],"up":[{"embeddable":true,"href":"https:\/\/min-pan.krakow.pl\/instytut\/wp-json\/wp\/v2\/pages\/1564"}],"wp:attachment":[{"href":"https:\/\/min-pan.krakow.pl\/instytut\/wp-json\/wp\/v2\/media?parent=2768"}],"curies":[{"name":"wp","href":"https:\/\/api.w.org\/{rel}","templated":true}]}}