{"id":2760,"date":"2025-05-06T23:09:01","date_gmt":"2025-05-06T21:09:01","guid":{"rendered":"https:\/\/min-pan.krakow.pl\/instytut\/?page_id=2760"},"modified":"2025-05-12T10:47:36","modified_gmt":"2025-05-12T08:47:36","slug":"zapytanie-nr-61-wynajem-sal-konferencyjnych-w-krakowie-na-potrzeby-konferencji-pod-nazwa-konferencja-euindtech2025-technologie-przemyslowe-i-materialy-dla-zrownowazonej-europy","status":"publish","type":"page","link":"https:\/\/min-pan.krakow.pl\/instytut\/zamowienia-publiczne\/zapytania-ofertowe-2\/zapytanie-nr-61-wynajem-sal-konferencyjnych-w-krakowie-na-potrzeby-konferencji-pod-nazwa-konferencja-euindtech2025-technologie-przemyslowe-i-materialy-dla-zrownowazonej-europy\/","title":{"rendered":"Zapytanie nr 61: Obs\u0142uga techniczna na potrzeby konferencji pod nazw\u0105: \u201eKonferencja EUIndTech2025 \u2013 technologie przemys\u0142owe i materia\u0142y dla zr\u00f3wnowa\u017conej Europy\u201d z okazji polskiej prezydencji w radzie Unii Europejskiej_AF-4520-3\/24"},"content":{"rendered":"<p><\/p>\n<p class=\"downloadElemContainer2\"><a class=\"downloadElem pdf\" href=\"https:\/\/min-pan.krakow.pl\/instytut\/wp-content\/uploads\/sites\/2\/2025\/05\/SWZ_obsluga-techniczna_Prezydencja_w_UE_IGSMiE-PAN.pdf\" target=\"_blank\" rel=\"noopener\">\u00a0<\/a><cite>Specyfikacja warunk\u00f3w zam\u00f3wienia<\/cite><\/p>\n<p class=\"downloadElemContainer2\"><a class=\"downloadElem pdf\" href=\"https:\/\/min-pan.krakow.pl\/instytut\/wp-content\/uploads\/sites\/2\/2025\/05\/Zalacznik-nr-1_Opis-przedmiotu-zamowienia-IGSMiE-PAN.pdf\" target=\"_blank\" rel=\"noopener\">\u00a0<\/a><cite>Za\u0142\u0105cznik nr 1_Opis przedmiotu zam\u00f3wienia IGSMiE PAN<\/cite><\/p>\n<p class=\"downloadElemContainer2\"><a class=\"downloadElem docx\" href=\"https:\/\/min-pan.krakow.pl\/instytut\/wp-content\/uploads\/sites\/2\/2025\/05\/Zalacznik-nr-2_Formularz-ofertowy-1.docx\" target=\"_blank\" rel=\"noopener\">\u00a0<\/a><cite>Za\u0142\u0105cznik nr 2_Formularz ofertowy<\/cite><\/p>\n<p class=\"downloadElemContainer2\"><a class=\"downloadElem pdf\" href=\"https:\/\/min-pan.krakow.pl\/instytut\/wp-content\/uploads\/sites\/2\/2025\/05\/Zawiadomienie-o-udzieleniu-zamowienia_Obsluga-techniczna_IGSMiE-PAN.pdf\" target=\"_blank\" rel=\"noopener\">\u00a0<\/a><cite>Zawiadomienie o udzieleniu zam\u00f3wienia_IGSMiE PAN<\/cite><\/p>\n<p><\/p>","protected":false},"excerpt":{"rendered":"<p>\u00a0Specyfikacja warunk\u00f3w zam\u00f3wienia \u00a0Za\u0142\u0105cznik nr 1_Opis przedmiotu zam\u00f3wienia IGSMiE PAN \u00a0Za\u0142\u0105cznik nr 2_Formularz ofertowy \u00a0Zawiadomienie o udzieleniu zam\u00f3wienia_IGSMiE PAN<\/p>\n","protected":false},"author":4,"featured_media":0,"parent":1564,"menu_order":42,"comment_status":"closed","ping_status":"closed","template":"templates\/template-document.php","meta":{"footnotes":""},"class_list":["post-2760","page","type-page","status-publish","hentry"],"_links":{"self":[{"href":"https:\/\/min-pan.krakow.pl\/instytut\/wp-json\/wp\/v2\/pages\/2760","targetHints":{"allow":["GET"]}}],"collection":[{"href":"https:\/\/min-pan.krakow.pl\/instytut\/wp-json\/wp\/v2\/pages"}],"about":[{"href":"https:\/\/min-pan.krakow.pl\/instytut\/wp-json\/wp\/v2\/types\/page"}],"author":[{"embeddable":true,"href":"https:\/\/min-pan.krakow.pl\/instytut\/wp-json\/wp\/v2\/users\/4"}],"replies":[{"embeddable":true,"href":"https:\/\/min-pan.krakow.pl\/instytut\/wp-json\/wp\/v2\/comments?post=2760"}],"version-history":[{"count":4,"href":"https:\/\/min-pan.krakow.pl\/instytut\/wp-json\/wp\/v2\/pages\/2760\/revisions"}],"predecessor-version":[{"id":2786,"href":"https:\/\/min-pan.krakow.pl\/instytut\/wp-json\/wp\/v2\/pages\/2760\/revisions\/2786"}],"up":[{"embeddable":true,"href":"https:\/\/min-pan.krakow.pl\/instytut\/wp-json\/wp\/v2\/pages\/1564"}],"wp:attachment":[{"href":"https:\/\/min-pan.krakow.pl\/instytut\/wp-json\/wp\/v2\/media?parent=2760"}],"curies":[{"name":"wp","href":"https:\/\/api.w.org\/{rel}","templated":true}]}}