{"id":2742,"date":"2025-04-17T22:05:58","date_gmt":"2025-04-17T20:05:58","guid":{"rendered":"https:\/\/min-pan.krakow.pl\/instytut\/?page_id=2742"},"modified":"2025-04-28T16:23:54","modified_gmt":"2025-04-28T14:23:54","slug":"zapytanie-nr-60-usluga-naukowo-badawcza-polegajaca-na-sporzadzeniu-raportu-dotyczacego-odzialywania-eksploatacji-gorniczej-w-rejonie-kopalni-bogdanka-na-system-wod-powierzchniowych","status":"publish","type":"page","link":"https:\/\/min-pan.krakow.pl\/instytut\/zamowienia-publiczne\/zapytania-ofertowe-2\/zapytanie-nr-60-usluga-naukowo-badawcza-polegajaca-na-sporzadzeniu-raportu-dotyczacego-odzialywania-eksploatacji-gorniczej-w-rejonie-kopalni-bogdanka-na-system-wod-powierzchniowych\/","title":{"rendered":"Zapytanie nr 60: Us\u0142uga naukowo-badawcza polegaj\u0105c\u0105 na sporz\u0105dzeniu raportu dotycz\u0105cego odzia\u0142ywania eksploatacji g\u00f3rniczej w rejonie kopalni \u201eBogdanka\u201d na system w\u00f3d powierzchniowych, w\u00f3d p\u0142ytkich, dzia\u0142y wodne rejonu oraz jezioro Piaseczno"},"content":{"rendered":"<p><\/p>\n<p class=\"downloadElemContainer2\"><a class=\"downloadElem pdf\" href=\"https:\/\/min-pan.krakow.pl\/instytut\/wp-content\/uploads\/sites\/2\/2025\/04\/Zapytanie-ofertowe_AF-4300-103-2024.pdf\" target=\"_blank\" rel=\"noopener\">\u00a0<\/a><cite>Zapytanie ofertowe_AF-4300-103-2024<\/cite><\/p>\n<p class=\"downloadElemContainer2\"><a class=\"downloadElem docx\" href=\"https:\/\/min-pan.krakow.pl\/instytut\/wp-content\/uploads\/sites\/2\/2025\/04\/Zal.1.-Formularz-cenowy_AF-4300-103-2024.docx\" target=\"_blank\" rel=\"noopener\">\u00a0<\/a><cite>Za\u0142.1. Formularz cenowy_AF-4300-103-2024<\/cite><\/p>\n<p class=\"downloadElemContainer2\"><a class=\"downloadElem docx\" href=\"https:\/\/min-pan.krakow.pl\/instytut\/wp-content\/uploads\/sites\/2\/2025\/04\/Zal.-2-Oswiadczenie-o-spelnieniu-warunkow-udzialu-w-postepowaniu_AF-4300-103-2024.docx\" target=\"_blank\" rel=\"noopener\">\u00a0<\/a><cite>Za\u0142. 2 O\u015bwiadczenie o spe\u0142nieniu warunk\u00f3w udzia\u0142u w post\u0119powaniu_AF-4300-103-2024<\/cite><\/p>\n<p class=\"downloadElemContainer2\"><a class=\"downloadElem docx\" href=\"https:\/\/min-pan.krakow.pl\/instytut\/wp-content\/uploads\/sites\/2\/2025\/04\/Zal.-3-Oswiadczenie-o-braku-powiazan_AF-4300-103-2024.docx\" target=\"_blank\" rel=\"noopener\">\u00a0<\/a><cite>Za\u0142. 3 O\u015bwiadczenie o braku powi\u0105za\u0144_AF-4300-103-2024<\/cite><\/p>\n<p class=\"downloadElemContainer2\"><a class=\"downloadElem pdf\" href=\"https:\/\/min-pan.krakow.pl\/instytut\/wp-content\/uploads\/sites\/2\/2025\/04\/Zawiadomienie-o-wyborze-najkorzystniejszej-oferty_AF-4300-103-2024.pdf\" target=\"_blank\" rel=\"noopener\">\u00a0<\/a><cite>Zawiadomienie o wyborze najkorzystniejszej oferty_AF-4300-103-2024<\/cite><\/p>\n<p><\/p>","protected":false},"excerpt":{"rendered":"<p>\u00a0Zapytanie ofertowe_AF-4300-103-2024 \u00a0Za\u0142.1. Formularz cenowy_AF-4300-103-2024 \u00a0Za\u0142. 2 O\u015bwiadczenie o spe\u0142nieniu warunk\u00f3w udzia\u0142u w post\u0119powaniu_AF-4300-103-2024 \u00a0Za\u0142. 3 O\u015bwiadczenie o braku powi\u0105za\u0144_AF-4300-103-2024 \u00a0Zawiadomienie o wyborze najkorzystniejszej oferty_AF-4300-103-2024<\/p>\n","protected":false},"author":4,"featured_media":0,"parent":1564,"menu_order":43,"comment_status":"closed","ping_status":"closed","template":"templates\/template-document.php","meta":{"footnotes":""},"class_list":["post-2742","page","type-page","status-publish","hentry"],"_links":{"self":[{"href":"https:\/\/min-pan.krakow.pl\/instytut\/wp-json\/wp\/v2\/pages\/2742","targetHints":{"allow":["GET"]}}],"collection":[{"href":"https:\/\/min-pan.krakow.pl\/instytut\/wp-json\/wp\/v2\/pages"}],"about":[{"href":"https:\/\/min-pan.krakow.pl\/instytut\/wp-json\/wp\/v2\/types\/page"}],"author":[{"embeddable":true,"href":"https:\/\/min-pan.krakow.pl\/instytut\/wp-json\/wp\/v2\/users\/4"}],"replies":[{"embeddable":true,"href":"https:\/\/min-pan.krakow.pl\/instytut\/wp-json\/wp\/v2\/comments?post=2742"}],"version-history":[{"count":2,"href":"https:\/\/min-pan.krakow.pl\/instytut\/wp-json\/wp\/v2\/pages\/2742\/revisions"}],"predecessor-version":[{"id":2757,"href":"https:\/\/min-pan.krakow.pl\/instytut\/wp-json\/wp\/v2\/pages\/2742\/revisions\/2757"}],"up":[{"embeddable":true,"href":"https:\/\/min-pan.krakow.pl\/instytut\/wp-json\/wp\/v2\/pages\/1564"}],"wp:attachment":[{"href":"https:\/\/min-pan.krakow.pl\/instytut\/wp-json\/wp\/v2\/media?parent=2742"}],"curies":[{"name":"wp","href":"https:\/\/api.w.org\/{rel}","templated":true}]}}