{"id":2725,"date":"2025-04-02T20:30:40","date_gmt":"2025-04-02T18:30:40","guid":{"rendered":"https:\/\/min-pan.krakow.pl\/instytut\/?page_id=2725"},"modified":"2025-05-12T10:50:25","modified_gmt":"2025-05-12T08:50:25","slug":"zapytanie-nr-59-wynajem-sal-konferencyjnych-w-krakowie-na-potrzeby-konferencji-pod-nazwa-konferencja-euindtech2025-technologie-przemyslowe-i-materialy-dla-zrownowazonej-europy","status":"publish","type":"page","link":"https:\/\/min-pan.krakow.pl\/instytut\/zamowienia-publiczne\/zapytania-ofertowe-2\/zapytanie-nr-59-wynajem-sal-konferencyjnych-w-krakowie-na-potrzeby-konferencji-pod-nazwa-konferencja-euindtech2025-technologie-przemyslowe-i-materialy-dla-zrownowazonej-europy\/","title":{"rendered":"Zapytanie nr 59: Wynajem sal konferencyjnych w Krakowie na potrzeby konferencji pod nazw\u0105: \u201eKonferencja EUIndTech2025 \u2013 technologie przemys\u0142owe i materia\u0142y dla zr\u00f3wnowa\u017conej Europy\u201d z okazji polskiej prezydencji w radzie Unii Europejskiej_AF-4520-2\/24"},"content":{"rendered":"<p><\/p>\n<p class=\"downloadElemContainer2\"><a class=\"downloadElem pdf\" href=\"https:\/\/min-pan.krakow.pl\/instytut\/wp-content\/uploads\/sites\/2\/2025\/04\/SWZ_wynajmem_sali_konferencyjnej_Prezydencja_w_UE-sig.pdf\" target=\"_blank\" rel=\"noopener\">\u00a0<\/a><cite>Specyfikacja warunk\u00f3w zam\u00f3wienia<\/cite><\/p>\n<p class=\"downloadElemContainer2\"><a class=\"downloadElem pdf\" href=\"https:\/\/min-pan.krakow.pl\/instytut\/wp-content\/uploads\/sites\/2\/2025\/04\/Zalacznik-nr-1_Opis-przedmiotu-zamowienia.pdf\" target=\"_blank\" rel=\"noopener\">\u00a0<\/a><cite>Za\u0142\u0105cznik nr 1_Opis przedmiotu zam\u00f3wienia<\/cite><\/p>\n<p class=\"downloadElemContainer2\"><a class=\"downloadElem docx\" href=\"https:\/\/min-pan.krakow.pl\/instytut\/wp-content\/uploads\/sites\/2\/2025\/04\/Zalacznik-nr-2_-Formularz-ofertowy.docx\" target=\"_blank\" rel=\"noopener\">\u00a0<\/a><cite>Za\u0142\u0105cznik nr 2_ Formularz ofertowy<\/cite><\/p>\n<p class=\"downloadElemContainer2\"><a class=\"downloadElem pdf\" href=\"https:\/\/min-pan.krakow.pl\/instytut\/wp-content\/uploads\/sites\/2\/2025\/04\/Pismo_przedluzenie-terminu-skladania-ofert.pdf\" target=\"_blank\" rel=\"noopener\">\u00a0<\/a><cite>Pismo_przed\u0142u\u017cenie terminu sk\u0142adania ofert<\/cite><\/p>\n<p class=\"downloadElemContainer2\"><a class=\"downloadElem pdf\" href=\"https:\/\/min-pan.krakow.pl\/instytut\/wp-content\/uploads\/sites\/2\/2025\/05\/Informacja_o_udzieleniu_zamowienia_IGSMiE_PAN_15-kwietnia-2025-r.pdf\" target=\"_blank\" rel=\"noopener\">\u00a0<\/a><cite>Zawiadomienie o udzieleniu zam\u00f3wienia_IGSMiE PAN<\/cite><\/p>\n<p class=\"downloadElemContainer2\">\n<p><\/p>","protected":false},"excerpt":{"rendered":"<p>\u00a0Specyfikacja warunk\u00f3w zam\u00f3wienia \u00a0Za\u0142\u0105cznik nr 1_Opis przedmiotu zam\u00f3wienia \u00a0Za\u0142\u0105cznik nr 2_ Formularz ofertowy \u00a0Pismo_przed\u0142u\u017cenie terminu sk\u0142adania ofert \u00a0Zawiadomienie o udzieleniu zam\u00f3wienia_IGSMiE PAN<\/p>\n","protected":false},"author":4,"featured_media":0,"parent":1564,"menu_order":67,"comment_status":"closed","ping_status":"closed","template":"templates\/template-document.php","meta":{"footnotes":""},"class_list":["post-2725","page","type-page","status-publish","hentry"],"_links":{"self":[{"href":"https:\/\/min-pan.krakow.pl\/instytut\/wp-json\/wp\/v2\/pages\/2725","targetHints":{"allow":["GET"]}}],"collection":[{"href":"https:\/\/min-pan.krakow.pl\/instytut\/wp-json\/wp\/v2\/pages"}],"about":[{"href":"https:\/\/min-pan.krakow.pl\/instytut\/wp-json\/wp\/v2\/types\/page"}],"author":[{"embeddable":true,"href":"https:\/\/min-pan.krakow.pl\/instytut\/wp-json\/wp\/v2\/users\/4"}],"replies":[{"embeddable":true,"href":"https:\/\/min-pan.krakow.pl\/instytut\/wp-json\/wp\/v2\/comments?post=2725"}],"version-history":[{"count":9,"href":"https:\/\/min-pan.krakow.pl\/instytut\/wp-json\/wp\/v2\/pages\/2725\/revisions"}],"predecessor-version":[{"id":2783,"href":"https:\/\/min-pan.krakow.pl\/instytut\/wp-json\/wp\/v2\/pages\/2725\/revisions\/2783"}],"up":[{"embeddable":true,"href":"https:\/\/min-pan.krakow.pl\/instytut\/wp-json\/wp\/v2\/pages\/1564"}],"wp:attachment":[{"href":"https:\/\/min-pan.krakow.pl\/instytut\/wp-json\/wp\/v2\/media?parent=2725"}],"curies":[{"name":"wp","href":"https:\/\/api.w.org\/{rel}","templated":true}]}}