{"id":2722,"date":"2025-04-02T20:06:37","date_gmt":"2025-04-02T18:06:37","guid":{"rendered":"https:\/\/min-pan.krakow.pl\/instytut\/?page_id=2722"},"modified":"2025-04-02T20:06:37","modified_gmt":"2025-04-02T18:06:37","slug":"swiadczenie-uslug-hotelarskich-i-restauracyjnych-podczas-ii-kongresu-surowcowego-3-6-listopada-2025-r-_ao-271-2-25","status":"publish","type":"page","link":"https:\/\/min-pan.krakow.pl\/instytut\/zamowienia-publiczne\/zamowienia-pzp-3\/swiadczenie-uslug-hotelarskich-i-restauracyjnych-podczas-ii-kongresu-surowcowego-3-6-listopada-2025-r-_ao-271-2-25\/","title":{"rendered":"\u015awiadczenie us\u0142ug hotelarskich i restauracyjnych podczas II Kongresu Surowcowego (3-6 listopada 2025 r.)_AO-271-2\/25"},"content":{"rendered":"<p>\u015awiadczenie us\u0142ug hotelarskich i restauracyjnych podczas II Kongresu Surowcowego (3-6 listopada 2025 r.)_AO-271-2\/25<\/p>\n<p class=\"downloadElemContainer2\"><a class=\"downloadElem pdf\" href=\"https:\/\/min-pan.krakow.pl\/instytut\/wp-content\/uploads\/sites\/2\/2025\/04\/Ogloszenie-o-zamowieniu_AO-271-2-25.pdf\" target=\"_blank\" rel=\"noopener\">\u00a0<\/a><cite>Og\u0142oszenie o zam\u00f3wieniu_AO-271-2-25<\/cite><\/p>\n<p>Informacje szczeg\u00f3\u0142owe oraz dokumenty do pobrania znajduj\u0105 si\u0119 <a href=\"https:\/\/platformazakupowa.pl\/transakcja\/1089145\">tutaj<\/a>.<\/p>","protected":false},"excerpt":{"rendered":"<p>\u015awiadczenie us\u0142ug hotelarskich i restauracyjnych podczas II Kongresu Surowcowego (3-6 listopada 2025 r.)_AO-271-2\/25 \u00a0Og\u0142oszenie o zam\u00f3wieniu_AO-271-2-25 Informacje szczeg\u00f3\u0142owe oraz dokumenty do pobrania znajduj\u0105 si\u0119 tutaj.<\/p>\n","protected":false},"author":4,"featured_media":0,"parent":1562,"menu_order":14,"comment_status":"closed","ping_status":"closed","template":"templates\/template-document.php","meta":{"footnotes":""},"class_list":["post-2722","page","type-page","status-publish","hentry"],"_links":{"self":[{"href":"https:\/\/min-pan.krakow.pl\/instytut\/wp-json\/wp\/v2\/pages\/2722","targetHints":{"allow":["GET"]}}],"collection":[{"href":"https:\/\/min-pan.krakow.pl\/instytut\/wp-json\/wp\/v2\/pages"}],"about":[{"href":"https:\/\/min-pan.krakow.pl\/instytut\/wp-json\/wp\/v2\/types\/page"}],"author":[{"embeddable":true,"href":"https:\/\/min-pan.krakow.pl\/instytut\/wp-json\/wp\/v2\/users\/4"}],"replies":[{"embeddable":true,"href":"https:\/\/min-pan.krakow.pl\/instytut\/wp-json\/wp\/v2\/comments?post=2722"}],"version-history":[{"count":1,"href":"https:\/\/min-pan.krakow.pl\/instytut\/wp-json\/wp\/v2\/pages\/2722\/revisions"}],"predecessor-version":[{"id":2724,"href":"https:\/\/min-pan.krakow.pl\/instytut\/wp-json\/wp\/v2\/pages\/2722\/revisions\/2724"}],"up":[{"embeddable":true,"href":"https:\/\/min-pan.krakow.pl\/instytut\/wp-json\/wp\/v2\/pages\/1562"}],"wp:attachment":[{"href":"https:\/\/min-pan.krakow.pl\/instytut\/wp-json\/wp\/v2\/media?parent=2722"}],"curies":[{"name":"wp","href":"https:\/\/api.w.org\/{rel}","templated":true}]}}