{"id":2684,"date":"2025-03-03T15:06:46","date_gmt":"2025-03-03T14:06:46","guid":{"rendered":"https:\/\/min-pan.krakow.pl\/instytut\/?page_id=2684"},"modified":"2025-03-11T21:18:21","modified_gmt":"2025-03-11T20:18:21","slug":"zapytanie-nr-58-zapytanie-ofertowe-w-sprawie-swiadczenia-prac-na-stanowisku-specjalista-ka-br-ds-hybrydowych-systemow-energetycznych-1-af-411-19-9-22","status":"publish","type":"page","link":"https:\/\/min-pan.krakow.pl\/instytut\/zamowienia-publiczne\/zapytania-ofertowe-2\/zapytanie-nr-58-zapytanie-ofertowe-w-sprawie-swiadczenia-prac-na-stanowisku-specjalista-ka-br-ds-hybrydowych-systemow-energetycznych-1-af-411-19-9-22\/","title":{"rendered":"Zapytanie nr 58: Zapytanie ofertowe w sprawie \u015bwiadczenia prac na stanowisku: Specjalista\/ka B+R ds. hybrydowych system\u00f3w energetycznych 1- AF-411-19-9\/22"},"content":{"rendered":"<p><\/p>\n<p class=\"downloadElemContainer2\"><a class=\"downloadElem pdf\" href=\"https:\/\/min-pan.krakow.pl\/instytut\/wp-content\/uploads\/sites\/2\/2025\/03\/Zapytanie-ofertowe_Specjalistka_BR_1_AF-411-19-9-22.pdf\" target=\"_blank\" rel=\"noopener\">\u00a0<\/a><cite>Zapytanie ofertowe_Specjalistka_B+R_1_AF-411-19-9-22<\/cite><\/p>\n<p class=\"downloadElemContainer2\"><a class=\"downloadElem docx\" href=\"https:\/\/min-pan.krakow.pl\/instytut\/wp-content\/uploads\/sites\/2\/2025\/03\/Zalacznik-nr-1_Formularz-ofertowy_AF-411-19-9-22.docx\" target=\"_blank\" rel=\"noopener\">\u00a0<\/a><cite>Za\u0142\u0105cznik nr 1_Formularz ofertowy_AF-411-19-9-22<\/cite><\/p>\n<p class=\"downloadElemContainer2\"><a class=\"downloadElem docx\" href=\"https:\/\/min-pan.krakow.pl\/instytut\/wp-content\/uploads\/sites\/2\/2025\/03\/Zalacznik-nr-2_-Oswiadczenie-o-braku-powiazan-kapitalowych-i-osobowych_AF-411-19-9-22.docx\" target=\"_blank\" rel=\"noopener\">\u00a0<\/a><cite>Za\u0142\u0105cznik nr 2_ O\u015bwiadczenie o braku powi\u0105za\u0144 kapita\u0142owych i osobowych_AF-411-19-9-22<\/cite><\/p>\n<p class=\"downloadElemContainer2\"><a class=\"downloadElem docx\" href=\"https:\/\/min-pan.krakow.pl\/instytut\/wp-content\/uploads\/sites\/2\/2025\/03\/Zalacznik-nr-3_Oswiadczenie-o-braku-powiazan-z-Zamawiajacym_AF-411-19-9-22.docx\" target=\"_blank\" rel=\"noopener\">\u00a0<\/a><cite>Za\u0142\u0105cznik nr 3_O\u015bwiadczenie o braku powi\u0105za\u0144 z Zamawiaj\u0105cym_AF-411-19-9-22<\/cite><\/p>\n<p class=\"downloadElemContainer2\"><a class=\"downloadElem docx\" href=\"https:\/\/min-pan.krakow.pl\/instytut\/wp-content\/uploads\/sites\/2\/2025\/03\/Zalacznik-nr-4_-Dokumenty-potwierdzajace-doswiadczenie-zawodowe-i-kwalifikacje_AF-411-19-9-22.docx\" target=\"_blank\" rel=\"noopener\">\u00a0<\/a><cite>Za\u0142\u0105cznik nr 4_ Dokumenty potwierdzaj\u0105ce do\u015bwiadczenie zawodowe i kwalifikacje_AF-411-19-9-22<\/cite><\/p>\n<p class=\"downloadElemContainer2\"><a class=\"downloadElem pdf\" href=\"https:\/\/min-pan.krakow.pl\/instytut\/wp-content\/uploads\/sites\/2\/2025\/03\/Zawiadomienie-o-wyborze-najkorzystniejszej-oferty_Specjalista_BR_1_AF-411-19-9-22.pdf\" target=\"_blank\" rel=\"noopener\">\u00a0<\/a><cite>Zawiadomienie o wyborze najkorzystniejszej oferty_Specjalista_B+R_1_AF-411-19-9-22<\/cite><\/p>\n<p><\/p>","protected":false},"excerpt":{"rendered":"<p>\u00a0Zapytanie ofertowe_Specjalistka_B+R_1_AF-411-19-9-22 \u00a0Za\u0142\u0105cznik nr 1_Formularz ofertowy_AF-411-19-9-22 \u00a0Za\u0142\u0105cznik nr 2_ O\u015bwiadczenie o braku powi\u0105za\u0144 kapita\u0142owych i osobowych_AF-411-19-9-22 \u00a0Za\u0142\u0105cznik nr 3_O\u015bwiadczenie o braku powi\u0105za\u0144 z Zamawiaj\u0105cym_AF-411-19-9-22 \u00a0Za\u0142\u0105cznik nr 4_ Dokumenty potwierdzaj\u0105ce do\u015bwiadczenie zawodowe i kwalifikacje_AF-411-19-9-22 \u00a0Zawiadomienie o wyborze najkorzystniejszej oferty_Specjalista_B+R_1_AF-411-19-9-22<\/p>\n","protected":false},"author":4,"featured_media":0,"parent":1564,"menu_order":68,"comment_status":"closed","ping_status":"closed","template":"templates\/template-document.php","meta":{"footnotes":""},"class_list":["post-2684","page","type-page","status-publish","hentry"],"_links":{"self":[{"href":"https:\/\/min-pan.krakow.pl\/instytut\/wp-json\/wp\/v2\/pages\/2684","targetHints":{"allow":["GET"]}}],"collection":[{"href":"https:\/\/min-pan.krakow.pl\/instytut\/wp-json\/wp\/v2\/pages"}],"about":[{"href":"https:\/\/min-pan.krakow.pl\/instytut\/wp-json\/wp\/v2\/types\/page"}],"author":[{"embeddable":true,"href":"https:\/\/min-pan.krakow.pl\/instytut\/wp-json\/wp\/v2\/users\/4"}],"replies":[{"embeddable":true,"href":"https:\/\/min-pan.krakow.pl\/instytut\/wp-json\/wp\/v2\/comments?post=2684"}],"version-history":[{"count":2,"href":"https:\/\/min-pan.krakow.pl\/instytut\/wp-json\/wp\/v2\/pages\/2684\/revisions"}],"predecessor-version":[{"id":2696,"href":"https:\/\/min-pan.krakow.pl\/instytut\/wp-json\/wp\/v2\/pages\/2684\/revisions\/2696"}],"up":[{"embeddable":true,"href":"https:\/\/min-pan.krakow.pl\/instytut\/wp-json\/wp\/v2\/pages\/1564"}],"wp:attachment":[{"href":"https:\/\/min-pan.krakow.pl\/instytut\/wp-json\/wp\/v2\/media?parent=2684"}],"curies":[{"name":"wp","href":"https:\/\/api.w.org\/{rel}","templated":true}]}}