{"id":2666,"date":"2025-02-20T21:30:30","date_gmt":"2025-02-20T20:30:30","guid":{"rendered":"https:\/\/min-pan.krakow.pl\/instytut\/?page_id=2666"},"modified":"2025-03-01T20:59:04","modified_gmt":"2025-03-01T19:59:04","slug":"zapytanie-nr-56-zapytanie-ofertowe-w-sprawie-swiadczenia-prac-na-stanowisku-specjalista-ka-br-ds-hybrydowych-systemow-energetycznych-1-af-411-19-7-22","status":"publish","type":"page","link":"https:\/\/min-pan.krakow.pl\/instytut\/zamowienia-publiczne\/zapytania-ofertowe-2\/zapytanie-nr-56-zapytanie-ofertowe-w-sprawie-swiadczenia-prac-na-stanowisku-specjalista-ka-br-ds-hybrydowych-systemow-energetycznych-1-af-411-19-7-22\/","title":{"rendered":"Zapytanie nr 56: Zapytanie ofertowe w sprawie \u015bwiadczenia prac na stanowisku: Specjalista\/ka B+R ds. hybrydowych system\u00f3w energetycznych 1- AF-411-19-7\/22"},"content":{"rendered":"<p><\/p>\n<p class=\"downloadElemContainer2\"><a class=\"downloadElem pdf\" href=\"https:\/\/min-pan.krakow.pl\/instytut\/wp-content\/uploads\/sites\/2\/2025\/02\/Zapytanie-ofertowe_Specjalistka_BR_1_AF-411-19-7-22-1.pdf\" target=\"_blank\" rel=\"noopener\">\u00a0<\/a><cite>Zapytanie ofertowe_Specjalistka_B+R_1_AF-411-19-7-22<\/cite><\/p>\n<p class=\"downloadElemContainer2\"><a class=\"downloadElem docx\" href=\"https:\/\/min-pan.krakow.pl\/instytut\/wp-content\/uploads\/sites\/2\/2025\/02\/Zalacznik-nr-1_Formularz-ofertowy_AF-411-19-7-22.docx\" target=\"_blank\" rel=\"noopener\">\u00a0<\/a><cite>Za\u0142\u0105cznik nr 1_Formularz ofertowy_AF-411-19-7-22<\/cite><\/p>\n<p class=\"downloadElemContainer2\"><a class=\"downloadElem docx\" href=\"https:\/\/min-pan.krakow.pl\/instytut\/wp-content\/uploads\/sites\/2\/2025\/02\/Zalacznik-nr-2_-Oswiadczenie-o-braku-powiazan-kapitalowych-i-osobowych_AF-411-19-7-22.docx\" target=\"_blank\" rel=\"noopener\">\u00a0<\/a><cite>Za\u0142\u0105cznik nr 2_ O\u015bwiadczenie o braku powi\u0105za\u0144 kapita\u0142owych i osobowych_AF-411-19-7-22<\/cite><\/p>\n<p class=\"downloadElemContainer2\"><a class=\"downloadElem docx\" href=\"https:\/\/min-pan.krakow.pl\/instytut\/wp-content\/uploads\/sites\/2\/2025\/02\/Zalacznik-nr-3_Oswiadczenie-o-braku-powiazan-z-Zamawiajacym.docx\" target=\"_blank\" rel=\"noopener\">\u00a0<\/a><cite>Za\u0142\u0105cznik nr 3_O\u015bwiadczenie o braku powi\u0105za\u0144 z Zamawiaj\u0105cym<\/cite><\/p>\n<p class=\"downloadElemContainer2\"><a class=\"downloadElem docx\" href=\"https:\/\/min-pan.krakow.pl\/instytut\/wp-content\/uploads\/sites\/2\/2025\/02\/Zalacznik-nr-4_-Dokumenty-potwierdzajace-doswiadczenie-zawodowe-i-kwalifikacje_AF-411-19-7-22.docx\" target=\"_blank\" rel=\"noopener\">\u00a0<\/a><cite>Za\u0142\u0105cznik nr 4_ Dokumenty potwierdzaj\u0105ce do\u015bwiadczenie zawodowe i kwalifikacje_AF-411-19-7-22<\/cite><\/p>\n<p class=\"downloadElemContainer2\"><a class=\"downloadElem pdf\" href=\"https:\/\/min-pan.krakow.pl\/instytut\/wp-content\/uploads\/sites\/2\/2025\/03\/Zawiadomienie-o-uniewaznieniu-oferty_Specjalista-BR-1_AF-411-19-7-22.pdf\" target=\"_blank\" rel=\"noopener\">\u00a0<\/a><cite>Zawiadomienie o uniewa\u017cnieniu oferty_Specjalista B+R 1_AF-411-19-7-22<\/cite><\/p>\n<p><\/p>","protected":false},"excerpt":{"rendered":"<p>\u00a0Zapytanie ofertowe_Specjalistka_B+R_1_AF-411-19-7-22 \u00a0Za\u0142\u0105cznik nr 1_Formularz ofertowy_AF-411-19-7-22 \u00a0Za\u0142\u0105cznik nr 2_ O\u015bwiadczenie o braku powi\u0105za\u0144 kapita\u0142owych i osobowych_AF-411-19-7-22 \u00a0Za\u0142\u0105cznik nr 3_O\u015bwiadczenie o braku powi\u0105za\u0144 z Zamawiaj\u0105cym \u00a0Za\u0142\u0105cznik nr 4_ Dokumenty potwierdzaj\u0105ce do\u015bwiadczenie zawodowe i kwalifikacje_AF-411-19-7-22 \u00a0Zawiadomienie o uniewa\u017cnieniu oferty_Specjalista B+R 1_AF-411-19-7-22<\/p>\n","protected":false},"author":4,"featured_media":0,"parent":1564,"menu_order":46,"comment_status":"closed","ping_status":"closed","template":"templates\/template-document.php","meta":{"footnotes":""},"class_list":["post-2666","page","type-page","status-publish","hentry"],"_links":{"self":[{"href":"https:\/\/min-pan.krakow.pl\/instytut\/wp-json\/wp\/v2\/pages\/2666","targetHints":{"allow":["GET"]}}],"collection":[{"href":"https:\/\/min-pan.krakow.pl\/instytut\/wp-json\/wp\/v2\/pages"}],"about":[{"href":"https:\/\/min-pan.krakow.pl\/instytut\/wp-json\/wp\/v2\/types\/page"}],"author":[{"embeddable":true,"href":"https:\/\/min-pan.krakow.pl\/instytut\/wp-json\/wp\/v2\/users\/4"}],"replies":[{"embeddable":true,"href":"https:\/\/min-pan.krakow.pl\/instytut\/wp-json\/wp\/v2\/comments?post=2666"}],"version-history":[{"count":3,"href":"https:\/\/min-pan.krakow.pl\/instytut\/wp-json\/wp\/v2\/pages\/2666\/revisions"}],"predecessor-version":[{"id":2674,"href":"https:\/\/min-pan.krakow.pl\/instytut\/wp-json\/wp\/v2\/pages\/2666\/revisions\/2674"}],"up":[{"embeddable":true,"href":"https:\/\/min-pan.krakow.pl\/instytut\/wp-json\/wp\/v2\/pages\/1564"}],"wp:attachment":[{"href":"https:\/\/min-pan.krakow.pl\/instytut\/wp-json\/wp\/v2\/media?parent=2666"}],"curies":[{"name":"wp","href":"https:\/\/api.w.org\/{rel}","templated":true}]}}