{"id":2607,"date":"2024-11-13T08:44:42","date_gmt":"2024-11-13T07:44:42","guid":{"rendered":"https:\/\/min-pan.krakow.pl\/instytut\/?page_id=2607"},"modified":"2024-11-13T08:44:42","modified_gmt":"2024-11-13T07:44:42","slug":"opracowanie-zaawansowanego-systemu-do-precyzyjnej-analizy-technologiczno-ekonomicznej-w-obszarze-gospodarki-wodorowej-pan_ao-271-5-24","status":"publish","type":"page","link":"https:\/\/min-pan.krakow.pl\/instytut\/zamowienia-publiczne\/zamowienia-pzp-3\/opracowanie-zaawansowanego-systemu-do-precyzyjnej-analizy-technologiczno-ekonomicznej-w-obszarze-gospodarki-wodorowej-pan_ao-271-5-24\/","title":{"rendered":"Opracowanie zaawansowanego systemu do precyzyjnej analizy technologiczno &#8211; ekonomicznej w obszarze gospodarki wodorowej \u2013 PAN_AO-271-5\/24"},"content":{"rendered":"<p>Opracowanie zaawansowanego systemu do precyzyjnej analizy technologiczno &#8211; ekonomicznej w obszarze gospodarki wodorowej \u2013 PAN_AO-271-5\/24<\/p>\n<p class=\"downloadElemContainer2\"><a class=\"downloadElem pdf\" href=\"https:\/\/min-pan.krakow.pl\/instytut\/wp-content\/uploads\/sites\/2\/2024\/11\/Ogloszenie-o-zamowieniu_2024_BZP-00590346_01.pdf\" target=\"_blank\" rel=\"noopener\">\u00a0<\/a><cite>Og\u0142oszenie o zam\u00f3wieniu_2024_BZP 00590346_01<\/cite><\/p>\n<p>Informacje szczeg\u00f3\u0142owe oraz dokumenty do pobrania znajduj\u0105 si\u0119 <a href=\"https:\/\/platformazakupowa.pl\/transakcja\/1015687\"><strong>tutaj<\/strong><\/a>.<\/p>","protected":false},"excerpt":{"rendered":"<p>Opracowanie zaawansowanego systemu do precyzyjnej analizy technologiczno &#8211; ekonomicznej w obszarze gospodarki wodorowej \u2013 PAN_AO-271-5\/24 \u00a0Og\u0142oszenie o zam\u00f3wieniu_2024_BZP 00590346_01 Informacje szczeg\u00f3\u0142owe oraz dokumenty do pobrania znajduj\u0105 si\u0119 tutaj.<\/p>\n","protected":false},"author":4,"featured_media":0,"parent":1562,"menu_order":21,"comment_status":"closed","ping_status":"closed","template":"templates\/template-document.php","meta":{"footnotes":""},"class_list":["post-2607","page","type-page","status-publish","hentry"],"_links":{"self":[{"href":"https:\/\/min-pan.krakow.pl\/instytut\/wp-json\/wp\/v2\/pages\/2607","targetHints":{"allow":["GET"]}}],"collection":[{"href":"https:\/\/min-pan.krakow.pl\/instytut\/wp-json\/wp\/v2\/pages"}],"about":[{"href":"https:\/\/min-pan.krakow.pl\/instytut\/wp-json\/wp\/v2\/types\/page"}],"author":[{"embeddable":true,"href":"https:\/\/min-pan.krakow.pl\/instytut\/wp-json\/wp\/v2\/users\/4"}],"replies":[{"embeddable":true,"href":"https:\/\/min-pan.krakow.pl\/instytut\/wp-json\/wp\/v2\/comments?post=2607"}],"version-history":[{"count":1,"href":"https:\/\/min-pan.krakow.pl\/instytut\/wp-json\/wp\/v2\/pages\/2607\/revisions"}],"predecessor-version":[{"id":2610,"href":"https:\/\/min-pan.krakow.pl\/instytut\/wp-json\/wp\/v2\/pages\/2607\/revisions\/2610"}],"up":[{"embeddable":true,"href":"https:\/\/min-pan.krakow.pl\/instytut\/wp-json\/wp\/v2\/pages\/1562"}],"wp:attachment":[{"href":"https:\/\/min-pan.krakow.pl\/instytut\/wp-json\/wp\/v2\/media?parent=2607"}],"curies":[{"name":"wp","href":"https:\/\/api.w.org\/{rel}","templated":true}]}}