{"id":2539,"date":"2024-08-02T21:18:18","date_gmt":"2024-08-02T19:18:18","guid":{"rendered":"https:\/\/min-pan.krakow.pl\/instytut\/?page_id=2539"},"modified":"2024-08-13T08:47:27","modified_gmt":"2024-08-13T06:47:27","slug":"dostawa-montaz-i-uruchomienie-komory-rekawicowej-wraz-z-wyposazeniem_ao-271-3-24","status":"publish","type":"page","link":"https:\/\/min-pan.krakow.pl\/instytut\/zamowienia-publiczne\/zamowienia-pzp-3\/dostawa-montaz-i-uruchomienie-komory-rekawicowej-wraz-z-wyposazeniem_ao-271-3-24\/","title":{"rendered":"Dostawa, monta\u017c i uruchomienie komory r\u0119kawicowej wraz z wyposa\u017ceniem_AO-271-3\/24"},"content":{"rendered":"<p>Dostawa, monta\u017c i uruchomienie komory r\u0119kawicowej wraz z wyposa\u017ceniem_AO-271-3\/24<\/p>\n<p class=\"downloadElemContainer2\"><a class=\"downloadElem pdf\" href=\"https:\/\/min-pan.krakow.pl\/instytut\/wp-content\/uploads\/sites\/2\/2024\/08\/Ogloszenie-o-zamowieniu_08dcb2ef-8412-8d82-d671-260001b148e6.pdf\" target=\"_blank\" rel=\"noopener\">\u00a0<\/a><cite>Og\u0142oszenie o zam\u00f3wieniu_08dcb2ef-8412-8d82-d671-260001b148e6<\/cite><\/p>\n<p class=\"downloadElemContainer2\"><a class=\"downloadElem pdf\" href=\"https:\/\/min-pan.krakow.pl\/instytut\/wp-content\/uploads\/sites\/2\/2024\/08\/Ogloszenie-o-zmianie-ogloszenia_08dcb7b6-bed0-45f4-d671-260001b16088.pdf\" target=\"_blank\" rel=\"noopener\">\u00a0<\/a><cite>Og\u0142oszenie o zmianie og\u0142oszenia_08dcb7b6-bed0-45f4-d671-260001b16088<\/cite><\/p>\n<p class=\"downloadElemContainer2\"><a class=\"downloadElem pdf\" href=\"https:\/\/min-pan.krakow.pl\/instytut\/wp-content\/uploads\/sites\/2\/2024\/08\/Ogloszenie-o-zmianie-ogloszenia_2024_BZP-00455023_01.pdf\" target=\"_blank\" rel=\"noopener\">\u00a0<\/a><cite>Og\u0142oszenie o zmianie og\u0142oszenia_2024_BZP 00455023_01<\/cite><\/p>\n<p>Informacje szczeg\u00f3\u0142owe oraz dokumenty do pobrania znajduj\u0105 si\u0119 <a href=\"https:\/\/platformazakupowa.pl\/transakcja\/963560\"><strong>tutaj<\/strong><\/a>.<\/p>","protected":false},"excerpt":{"rendered":"<p>Dostawa, monta\u017c i uruchomienie komory r\u0119kawicowej wraz z wyposa\u017ceniem_AO-271-3\/24 \u00a0Og\u0142oszenie o zam\u00f3wieniu_08dcb2ef-8412-8d82-d671-260001b148e6 \u00a0Og\u0142oszenie o zmianie og\u0142oszenia_08dcb7b6-bed0-45f4-d671-260001b16088 \u00a0Og\u0142oszenie o zmianie og\u0142oszenia_2024_BZP 00455023_01 Informacje szczeg\u00f3\u0142owe oraz dokumenty do pobrania znajduj\u0105 si\u0119 tutaj.<\/p>\n","protected":false},"author":4,"featured_media":0,"parent":1562,"menu_order":24,"comment_status":"closed","ping_status":"closed","template":"templates\/template-document.php","meta":{"footnotes":""},"class_list":["post-2539","page","type-page","status-publish","hentry"],"_links":{"self":[{"href":"https:\/\/min-pan.krakow.pl\/instytut\/wp-json\/wp\/v2\/pages\/2539","targetHints":{"allow":["GET"]}}],"collection":[{"href":"https:\/\/min-pan.krakow.pl\/instytut\/wp-json\/wp\/v2\/pages"}],"about":[{"href":"https:\/\/min-pan.krakow.pl\/instytut\/wp-json\/wp\/v2\/types\/page"}],"author":[{"embeddable":true,"href":"https:\/\/min-pan.krakow.pl\/instytut\/wp-json\/wp\/v2\/users\/4"}],"replies":[{"embeddable":true,"href":"https:\/\/min-pan.krakow.pl\/instytut\/wp-json\/wp\/v2\/comments?post=2539"}],"version-history":[{"count":3,"href":"https:\/\/min-pan.krakow.pl\/instytut\/wp-json\/wp\/v2\/pages\/2539\/revisions"}],"predecessor-version":[{"id":2547,"href":"https:\/\/min-pan.krakow.pl\/instytut\/wp-json\/wp\/v2\/pages\/2539\/revisions\/2547"}],"up":[{"embeddable":true,"href":"https:\/\/min-pan.krakow.pl\/instytut\/wp-json\/wp\/v2\/pages\/1562"}],"wp:attachment":[{"href":"https:\/\/min-pan.krakow.pl\/instytut\/wp-json\/wp\/v2\/media?parent=2539"}],"curies":[{"name":"wp","href":"https:\/\/api.w.org\/{rel}","templated":true}]}}