{"id":2533,"date":"2024-07-17T22:21:04","date_gmt":"2024-07-17T20:21:04","guid":{"rendered":"https:\/\/min-pan.krakow.pl\/instytut\/?page_id=2533"},"modified":"2024-07-17T22:21:04","modified_gmt":"2024-07-17T20:21:04","slug":"swiadczenie-uslug-hotelarskich-i-restauracyjnych-w-krakowie-podczas-trwania-xxxiv-konferencji-z-cyklu-szkola-eksploatacji-podziemnej-w-dniach-24-26-lutego-2025-r-_ao-271-2-24","status":"publish","type":"page","link":"https:\/\/min-pan.krakow.pl\/instytut\/zamowienia-publiczne\/zamowienia-pzp-3\/swiadczenie-uslug-hotelarskich-i-restauracyjnych-w-krakowie-podczas-trwania-xxxiv-konferencji-z-cyklu-szkola-eksploatacji-podziemnej-w-dniach-24-26-lutego-2025-r-_ao-271-2-24\/","title":{"rendered":"\u015awiadczenie us\u0142ug hotelarskich i restauracyjnych w Krakowie podczas trwania XXXIV konferencji z cyklu: \u201eSzko\u0142a Eksploatacji Podziemnej\u201d w dniach 24-26 lutego 2025 r._AO-271-2\/24"},"content":{"rendered":"<p>\u015awiadczenie us\u0142ug hotelarskich i restauracyjnych w Krakowie podczas trwania XXXIV konferencji z cyklu: \u201eSzko\u0142a Eksploatacji Podziemnej\u201d w dniach 24-26 lutego 2025 r._AO-271-2\/24<\/p>\n<p class=\"downloadElemContainer2\"><a class=\"downloadElem pdf\" href=\"https:\/\/min-pan.krakow.pl\/instytut\/wp-content\/uploads\/sites\/2\/2024\/07\/Ogloszenie_o_zamowieniu_AO-271-2-24.pdf\" target=\"_blank\" rel=\"noopener\">\u00a0<\/a><cite>Og\u0142oszenie_o_zam\u00f3wieniu_AO-271-2-24<\/cite><\/p>\n<p>Informacje szczeg\u00f3\u0142owe oraz dokumenty do pobrania znajduj\u0105 si\u0119 <a href=\"https:\/\/platformazakupowa.pl\/transakcja\/956347\"><strong>tutaj<\/strong><\/a>.<\/p>","protected":false},"excerpt":{"rendered":"<p>\u015awiadczenie us\u0142ug hotelarskich i restauracyjnych w Krakowie podczas trwania XXXIV konferencji z cyklu: \u201eSzko\u0142a Eksploatacji Podziemnej\u201d w dniach 24-26 lutego 2025 r._AO-271-2\/24 \u00a0Og\u0142oszenie_o_zam\u00f3wieniu_AO-271-2-24 Informacje szczeg\u00f3\u0142owe oraz dokumenty do pobrania znajduj\u0105 si\u0119 tutaj.<\/p>\n","protected":false},"author":4,"featured_media":0,"parent":1562,"menu_order":25,"comment_status":"closed","ping_status":"closed","template":"templates\/template-document.php","meta":{"footnotes":""},"class_list":["post-2533","page","type-page","status-publish","hentry"],"_links":{"self":[{"href":"https:\/\/min-pan.krakow.pl\/instytut\/wp-json\/wp\/v2\/pages\/2533","targetHints":{"allow":["GET"]}}],"collection":[{"href":"https:\/\/min-pan.krakow.pl\/instytut\/wp-json\/wp\/v2\/pages"}],"about":[{"href":"https:\/\/min-pan.krakow.pl\/instytut\/wp-json\/wp\/v2\/types\/page"}],"author":[{"embeddable":true,"href":"https:\/\/min-pan.krakow.pl\/instytut\/wp-json\/wp\/v2\/users\/4"}],"replies":[{"embeddable":true,"href":"https:\/\/min-pan.krakow.pl\/instytut\/wp-json\/wp\/v2\/comments?post=2533"}],"version-history":[{"count":1,"href":"https:\/\/min-pan.krakow.pl\/instytut\/wp-json\/wp\/v2\/pages\/2533\/revisions"}],"predecessor-version":[{"id":2535,"href":"https:\/\/min-pan.krakow.pl\/instytut\/wp-json\/wp\/v2\/pages\/2533\/revisions\/2535"}],"up":[{"embeddable":true,"href":"https:\/\/min-pan.krakow.pl\/instytut\/wp-json\/wp\/v2\/pages\/1562"}],"wp:attachment":[{"href":"https:\/\/min-pan.krakow.pl\/instytut\/wp-json\/wp\/v2\/media?parent=2533"}],"curies":[{"name":"wp","href":"https:\/\/api.w.org\/{rel}","templated":true}]}}