{"id":2478,"date":"2024-04-29T15:19:13","date_gmt":"2024-04-29T13:19:13","guid":{"rendered":"https:\/\/min-pan.krakow.pl\/instytut\/?page_id=2478"},"modified":"2024-05-17T14:03:37","modified_gmt":"2024-05-17T12:03:37","slug":"zapytanie-nr-51-zapytanie-ofertowe-w-sprawie-swiadczenia-prac-na-stanowisku-specjalista-ka-br-ds-hybrydowych-systemow-energetycznych-af-411-19-2-22","status":"publish","type":"page","link":"https:\/\/min-pan.krakow.pl\/instytut\/zamowienia-publiczne\/zapytania-ofertowe-2\/zapytanie-nr-51-zapytanie-ofertowe-w-sprawie-swiadczenia-prac-na-stanowisku-specjalista-ka-br-ds-hybrydowych-systemow-energetycznych-af-411-19-2-22\/","title":{"rendered":"Zapytanie nr 51: Zapytanie ofertowe w sprawie \u015bwiadczenia prac na stanowisku: Specjalista\/ka B+R ds. hybrydowych system\u00f3w energetycznych- AF-411-19-2\/22"},"content":{"rendered":"<p><\/p>\n<p class=\"downloadElemContainer2\"><a class=\"downloadElem pdf\" href=\"https:\/\/min-pan.krakow.pl\/instytut\/wp-content\/uploads\/sites\/2\/2024\/04\/Opis_przedmiotu_zamowienia_Specjalistka_BR_AF-411-19-2-22.pdf\" target=\"_blank\" rel=\"noopener\">\u00a0<\/a><cite>Opis_przedmiotu_zam\u00f3wienia_Specjalistka_B+R_AF-411-19-2-22<\/cite><\/p>\n<p class=\"downloadElemContainer2\"><a class=\"downloadElem docx\" href=\"https:\/\/min-pan.krakow.pl\/instytut\/wp-content\/uploads\/sites\/2\/2024\/04\/Zalacznik-1-Formularz-ofertowy_zlecenie_AF-411-19-2-22.docx\" target=\"_blank\" rel=\"noopener\">\u00a0<\/a><cite>Za\u0142\u0105cznik 1 &#8211; Formularz ofertowy_zlecenie_AF-411-19-2-22<\/cite><\/p>\n<p class=\"downloadElemContainer2\"><a class=\"downloadElem docx\" href=\"https:\/\/min-pan.krakow.pl\/instytut\/wp-content\/uploads\/sites\/2\/2024\/04\/Zalacznik-2-wzor-oswiadczenia-_-WYKLUCZENIE_AF-411-19-2-22.docx\" target=\"_blank\" rel=\"noopener\">\u00a0<\/a><cite>Za\u0142\u0105cznik 2 wz\u00f3r o\u015bwiadczenia _ WYKLUCZENIE_AF-411-19-2-22<\/cite><\/p>\n<p class=\"downloadElemContainer2\"><a class=\"downloadElem pdf\" href=\"https:\/\/min-pan.krakow.pl\/instytut\/wp-content\/uploads\/sites\/2\/2024\/04\/Umowa-zlecenia-z-rachunkiem-Specjalistka-BR-AF-411-19-2-22.pdf\" target=\"_blank\" rel=\"noopener\">\u00a0<\/a><cite>Umowa-zlecenia-z-rachunkiem-Specjalistka-B+R-AF-411-19-2-22<\/cite><\/p>\n<p class=\"downloadElemContainer2\"><a class=\"downloadElem pdf\" href=\"https:\/\/min-pan.krakow.pl\/instytut\/wp-content\/uploads\/sites\/2\/2024\/05\/AF-411-19-2-22_Protokol-postepowania.pdf\" target=\"_blank\" rel=\"noopener\">\u00a0<\/a><cite>Protok\u00f3\u0142 post\u0119powania_AF-411-19-2-22<\/cite><\/p>\n<p class=\"downloadElemContainer2\"><a class=\"downloadElem pdf\" href=\"https:\/\/min-pan.krakow.pl\/instytut\/wp-content\/uploads\/sites\/2\/2024\/05\/AF-411-19-2-22_Zawiadomienie-o-uniewaznieniu-postepowania.pdf\" target=\"_blank\" rel=\"noopener\">\u00a0<\/a><cite>Zawiadomienie o uniewa\u017cnieniu post\u0119powania_AF-411-19-2-22<\/cite><\/p>\n<p><\/p>","protected":false},"excerpt":{"rendered":"<p>\u00a0Opis_przedmiotu_zam\u00f3wienia_Specjalistka_B+R_AF-411-19-2-22 \u00a0Za\u0142\u0105cznik 1 &#8211; Formularz ofertowy_zlecenie_AF-411-19-2-22 \u00a0Za\u0142\u0105cznik 2 wz\u00f3r o\u015bwiadczenia _ WYKLUCZENIE_AF-411-19-2-22 \u00a0Umowa-zlecenia-z-rachunkiem-Specjalistka-B+R-AF-411-19-2-22 \u00a0Protok\u00f3\u0142 post\u0119powania_AF-411-19-2-22 \u00a0Zawiadomienie o uniewa\u017cnieniu post\u0119powania_AF-411-19-2-22<\/p>\n","protected":false},"author":4,"featured_media":0,"parent":1564,"menu_order":58,"comment_status":"closed","ping_status":"closed","template":"templates\/template-document.php","meta":{"footnotes":""},"class_list":["post-2478","page","type-page","status-publish","hentry"],"_links":{"self":[{"href":"https:\/\/min-pan.krakow.pl\/instytut\/wp-json\/wp\/v2\/pages\/2478","targetHints":{"allow":["GET"]}}],"collection":[{"href":"https:\/\/min-pan.krakow.pl\/instytut\/wp-json\/wp\/v2\/pages"}],"about":[{"href":"https:\/\/min-pan.krakow.pl\/instytut\/wp-json\/wp\/v2\/types\/page"}],"author":[{"embeddable":true,"href":"https:\/\/min-pan.krakow.pl\/instytut\/wp-json\/wp\/v2\/users\/4"}],"replies":[{"embeddable":true,"href":"https:\/\/min-pan.krakow.pl\/instytut\/wp-json\/wp\/v2\/comments?post=2478"}],"version-history":[{"count":2,"href":"https:\/\/min-pan.krakow.pl\/instytut\/wp-json\/wp\/v2\/pages\/2478\/revisions"}],"predecessor-version":[{"id":2510,"href":"https:\/\/min-pan.krakow.pl\/instytut\/wp-json\/wp\/v2\/pages\/2478\/revisions\/2510"}],"up":[{"embeddable":true,"href":"https:\/\/min-pan.krakow.pl\/instytut\/wp-json\/wp\/v2\/pages\/1564"}],"wp:attachment":[{"href":"https:\/\/min-pan.krakow.pl\/instytut\/wp-json\/wp\/v2\/media?parent=2478"}],"curies":[{"name":"wp","href":"https:\/\/api.w.org\/{rel}","templated":true}]}}