{"id":2465,"date":"2024-04-22T11:51:31","date_gmt":"2024-04-22T09:51:31","guid":{"rendered":"https:\/\/min-pan.krakow.pl\/instytut\/?page_id=2465"},"modified":"2024-04-30T09:13:57","modified_gmt":"2024-04-30T07:13:57","slug":"zapytanie-nr-49-organizacja-xxxiii-konferencji-z-cyklu-aktualia-i-perspektywy-gospodarki-surowcami-mineralnymi-znak-sprawy-af-271-3-24","status":"publish","type":"page","link":"https:\/\/min-pan.krakow.pl\/instytut\/zamowienia-publiczne\/zapytania-ofertowe-2\/zapytanie-nr-49-organizacja-xxxiii-konferencji-z-cyklu-aktualia-i-perspektywy-gospodarki-surowcami-mineralnymi-znak-sprawy-af-271-3-24\/","title":{"rendered":"Zapytanie nr 49: Organizacja XXXIII konferencji z cyklu &#8222;Aktualia i perspektywy gospodarki surowcami mineralnymi&#8221;, znak sprawy: AF-271-3\/24"},"content":{"rendered":"<p><\/p>\n<p class=\"downloadElemContainer2\"><a class=\"downloadElem pdf\" href=\"https:\/\/min-pan.krakow.pl\/instytut\/wp-content\/uploads\/sites\/2\/2024\/04\/Zapytanie-ofertowe-Aktualia-2024.pdf\" target=\"_blank\" rel=\"noopener\">\u00a0<\/a><cite>Zapytanie ofertowe Aktualia- 2024<\/cite><\/p>\n<p class=\"downloadElemContainer2\"><a class=\"downloadElem pdf\" href=\"https:\/\/min-pan.krakow.pl\/instytut\/wp-content\/uploads\/sites\/2\/2024\/04\/Zalacznik-nr-1-do-Zapytania-ofertowego-Aktualia-2024.pdf\" target=\"_blank\" rel=\"noopener\">\u00a0<\/a><cite>Zalacznik nr 1 do Zapytania ofertowego Aktualia 2024<\/cite><\/p>\n<p class=\"downloadElemContainer2\"><a class=\"downloadElem pdf\" href=\"https:\/\/min-pan.krakow.pl\/instytut\/wp-content\/uploads\/sites\/2\/2024\/04\/Zalacznik-nr-2-Umowa-hotel-wzor-2024.pdf\" target=\"_blank\" rel=\"noopener\">\u00a0<\/a><cite>Zalacznik nr 2 Umowa hotel-wzor 2024<\/cite><\/p>\n<p class=\"downloadElemContainer2\"><a class=\"downloadElem pdf\" href=\"https:\/\/min-pan.krakow.pl\/instytut\/wp-content\/uploads\/sites\/2\/2024\/04\/Zalacznik-nr-2.1-Umowa-hotel-wzor-2024.-Zalacznik-1.pdf\" target=\"_blank\" rel=\"noopener\">\u00a0<\/a><cite>Zalacznik nr 2.1 Umowa hotel-wzor 2024. Zalacznik 1<\/cite><\/p>\n<p class=\"downloadElemContainer2\"><a class=\"downloadElem pdf\" href=\"https:\/\/min-pan.krakow.pl\/instytut\/wp-content\/uploads\/sites\/2\/2024\/04\/Zalacznik-nr-3-do-Zapytanie-ofertowe-Aktualia-2024.pdf\" target=\"_blank\" rel=\"noopener\">\u00a0<\/a><cite>Zalacznik nr 3 do Zapytanie ofertowe Aktualia-2024<\/cite><\/p>\n<p class=\"downloadElemContainer2\"><a class=\"downloadElem pdf\" href=\"https:\/\/min-pan.krakow.pl\/instytut\/wp-content\/uploads\/sites\/2\/2024\/04\/Protokol-postepowania-Aktualia-2024.pdf\" target=\"_blank\" rel=\"noopener\">\u00a0<\/a><cite>Protok\u00f3\u0142 post\u0119powania Aktualia 2024<\/cite><\/p>\n<p class=\"downloadElemContainer2\"><a class=\"downloadElem pdf\" href=\"https:\/\/min-pan.krakow.pl\/instytut\/wp-content\/uploads\/sites\/2\/2024\/04\/Zawiadomienie-o-wyborze-najkorzystniejszej-oferty-\u2013-Aktualia-2024.pdf\" target=\"_blank\" rel=\"noopener\">\u00a0<\/a><cite>Zawiadomienie o wyborze najkorzystniejszej oferty \u2013 Aktualia 2024<\/cite><\/p>\n<p><\/p>","protected":false},"excerpt":{"rendered":"<p>\u00a0Zapytanie ofertowe Aktualia- 2024 \u00a0Zalacznik nr 1 do Zapytania ofertowego Aktualia 2024 \u00a0Zalacznik nr 2 Umowa hotel-wzor 2024 \u00a0Zalacznik nr 2.1 Umowa hotel-wzor 2024. Zalacznik 1 \u00a0Zalacznik nr 3 do Zapytanie ofertowe Aktualia-2024 \u00a0Protok\u00f3\u0142 post\u0119powania Aktualia 2024 \u00a0Zawiadomienie o wyborze najkorzystniejszej oferty \u2013 Aktualia 2024<\/p>\n","protected":false},"author":12,"featured_media":0,"parent":1564,"menu_order":62,"comment_status":"closed","ping_status":"closed","template":"templates\/template-document.php","meta":{"footnotes":""},"class_list":["post-2465","page","type-page","status-publish","hentry"],"_links":{"self":[{"href":"https:\/\/min-pan.krakow.pl\/instytut\/wp-json\/wp\/v2\/pages\/2465","targetHints":{"allow":["GET"]}}],"collection":[{"href":"https:\/\/min-pan.krakow.pl\/instytut\/wp-json\/wp\/v2\/pages"}],"about":[{"href":"https:\/\/min-pan.krakow.pl\/instytut\/wp-json\/wp\/v2\/types\/page"}],"author":[{"embeddable":true,"href":"https:\/\/min-pan.krakow.pl\/instytut\/wp-json\/wp\/v2\/users\/12"}],"replies":[{"embeddable":true,"href":"https:\/\/min-pan.krakow.pl\/instytut\/wp-json\/wp\/v2\/comments?post=2465"}],"version-history":[{"count":3,"href":"https:\/\/min-pan.krakow.pl\/instytut\/wp-json\/wp\/v2\/pages\/2465\/revisions"}],"predecessor-version":[{"id":2488,"href":"https:\/\/min-pan.krakow.pl\/instytut\/wp-json\/wp\/v2\/pages\/2465\/revisions\/2488"}],"up":[{"embeddable":true,"href":"https:\/\/min-pan.krakow.pl\/instytut\/wp-json\/wp\/v2\/pages\/1564"}],"wp:attachment":[{"href":"https:\/\/min-pan.krakow.pl\/instytut\/wp-json\/wp\/v2\/media?parent=2465"}],"curies":[{"name":"wp","href":"https:\/\/api.w.org\/{rel}","templated":true}]}}