{"id":2458,"date":"2024-04-19T15:50:26","date_gmt":"2024-04-19T13:50:26","guid":{"rendered":"https:\/\/min-pan.krakow.pl\/instytut\/?page_id=2458"},"modified":"2024-04-19T15:50:52","modified_gmt":"2024-04-19T13:50:52","slug":"swiadczenie-uslug-hotelarskich-i-restauracyjnych-podczas-trwania-xxxvii-konferencji-z-cyklu-zagadnienia-surowcow-energetycznych-i-energii-w-gospodarce-krajowej-w-dniach-20-pazdziernika-2024-r","status":"publish","type":"page","link":"https:\/\/min-pan.krakow.pl\/instytut\/zamowienia-publiczne\/zamowienia-pzp-3\/swiadczenie-uslug-hotelarskich-i-restauracyjnych-podczas-trwania-xxxvii-konferencji-z-cyklu-zagadnienia-surowcow-energetycznych-i-energii-w-gospodarce-krajowej-w-dniach-20-pazdziernika-2024-r\/","title":{"rendered":"\u015awiadczenie us\u0142ug hotelarskich i restauracyjnych podczas trwania XXXVII konferencji z cyklu Zagadnienia Surowc\u00f3w Energetycznych i Energii w Gospodarce Krajowej w dniach 20 pa\u017adziernika 2024 r. \u2013 23 pa\u017adziernika 2024 r._AO-271-1\/24\u00a0"},"content":{"rendered":"<p>\u015awiadczenie us\u0142ug hotelarskich i restauracyjnych podczas trwania XXXVII konferencji z cyklu Zagadnienia Surowc\u00f3w Energetycznych i Energii w Gospodarce Krajowej w dniach 20 pa\u017adziernika 2024 r. \u2013 23 pa\u017adziernika 2024 r._AO-271-1\/24<\/p>\n<p class=\"downloadElemContainer2\"><a class=\"downloadElem pdf\" href=\"https:\/\/min-pan.krakow.pl\/instytut\/wp-content\/uploads\/sites\/2\/2024\/04\/Ogloszenie_o_zamowieniu_AO-271-1_24.pdf\" target=\"_blank\" rel=\"noopener\">\u00a0<\/a><cite>Og\u0142oszenie_o_zam\u00f3wieniu_AO-271-1_24<\/cite><\/p>\n<p>Informacje szczeg\u00f3\u0142owe oraz dokumenty do pobrania znajduj\u0105 si\u0119 <a href=\"https:\/\/platformazakupowa.pl\/transakcja\/918119\"><strong>tutaj<\/strong><\/a>.<\/p>","protected":false},"excerpt":{"rendered":"<p>\u015awiadczenie us\u0142ug hotelarskich i restauracyjnych podczas trwania XXXVII konferencji z cyklu Zagadnienia Surowc\u00f3w Energetycznych i Energii w Gospodarce Krajowej w dniach 20 pa\u017adziernika 2024 r. \u2013 23 pa\u017adziernika 2024 r._AO-271-1\/24 \u00a0Og\u0142oszenie_o_zam\u00f3wieniu_AO-271-1_24 Informacje szczeg\u00f3\u0142owe oraz dokumenty do pobrania znajduj\u0105 si\u0119 tutaj.<\/p>\n","protected":false},"author":4,"featured_media":0,"parent":1562,"menu_order":19,"comment_status":"closed","ping_status":"closed","template":"templates\/template-document.php","meta":{"footnotes":""},"class_list":["post-2458","page","type-page","status-publish","hentry"],"_links":{"self":[{"href":"https:\/\/min-pan.krakow.pl\/instytut\/wp-json\/wp\/v2\/pages\/2458","targetHints":{"allow":["GET"]}}],"collection":[{"href":"https:\/\/min-pan.krakow.pl\/instytut\/wp-json\/wp\/v2\/pages"}],"about":[{"href":"https:\/\/min-pan.krakow.pl\/instytut\/wp-json\/wp\/v2\/types\/page"}],"author":[{"embeddable":true,"href":"https:\/\/min-pan.krakow.pl\/instytut\/wp-json\/wp\/v2\/users\/4"}],"replies":[{"embeddable":true,"href":"https:\/\/min-pan.krakow.pl\/instytut\/wp-json\/wp\/v2\/comments?post=2458"}],"version-history":[{"count":2,"href":"https:\/\/min-pan.krakow.pl\/instytut\/wp-json\/wp\/v2\/pages\/2458\/revisions"}],"predecessor-version":[{"id":2461,"href":"https:\/\/min-pan.krakow.pl\/instytut\/wp-json\/wp\/v2\/pages\/2458\/revisions\/2461"}],"up":[{"embeddable":true,"href":"https:\/\/min-pan.krakow.pl\/instytut\/wp-json\/wp\/v2\/pages\/1562"}],"wp:attachment":[{"href":"https:\/\/min-pan.krakow.pl\/instytut\/wp-json\/wp\/v2\/media?parent=2458"}],"curies":[{"name":"wp","href":"https:\/\/api.w.org\/{rel}","templated":true}]}}