{"id":2430,"date":"2023-11-03T14:00:35","date_gmt":"2023-11-03T13:00:35","guid":{"rendered":"https:\/\/min-pan.krakow.pl\/instytut\/?page_id=2430"},"modified":"2023-11-03T14:00:35","modified_gmt":"2023-11-03T13:00:35","slug":"dostawa-ukladu-sterujacego-do-zarzadzania-energia-z-4-zrodel-h2-lpg-on-pv-wraz-z-licencja-niewylaczna-na-oprogramowanie-dla-jednostki-roboczej-typu-katamaran_af-271-12-23","status":"publish","type":"page","link":"https:\/\/min-pan.krakow.pl\/instytut\/zamowienia-publiczne\/zamowienia-pzp-3\/dostawa-ukladu-sterujacego-do-zarzadzania-energia-z-4-zrodel-h2-lpg-on-pv-wraz-z-licencja-niewylaczna-na-oprogramowanie-dla-jednostki-roboczej-typu-katamaran_af-271-12-23\/","title":{"rendered":"Dostawa uk\u0142adu steruj\u0105cego do zarz\u0105dzania energi\u0105 z 4 \u017ar\u00f3de\u0142 H2, LPG, ON, PV (wraz z licencj\u0105 niewy\u0142\u0105czn\u0105 na oprogramowanie) dla jednostki roboczej typu katamaran_AF-271-12\/23"},"content":{"rendered":"<p><\/p>\n<h4>Dostawa uk\u0142adu steruj\u0105cego do zarz\u0105dzania energi\u0105 z 4 \u017ar\u00f3de\u0142 H2, LPG, ON, PV (wraz z licencj\u0105 niewy\u0142\u0105czn\u0105 na oprogramowanie) dla jednostki roboczej typu katamaran_AF-271-12\/23<\/h4>\n<p class=\"downloadElemContainer2\"><a class=\"downloadElem pdf\" href=\"https:\/\/min-pan.krakow.pl\/instytut\/wp-content\/uploads\/sites\/2\/2023\/11\/Ogloszenie-o-zamowieniu_08dbdc53-5576-c673-21c1-a8000f2ca7c0.pdf\" target=\"_blank\" rel=\"noopener\">\u00a0<\/a><cite>Og\u0142oszenie o zam\u00f3wieniu_08dbdc53-5576-c673-21c1-a8000f2ca7c0<\/cite><\/p>\n<p>Informacje szczeg\u00f3\u0142owe oraz dokumenty do pobrania znajduj\u0105 si\u0119 <a href=\"https:\/\/platformazakupowa.pl\/transakcja\/842182\"><strong>tutaj<\/strong><\/a>.<\/p>","protected":false},"excerpt":{"rendered":"<p>Dostawa uk\u0142adu steruj\u0105cego do zarz\u0105dzania energi\u0105 z 4 \u017ar\u00f3de\u0142 H2, LPG, ON, PV (wraz z licencj\u0105 niewy\u0142\u0105czn\u0105 na oprogramowanie) dla jednostki roboczej typu katamaran_AF-271-12\/23 \u00a0Og\u0142oszenie o zam\u00f3wieniu_08dbdc53-5576-c673-21c1-a8000f2ca7c0 Informacje szczeg\u00f3\u0142owe oraz dokumenty do pobrania znajduj\u0105 si\u0119 tutaj.<\/p>\n","protected":false},"author":4,"featured_media":0,"parent":1562,"menu_order":29,"comment_status":"closed","ping_status":"closed","template":"templates\/template-document.php","meta":{"footnotes":""},"class_list":["post-2430","page","type-page","status-publish","hentry"],"_links":{"self":[{"href":"https:\/\/min-pan.krakow.pl\/instytut\/wp-json\/wp\/v2\/pages\/2430","targetHints":{"allow":["GET"]}}],"collection":[{"href":"https:\/\/min-pan.krakow.pl\/instytut\/wp-json\/wp\/v2\/pages"}],"about":[{"href":"https:\/\/min-pan.krakow.pl\/instytut\/wp-json\/wp\/v2\/types\/page"}],"author":[{"embeddable":true,"href":"https:\/\/min-pan.krakow.pl\/instytut\/wp-json\/wp\/v2\/users\/4"}],"replies":[{"embeddable":true,"href":"https:\/\/min-pan.krakow.pl\/instytut\/wp-json\/wp\/v2\/comments?post=2430"}],"version-history":[{"count":1,"href":"https:\/\/min-pan.krakow.pl\/instytut\/wp-json\/wp\/v2\/pages\/2430\/revisions"}],"predecessor-version":[{"id":2432,"href":"https:\/\/min-pan.krakow.pl\/instytut\/wp-json\/wp\/v2\/pages\/2430\/revisions\/2432"}],"up":[{"embeddable":true,"href":"https:\/\/min-pan.krakow.pl\/instytut\/wp-json\/wp\/v2\/pages\/1562"}],"wp:attachment":[{"href":"https:\/\/min-pan.krakow.pl\/instytut\/wp-json\/wp\/v2\/media?parent=2430"}],"curies":[{"name":"wp","href":"https:\/\/api.w.org\/{rel}","templated":true}]}}