{"id":2410,"date":"2023-08-03T08:55:10","date_gmt":"2023-08-03T06:55:10","guid":{"rendered":"https:\/\/min-pan.krakow.pl\/instytut\/?page_id=2410"},"modified":"2023-08-11T15:10:40","modified_gmt":"2023-08-11T13:10:40","slug":"zapytanie-nr-47-zapytanie-ofertowe-w-sprawie-wspolnej-realizacji-projektu-w-zakresie-okreslonym-przez-instytucje-zarzadzajaca-krajowym-programem-albo-instytucje-zarzadzajaca-regionalnym-programem","status":"publish","type":"page","link":"https:\/\/min-pan.krakow.pl\/instytut\/zamowienia-publiczne\/zapytania-ofertowe-2\/zapytanie-nr-47-zapytanie-ofertowe-w-sprawie-wspolnej-realizacji-projektu-w-zakresie-okreslonym-przez-instytucje-zarzadzajaca-krajowym-programem-albo-instytucje-zarzadzajaca-regionalnym-programem\/","title":{"rendered":"Zapytanie nr 47: Zapytanie ofertowe w sprawie  wsp\u00f3lnej realizacji projektu, w zakresie okre\u015blonym przez instytucj\u0119 zarz\u0105dzaj\u0105c\u0105 krajowym programem albo instytucj\u0119 zarz\u0105dzaj\u0105c\u0105 regionalnym programem. Zapytanie ma na celu utworzenie partnerstwa przez podmioty wnosz\u0105ce do projektu zasoby ludzkie, organizacyjne, techniczne lub finansowe, realizuj\u0105ce wsp\u00f3lnie projekt, zwany dalej &#8222;projektem partnerskim&#8221;, na warunkach okre\u015blonych w porozumieniu albo umowie o partnerstwie, znak sprawy: AF-4300-63\/23"},"content":{"rendered":"<p><\/p>\n<p class=\"downloadElemContainer2\"><a class=\"downloadElem pdf\" href=\"https:\/\/min-pan.krakow.pl\/instytut\/wp-content\/uploads\/sites\/2\/2023\/08\/Zapytanie-ofertowe-AF-4300-63-23-1.pdf\" target=\"_blank\" rel=\"noopener\">\u00a0<\/a><cite>Zapytanie ofertowe AF-4300-63 23<\/cite><\/p>\n<p><\/p>","protected":false},"excerpt":{"rendered":"<p>\u00a0Zapytanie ofertowe AF-4300-63 23<\/p>\n","protected":false},"author":12,"featured_media":0,"parent":1564,"menu_order":69,"comment_status":"closed","ping_status":"closed","template":"templates\/template-document.php","meta":{"footnotes":""},"class_list":["post-2410","page","type-page","status-publish","hentry"],"_links":{"self":[{"href":"https:\/\/min-pan.krakow.pl\/instytut\/wp-json\/wp\/v2\/pages\/2410","targetHints":{"allow":["GET"]}}],"collection":[{"href":"https:\/\/min-pan.krakow.pl\/instytut\/wp-json\/wp\/v2\/pages"}],"about":[{"href":"https:\/\/min-pan.krakow.pl\/instytut\/wp-json\/wp\/v2\/types\/page"}],"author":[{"embeddable":true,"href":"https:\/\/min-pan.krakow.pl\/instytut\/wp-json\/wp\/v2\/users\/12"}],"replies":[{"embeddable":true,"href":"https:\/\/min-pan.krakow.pl\/instytut\/wp-json\/wp\/v2\/comments?post=2410"}],"version-history":[{"count":6,"href":"https:\/\/min-pan.krakow.pl\/instytut\/wp-json\/wp\/v2\/pages\/2410\/revisions"}],"predecessor-version":[{"id":2419,"href":"https:\/\/min-pan.krakow.pl\/instytut\/wp-json\/wp\/v2\/pages\/2410\/revisions\/2419"}],"up":[{"embeddable":true,"href":"https:\/\/min-pan.krakow.pl\/instytut\/wp-json\/wp\/v2\/pages\/1564"}],"wp:attachment":[{"href":"https:\/\/min-pan.krakow.pl\/instytut\/wp-json\/wp\/v2\/media?parent=2410"}],"curies":[{"name":"wp","href":"https:\/\/api.w.org\/{rel}","templated":true}]}}