{"id":2400,"date":"2023-06-23T21:27:17","date_gmt":"2023-06-23T19:27:17","guid":{"rendered":"https:\/\/min-pan.krakow.pl\/instytut\/?page_id=2400"},"modified":"2023-06-23T21:27:17","modified_gmt":"2023-06-23T19:27:17","slug":"swiadczenie-uslug-transportowych-i-hotelarskich-wizyta-studyjna-w-islandii-w-ramach-projektu-mf-eog-budowanie-zdolnosci-kluczowych-zainteresowanych-stron-w-dziedzinie-energii-geotermalnej","status":"publish","type":"page","link":"https:\/\/min-pan.krakow.pl\/instytut\/zamowienia-publiczne\/zamowienia-pzp-3\/swiadczenie-uslug-transportowych-i-hotelarskich-wizyta-studyjna-w-islandii-w-ramach-projektu-mf-eog-budowanie-zdolnosci-kluczowych-zainteresowanych-stron-w-dziedzinie-energii-geotermalnej\/","title":{"rendered":"\u015awiadczenie us\u0142ug transportowych i hotelarskich &#8211; Wizyta studyjna w Islandii w ramach Projektu MF EOG \u201eBudowanie zdolno\u015bci kluczowych zainteresowanych stron w dziedzinie energii geotermalnej\u201d- AF-271-8\/23"},"content":{"rendered":"<p><\/p>\n<h4>\u015awiadczenie us\u0142ug transportowych i hotelarskich &#8211; Wizyta studyjna w Islandii w ramach Projektu MF EOG \u201eBudowanie zdolno\u015bci kluczowych zainteresowanych stron w dziedzinie energii geotermalnej\u201d- AF-271-8\/23<\/h4>\n<p class=\"downloadElemContainer2\"><a class=\"downloadElem pdf\" href=\"https:\/\/min-pan.krakow.pl\/instytut\/wp-content\/uploads\/sites\/2\/2023\/06\/Ogloszenie-o-zamowieniu_2023_BZP-00274283_01.pdf\" target=\"_blank\" rel=\"noopener\">\u00a0<\/a><cite>Og\u0142oszenie o zam\u00f3wieniu_2023_BZP 00274283_01<\/cite><\/p>\n<p>Informacje szczeg\u00f3\u0142owe oraz dokumenty do pobrania znajduj\u0105 si\u0119 <a href=\"https:\/\/platformazakupowa.pl\/transakcja\/784832\"><strong>tutaj<\/strong><\/a>.<\/p>","protected":false},"excerpt":{"rendered":"<p>\u015awiadczenie us\u0142ug transportowych i hotelarskich &#8211; Wizyta studyjna w Islandii w ramach Projektu MF EOG \u201eBudowanie zdolno\u015bci kluczowych zainteresowanych stron w dziedzinie energii geotermalnej\u201d- AF-271-8\/23 \u00a0Og\u0142oszenie o zam\u00f3wieniu_2023_BZP 00274283_01 Informacje szczeg\u00f3\u0142owe oraz dokumenty do pobrania znajduj\u0105 si\u0119 tutaj.<\/p>\n","protected":false},"author":4,"featured_media":0,"parent":1562,"menu_order":30,"comment_status":"closed","ping_status":"closed","template":"templates\/template-document.php","meta":{"footnotes":""},"class_list":["post-2400","page","type-page","status-publish","hentry"],"_links":{"self":[{"href":"https:\/\/min-pan.krakow.pl\/instytut\/wp-json\/wp\/v2\/pages\/2400","targetHints":{"allow":["GET"]}}],"collection":[{"href":"https:\/\/min-pan.krakow.pl\/instytut\/wp-json\/wp\/v2\/pages"}],"about":[{"href":"https:\/\/min-pan.krakow.pl\/instytut\/wp-json\/wp\/v2\/types\/page"}],"author":[{"embeddable":true,"href":"https:\/\/min-pan.krakow.pl\/instytut\/wp-json\/wp\/v2\/users\/4"}],"replies":[{"embeddable":true,"href":"https:\/\/min-pan.krakow.pl\/instytut\/wp-json\/wp\/v2\/comments?post=2400"}],"version-history":[{"count":1,"href":"https:\/\/min-pan.krakow.pl\/instytut\/wp-json\/wp\/v2\/pages\/2400\/revisions"}],"predecessor-version":[{"id":2402,"href":"https:\/\/min-pan.krakow.pl\/instytut\/wp-json\/wp\/v2\/pages\/2400\/revisions\/2402"}],"up":[{"embeddable":true,"href":"https:\/\/min-pan.krakow.pl\/instytut\/wp-json\/wp\/v2\/pages\/1562"}],"wp:attachment":[{"href":"https:\/\/min-pan.krakow.pl\/instytut\/wp-json\/wp\/v2\/media?parent=2400"}],"curies":[{"name":"wp","href":"https:\/\/api.w.org\/{rel}","templated":true}]}}