{"id":2375,"date":"2023-05-05T12:34:54","date_gmt":"2023-05-05T10:34:54","guid":{"rendered":"https:\/\/min-pan.krakow.pl\/instytut\/?page_id=2375"},"modified":"2023-05-15T09:37:24","modified_gmt":"2023-05-15T07:37:24","slug":"zapytanie-nr-46-swiadczenie-uslug-hotelarskich-i-restauracyjnych-podczas-trwania-xxxii-konferencji-z-cyklu-aktualia-i-perspektywy-gospodarki-surowcami-mineralnymi-znak-sprawy-af-271-7-23-2","status":"publish","type":"page","link":"https:\/\/min-pan.krakow.pl\/instytut\/zamowienia-publiczne\/zapytania-ofertowe-2\/zapytanie-nr-46-swiadczenie-uslug-hotelarskich-i-restauracyjnych-podczas-trwania-xxxii-konferencji-z-cyklu-aktualia-i-perspektywy-gospodarki-surowcami-mineralnymi-znak-sprawy-af-271-7-23-2\/","title":{"rendered":"Zapytanie nr 46: \u015awiadczenie us\u0142ug hotelarskich i restauracyjnych podczas trwania XXXII konferencji z cyklu &#8222;Aktualia i perspektywy gospodarki surowcami mineralnymi&#8221;, znak sprawy: AF-271-7\/23"},"content":{"rendered":"<p><\/p>\n<p class=\"downloadElemContainer2\"><a class=\"downloadElem pdf\" href=\"https:\/\/min-pan.krakow.pl\/instytut\/wp-content\/uploads\/sites\/2\/2023\/05\/Zapytanie-ofertowe-Aktualia-2023.pdf\" target=\"_blank\" rel=\"noopener noreferrer\">\u00a0<\/a><cite>Zapytanie ofertowe &#8211; Aktualia 2023<\/cite><\/p>\n<p class=\"downloadElemContainer2\"><a class=\"downloadElem pdf\" href=\"https:\/\/min-pan.krakow.pl\/instytut\/wp-content\/uploads\/sites\/2\/2023\/05\/Zalacznik-nr-1-do-zapytania-ofertowego-Aktualia-2023.pdf\" target=\"_blank\" rel=\"noopener noreferrer\">\u00a0<\/a><cite>Za\u0142\u0105cznik nr 1 do zapytania ofertowego &#8211; Aktualia 2023<\/cite><\/p>\n<p class=\"downloadElemContainer2\"><a class=\"downloadElem pdf\" href=\"https:\/\/min-pan.krakow.pl\/instytut\/wp-content\/uploads\/sites\/2\/2023\/05\/Zalacznik-nr-2-Umowa-hotel-wzor-2023.pdf\" target=\"_blank\" rel=\"noopener noreferrer\">\u00a0<\/a><cite>Za\u0142\u0105cznik nr 2 Umowa hotel-wz\u00f3r 2023<\/cite><\/p>\n<p class=\"downloadElemContainer2\"><a class=\"downloadElem pdf\" href=\"https:\/\/min-pan.krakow.pl\/instytut\/wp-content\/uploads\/sites\/2\/2023\/05\/Zalacznik-nr-2.1-Umowa-hotel-wzor-2023-Zalacznik.pdf\" target=\"_blank\" rel=\"noopener noreferrer\">\u00a0<\/a><cite>Za\u0142\u0105cznik nr 2.1 Umowa hotel-wz\u00f3r 2023<\/cite><\/p>\n<p class=\"downloadElemContainer2\"><a class=\"downloadElem pdf\" href=\"https:\/\/min-pan.krakow.pl\/instytut\/wp-content\/uploads\/sites\/2\/2023\/05\/Zalacznik-nr-3-do-Zapytanie-ofertowe-Aktualia-2023.pdf\" target=\"_blank\" rel=\"noopener noreferrer\">\u00a0<\/a><cite>Za\u0142\u0105cznik nr 3 do Zapytanie ofertowe Aktualia -2023<\/cite><\/p>\n<p class=\"downloadElemContainer2\"><a class=\"downloadElem pdf\" href=\"https:\/\/min-pan.krakow.pl\/instytut\/wp-content\/uploads\/sites\/2\/2023\/05\/Zawiadomienie-o-wyborze-najkorzystniejszej-oferty-Aktualia-2023.pdf\" target=\"_blank\" rel=\"noopener noreferrer\">\u00a0<\/a><cite>Zawiadomienie o wyborze najkorzystniejszej oferty &#8211; Aktualia 2023<\/cite><\/p>\n<p><\/p>","protected":false},"excerpt":{"rendered":"<p>\u00a0Zapytanie ofertowe &#8211; Aktualia 2023 \u00a0Za\u0142\u0105cznik nr 1 do zapytania ofertowego &#8211; Aktualia 2023 \u00a0Za\u0142\u0105cznik nr 2 Umowa hotel-wz\u00f3r 2023 \u00a0Za\u0142\u0105cznik nr 2.1 Umowa hotel-wz\u00f3r 2023 \u00a0Za\u0142\u0105cznik nr 3 do Zapytanie ofertowe Aktualia -2023 \u00a0Zawiadomienie o wyborze najkorzystniejszej oferty &#8211; Aktualia 2023<\/p>\n","protected":false},"author":12,"featured_media":0,"parent":1564,"menu_order":72,"comment_status":"closed","ping_status":"closed","template":"templates\/template-document.php","meta":{"footnotes":""},"class_list":["post-2375","page","type-page","status-publish","hentry"],"_links":{"self":[{"href":"https:\/\/min-pan.krakow.pl\/instytut\/wp-json\/wp\/v2\/pages\/2375","targetHints":{"allow":["GET"]}}],"collection":[{"href":"https:\/\/min-pan.krakow.pl\/instytut\/wp-json\/wp\/v2\/pages"}],"about":[{"href":"https:\/\/min-pan.krakow.pl\/instytut\/wp-json\/wp\/v2\/types\/page"}],"author":[{"embeddable":true,"href":"https:\/\/min-pan.krakow.pl\/instytut\/wp-json\/wp\/v2\/users\/12"}],"replies":[{"embeddable":true,"href":"https:\/\/min-pan.krakow.pl\/instytut\/wp-json\/wp\/v2\/comments?post=2375"}],"version-history":[{"count":8,"href":"https:\/\/min-pan.krakow.pl\/instytut\/wp-json\/wp\/v2\/pages\/2375\/revisions"}],"predecessor-version":[{"id":2395,"href":"https:\/\/min-pan.krakow.pl\/instytut\/wp-json\/wp\/v2\/pages\/2375\/revisions\/2395"}],"up":[{"embeddable":true,"href":"https:\/\/min-pan.krakow.pl\/instytut\/wp-json\/wp\/v2\/pages\/1564"}],"wp:attachment":[{"href":"https:\/\/min-pan.krakow.pl\/instytut\/wp-json\/wp\/v2\/media?parent=2375"}],"curies":[{"name":"wp","href":"https:\/\/api.w.org\/{rel}","templated":true}]}}