{"id":2368,"date":"2023-03-23T16:38:34","date_gmt":"2023-03-23T15:38:34","guid":{"rendered":"https:\/\/min-pan.krakow.pl\/instytut\/?page_id=2368"},"modified":"2023-03-23T16:39:35","modified_gmt":"2023-03-23T15:39:35","slug":"uslugi-hotelarska-i-restauracyjna-podczas-trwania-dzialan-szkoleniowych-realizowanych-w-ramach-projektu-budowa-zdolnosci-kluczowych-zainteresowanych-stron-w-dziedzinie-energii-geotermalnej-2","status":"publish","type":"page","link":"https:\/\/min-pan.krakow.pl\/instytut\/zamowienia-publiczne\/zamowienia-pzp-3\/uslugi-hotelarska-i-restauracyjna-podczas-trwania-dzialan-szkoleniowych-realizowanych-w-ramach-projektu-budowa-zdolnosci-kluczowych-zainteresowanych-stron-w-dziedzinie-energii-geotermalnej-2\/","title":{"rendered":"Us\u0142ugi hotelarska i restauracyjna podczas trwania dzia\u0142a\u0144 szkoleniowych realizowanych w ramach Projektu \u201eBudowa zdolno\u015bci kluczowych zainteresowanych stron w dziedzinie energii geotermalnej\u201d_AF-271-3\/23"},"content":{"rendered":"<p><\/p>\n<h4 class=\"mb-15\">Us\u0142ugi hotelarska i restauracyjna podczas trwania dzia\u0142a\u0144 szkoleniowych realizowanych w ramach Projektu \u201eBudowa zdolno\u015bci kluczowych zainteresowanych stron w dziedzinie energii geotermalnej\u201d_AF-271-3\/23<\/h4>\n<p class=\"downloadElemContainer2\"><a class=\"downloadElem pdf\" href=\"https:\/\/min-pan.krakow.pl\/instytut\/wp-content\/uploads\/sites\/2\/2023\/03\/Og\u0142oszenie-o-zam\u00f3wieniu.pdf\" target=\"_blank\" rel=\"noopener noreferrer\">\u00a0<\/a><cite>Og\u0142oszenie o zam\u00f3wieniu<\/cite><\/p>\n<p>Informacje szczeg\u00f3\u0142owe oraz dokumenty do pobrania znajduj\u0105 si\u0119 <a href=\"https:\/\/platformazakupowa.pl\/transakcja\/745174\"><strong>tutaj<\/strong><\/a>.<\/p>\n<p>&nbsp;<\/p>","protected":false},"excerpt":{"rendered":"<p>Us\u0142ugi hotelarska i restauracyjna podczas trwania dzia\u0142a\u0144 szkoleniowych realizowanych w ramach Projektu \u201eBudowa zdolno\u015bci kluczowych zainteresowanych stron w dziedzinie energii geotermalnej\u201d_AF-271-3\/23 \u00a0Og\u0142oszenie o zam\u00f3wieniu Informacje szczeg\u00f3\u0142owe oraz dokumenty do pobrania znajduj\u0105 si\u0119 tutaj. &nbsp;<\/p>\n","protected":false},"author":4,"featured_media":0,"parent":1562,"menu_order":9,"comment_status":"closed","ping_status":"closed","template":"templates\/template-document.php","meta":{"footnotes":""},"class_list":["post-2368","page","type-page","status-publish","hentry"],"_links":{"self":[{"href":"https:\/\/min-pan.krakow.pl\/instytut\/wp-json\/wp\/v2\/pages\/2368","targetHints":{"allow":["GET"]}}],"collection":[{"href":"https:\/\/min-pan.krakow.pl\/instytut\/wp-json\/wp\/v2\/pages"}],"about":[{"href":"https:\/\/min-pan.krakow.pl\/instytut\/wp-json\/wp\/v2\/types\/page"}],"author":[{"embeddable":true,"href":"https:\/\/min-pan.krakow.pl\/instytut\/wp-json\/wp\/v2\/users\/4"}],"replies":[{"embeddable":true,"href":"https:\/\/min-pan.krakow.pl\/instytut\/wp-json\/wp\/v2\/comments?post=2368"}],"version-history":[{"count":1,"href":"https:\/\/min-pan.krakow.pl\/instytut\/wp-json\/wp\/v2\/pages\/2368\/revisions"}],"predecessor-version":[{"id":2371,"href":"https:\/\/min-pan.krakow.pl\/instytut\/wp-json\/wp\/v2\/pages\/2368\/revisions\/2371"}],"up":[{"embeddable":true,"href":"https:\/\/min-pan.krakow.pl\/instytut\/wp-json\/wp\/v2\/pages\/1562"}],"wp:attachment":[{"href":"https:\/\/min-pan.krakow.pl\/instytut\/wp-json\/wp\/v2\/media?parent=2368"}],"curies":[{"name":"wp","href":"https:\/\/api.w.org\/{rel}","templated":true}]}}