{"id":2364,"date":"2023-03-13T13:57:27","date_gmt":"2023-03-13T12:57:27","guid":{"rendered":"https:\/\/min-pan.krakow.pl\/instytut\/?page_id=2364"},"modified":"2023-03-23T16:36:53","modified_gmt":"2023-03-23T15:36:53","slug":"uslugi-hotelarska-i-restauracyjna-podczas-trwania-dzialan-szkoleniowych-realizowanych-w-ramach-projektu-budowa-zdolnosci-kluczowych-zainteresowanych-stron-w-dziedzinie-energii-geotermalnej","status":"publish","type":"page","link":"https:\/\/min-pan.krakow.pl\/instytut\/zamowienia-publiczne\/zamowienia-pzp-3\/uslugi-hotelarska-i-restauracyjna-podczas-trwania-dzialan-szkoleniowych-realizowanych-w-ramach-projektu-budowa-zdolnosci-kluczowych-zainteresowanych-stron-w-dziedzinie-energii-geotermalnej\/","title":{"rendered":"Us\u0142ugi hotelarska i restauracyjna podczas trwania dzia\u0142a\u0144 szkoleniowych realizowanych w ramach Projektu \u201eBudowa zdolno\u015bci kluczowych zainteresowanych stron w dziedzinie energii geotermalnej\u201d_AF-271-2\/23"},"content":{"rendered":"<p><\/p>\n<h4 class=\"mb-15\">Us\u0142ugi hotelarska i restauracyjna podczas trwania dzia\u0142a\u0144 szkoleniowych realizowanych w ramach Projektu \u201eBudowa zdolno\u015bci kluczowych zainteresowanych stron w dziedzinie energii geotermalnej\u201d_AF-271-2\/23<\/h4>\n<p class=\"downloadElemContainer2\"><a class=\"downloadElem pdf\" href=\"https:\/\/min-pan.krakow.pl\/instytut\/wp-content\/uploads\/sites\/2\/2023\/03\/Og\u0142oszenie-o-zam\u00f3wieniu_08db2154-6eb9-1471-ca86-3d0011362337.pdf\" target=\"_blank\" rel=\"noopener noreferrer\">\u00a0<\/a><cite>Og\u0142oszenie o zam\u00f3wieniu_08db2154-6eb9-1471-ca86-3d0011362337<\/cite><\/p>\n<p>Informacje szczeg\u00f3\u0142owe oraz dokumenty do pobrania znajduj\u0105 si\u0119 <a href=\"https:\/\/platformazakupowa.pl\/transakcja\/739833\"><strong><span style=\"color: #000080\">tu<\/span><span style=\"color: #000080\">t<\/span><span style=\"color: #000080\">a<\/span><span style=\"color: #000080\"><span style=\"text-decoration: underline\">j<\/span><\/span><\/strong>.<\/a><\/p>","protected":false},"excerpt":{"rendered":"<p>Us\u0142ugi hotelarska i restauracyjna podczas trwania dzia\u0142a\u0144 szkoleniowych realizowanych w ramach Projektu \u201eBudowa zdolno\u015bci kluczowych zainteresowanych stron w dziedzinie energii geotermalnej\u201d_AF-271-2\/23 \u00a0Og\u0142oszenie o zam\u00f3wieniu_08db2154-6eb9-1471-ca86-3d0011362337 Informacje szczeg\u00f3\u0142owe oraz dokumenty do pobrania znajduj\u0105 si\u0119 tutaj.<\/p>\n","protected":false},"author":4,"featured_media":0,"parent":1562,"menu_order":10,"comment_status":"closed","ping_status":"closed","template":"templates\/template-document.php","meta":{"footnotes":""},"class_list":["post-2364","page","type-page","status-publish","hentry"],"_links":{"self":[{"href":"https:\/\/min-pan.krakow.pl\/instytut\/wp-json\/wp\/v2\/pages\/2364","targetHints":{"allow":["GET"]}}],"collection":[{"href":"https:\/\/min-pan.krakow.pl\/instytut\/wp-json\/wp\/v2\/pages"}],"about":[{"href":"https:\/\/min-pan.krakow.pl\/instytut\/wp-json\/wp\/v2\/types\/page"}],"author":[{"embeddable":true,"href":"https:\/\/min-pan.krakow.pl\/instytut\/wp-json\/wp\/v2\/users\/4"}],"replies":[{"embeddable":true,"href":"https:\/\/min-pan.krakow.pl\/instytut\/wp-json\/wp\/v2\/comments?post=2364"}],"version-history":[{"count":2,"href":"https:\/\/min-pan.krakow.pl\/instytut\/wp-json\/wp\/v2\/pages\/2364\/revisions"}],"predecessor-version":[{"id":2369,"href":"https:\/\/min-pan.krakow.pl\/instytut\/wp-json\/wp\/v2\/pages\/2364\/revisions\/2369"}],"up":[{"embeddable":true,"href":"https:\/\/min-pan.krakow.pl\/instytut\/wp-json\/wp\/v2\/pages\/1562"}],"wp:attachment":[{"href":"https:\/\/min-pan.krakow.pl\/instytut\/wp-json\/wp\/v2\/media?parent=2364"}],"curies":[{"name":"wp","href":"https:\/\/api.w.org\/{rel}","templated":true}]}}