{"id":2338,"date":"2023-01-25T20:58:16","date_gmt":"2023-01-25T19:58:16","guid":{"rendered":"https:\/\/min-pan.krakow.pl\/instytut\/?page_id=2338"},"modified":"2023-02-02T11:23:08","modified_gmt":"2023-02-02T10:23:08","slug":"zapytanie-nr-45-swiadczenie-uslug-hotelarskich-i-restauracyjnych-podczas-trwania-xxxvi-konferencji-z-cyklu-zagadnienia-surowcow-energetycznych-i-energii-w-gospodarce-krajowej-znak-sprawy-af-271","status":"publish","type":"page","link":"https:\/\/min-pan.krakow.pl\/instytut\/zamowienia-publiczne\/zapytania-ofertowe-2\/zapytanie-nr-45-swiadczenie-uslug-hotelarskich-i-restauracyjnych-podczas-trwania-xxxvi-konferencji-z-cyklu-zagadnienia-surowcow-energetycznych-i-energii-w-gospodarce-krajowej-znak-sprawy-af-271\/","title":{"rendered":"Zapytanie nr 45: \u015awiadczenie us\u0142ug hotelarskich i restauracyjnych podczas trwania XXXVI konferencji z cyklu &#8222;Zagadnienia surowc\u00f3w energetycznych i energii w gospodarce krajowej&#8221;, znak sprawy: AF-271-1\/23"},"content":{"rendered":"<p><\/p>\n<p class=\"downloadElemContainer2\"><a class=\"downloadElem pdf\" href=\"https:\/\/min-pan.krakow.pl\/instytut\/wp-content\/uploads\/sites\/2\/2023\/01\/Zapytanie-ofertowe-Zagadnienia-2023.pdf\" target=\"_blank\" rel=\"noopener noreferrer\">\u00a0<\/a><cite>Zapytanie ofertowe Zagadnienia-2023<\/cite><\/p>\n<p class=\"downloadElemContainer2\"><a class=\"downloadElem docx\" href=\"https:\/\/min-pan.krakow.pl\/instytut\/wp-content\/uploads\/sites\/2\/2023\/01\/Zalacznik-nr-1-do-Zapytania-ofertowego-Zagadnienia-2023.docx\" target=\"_blank\" rel=\"noopener noreferrer\">\u00a0<\/a><cite>Zalacznik nr 1 do Zapytania ofertowego Zagadnienia 2023<\/cite><\/p>\n<p class=\"downloadElemContainer2\"><a class=\"downloadElem doc\" href=\"https:\/\/min-pan.krakow.pl\/instytut\/wp-content\/uploads\/sites\/2\/2023\/01\/Zalacznik-nr-2-Umowa-hotel-wzor-2023.doc\" target=\"_blank\" rel=\"noopener noreferrer\">\u00a0<\/a><cite>Zalacznik nr 2 Umowa hotel-wzor 2023<\/cite><\/p>\n<p class=\"downloadElemContainer2\"><a class=\"downloadElem doc\" href=\"https:\/\/min-pan.krakow.pl\/instytut\/wp-content\/uploads\/sites\/2\/2023\/01\/Zalacznik-nr-2.1-Umowa-hotel-wzor-2023-Zalacznik.doc\" target=\"_blank\" rel=\"noopener noreferrer\">\u00a0<\/a><cite>Zalacznik nr 2.1 Umowa hotel-wzor 2023 Zalacznik<\/cite><\/p>\n<p class=\"downloadElemContainer2\"><a class=\"downloadElem docx\" href=\"https:\/\/min-pan.krakow.pl\/instytut\/wp-content\/uploads\/sites\/2\/2023\/01\/Zalacznik-nr-3-do-Zapytanie-ofertowe-Zagadnienia-2023.docx\" target=\"_blank\" rel=\"noopener noreferrer\">\u00a0<\/a><cite>Zalacznik nr 3 do Zapytanie ofertowe Zagadnienia-2023<\/cite><\/p>\n<p class=\"downloadElemContainer2\"><a class=\"downloadElem pdf\" href=\"https:\/\/min-pan.krakow.pl\/instytut\/wp-content\/uploads\/sites\/2\/2023\/02\/Protok\u00f3\u0142-post\u0119powania.pdf\" target=\"_blank\" rel=\"noopener noreferrer\">\u00a0<\/a><cite>Protok\u00f3\u0142 post\u0119powania<\/cite><\/p>\n<p class=\"downloadElemContainer2\"><a class=\"downloadElem pdf\" href=\"https:\/\/min-pan.krakow.pl\/instytut\/wp-content\/uploads\/sites\/2\/2023\/02\/Zawiadomienie-o-wyborze-najkorzystniejszej-oferty.pdf\" target=\"_blank\" rel=\"noopener noreferrer\">\u00a0<\/a><cite>Zawiadomienie o wyborze najkorzystniejszej oferty<\/cite><\/p>\n<p><\/p>","protected":false},"excerpt":{"rendered":"<p>\u00a0Zapytanie ofertowe Zagadnienia-2023 \u00a0Zalacznik nr 1 do Zapytania ofertowego Zagadnienia 2023 \u00a0Zalacznik nr 2 Umowa hotel-wzor 2023 \u00a0Zalacznik nr 2.1 Umowa hotel-wzor 2023 Zalacznik \u00a0Zalacznik nr 3 do Zapytanie ofertowe Zagadnienia-2023 \u00a0Protok\u00f3\u0142 post\u0119powania \u00a0Zawiadomienie o wyborze najkorzystniejszej oferty<\/p>\n","protected":false},"author":12,"featured_media":0,"parent":1564,"menu_order":66,"comment_status":"closed","ping_status":"closed","template":"","meta":{"footnotes":""},"class_list":["post-2338","page","type-page","status-publish","hentry"],"_links":{"self":[{"href":"https:\/\/min-pan.krakow.pl\/instytut\/wp-json\/wp\/v2\/pages\/2338","targetHints":{"allow":["GET"]}}],"collection":[{"href":"https:\/\/min-pan.krakow.pl\/instytut\/wp-json\/wp\/v2\/pages"}],"about":[{"href":"https:\/\/min-pan.krakow.pl\/instytut\/wp-json\/wp\/v2\/types\/page"}],"author":[{"embeddable":true,"href":"https:\/\/min-pan.krakow.pl\/instytut\/wp-json\/wp\/v2\/users\/12"}],"replies":[{"embeddable":true,"href":"https:\/\/min-pan.krakow.pl\/instytut\/wp-json\/wp\/v2\/comments?post=2338"}],"version-history":[{"count":3,"href":"https:\/\/min-pan.krakow.pl\/instytut\/wp-json\/wp\/v2\/pages\/2338\/revisions"}],"predecessor-version":[{"id":2350,"href":"https:\/\/min-pan.krakow.pl\/instytut\/wp-json\/wp\/v2\/pages\/2338\/revisions\/2350"}],"up":[{"embeddable":true,"href":"https:\/\/min-pan.krakow.pl\/instytut\/wp-json\/wp\/v2\/pages\/1564"}],"wp:attachment":[{"href":"https:\/\/min-pan.krakow.pl\/instytut\/wp-json\/wp\/v2\/media?parent=2338"}],"curies":[{"name":"wp","href":"https:\/\/api.w.org\/{rel}","templated":true}]}}