{"id":2275,"date":"2022-09-13T19:44:49","date_gmt":"2022-09-13T17:44:49","guid":{"rendered":"https:\/\/min-pan.krakow.pl\/instytut\/?page_id=2275"},"modified":"2022-09-13T19:46:36","modified_gmt":"2022-09-13T17:46:36","slug":"swiadczenie-uslug-hotelarskich-i-restauracyjnych-w-krakowie-podczas-trwania-xxxii-konferencji-z-cyklu-szkola-eksploatacji-podziemnej-w-dniach-27-lutego-2023-r-1-marca-202","status":"publish","type":"page","link":"https:\/\/min-pan.krakow.pl\/instytut\/zamowienia-publiczne\/zamowienia-pzp-3\/swiadczenie-uslug-hotelarskich-i-restauracyjnych-w-krakowie-podczas-trwania-xxxii-konferencji-z-cyklu-szkola-eksploatacji-podziemnej-w-dniach-27-lutego-2023-r-1-marca-202\/","title":{"rendered":"\u015awiadczenie us\u0142ug hotelarskich i restauracyjnych w Krakowie podczas trwania XXXII konferencji z cyklu: \u201eSzko\u0142a Eksploatacji Podziemnej\u201d w dniach 27 lutego 2023 r. \u2013 1 marca 2023 r._AF-271-8\/22"},"content":{"rendered":"<p><\/p>\n<h4><span style=\"color: #000080\">\u015awiadczenie us\u0142ug hotelarskich i restauracyjnych w Krakowie podczas trwania XXXII konferencji z cyklu: \u201eSzko\u0142a Eksploatacji Podziemnej\u201d w dniach 27 lutego 2023 r. \u2013 1 marca 2023 r._AF-271-8\/22<\/span><\/h4>\n<p class=\"downloadElemContainer2\"><a class=\"downloadElem pdf\" href=\"https:\/\/min-pan.krakow.pl\/instytut\/wp-content\/uploads\/sites\/2\/2022\/09\/Og\u0142oszenie_o_zam\u00f3wieniu_SEP-2023.pdf\" target=\"_blank\" rel=\"noopener noreferrer\">\u00a0<\/a><cite>Og\u0142oszenie_o_zam\u00f3wieniu_SEP 2023<\/cite><\/p>\n<p>Informacje szczeg\u00f3\u0142owe oraz dokumenty do pobrania znajduj\u0105 si\u0119 <strong><a href=\"https:\/\/platformazakupowa.pl\/transakcja\/662898\"><span style=\"color: #000080\">tut<span style=\"text-decoration: underline\">aj<\/span><\/span><\/a><\/strong>.<\/p>","protected":false},"excerpt":{"rendered":"<p>\u015awiadczenie us\u0142ug hotelarskich i restauracyjnych w Krakowie podczas trwania XXXII konferencji z cyklu: \u201eSzko\u0142a Eksploatacji Podziemnej\u201d w dniach 27 lutego 2023 r. \u2013 1 marca 2023 r._AF-271-8\/22 \u00a0Og\u0142oszenie_o_zam\u00f3wieniu_SEP 2023 Informacje szczeg\u00f3\u0142owe oraz dokumenty do pobrania znajduj\u0105 si\u0119 tutaj.<\/p>\n","protected":false},"author":4,"featured_media":0,"parent":1562,"menu_order":16,"comment_status":"closed","ping_status":"closed","template":"templates\/template-document.php","meta":{"footnotes":""},"class_list":["post-2275","page","type-page","status-publish","hentry"],"_links":{"self":[{"href":"https:\/\/min-pan.krakow.pl\/instytut\/wp-json\/wp\/v2\/pages\/2275","targetHints":{"allow":["GET"]}}],"collection":[{"href":"https:\/\/min-pan.krakow.pl\/instytut\/wp-json\/wp\/v2\/pages"}],"about":[{"href":"https:\/\/min-pan.krakow.pl\/instytut\/wp-json\/wp\/v2\/types\/page"}],"author":[{"embeddable":true,"href":"https:\/\/min-pan.krakow.pl\/instytut\/wp-json\/wp\/v2\/users\/4"}],"replies":[{"embeddable":true,"href":"https:\/\/min-pan.krakow.pl\/instytut\/wp-json\/wp\/v2\/comments?post=2275"}],"version-history":[{"count":2,"href":"https:\/\/min-pan.krakow.pl\/instytut\/wp-json\/wp\/v2\/pages\/2275\/revisions"}],"predecessor-version":[{"id":2278,"href":"https:\/\/min-pan.krakow.pl\/instytut\/wp-json\/wp\/v2\/pages\/2275\/revisions\/2278"}],"up":[{"embeddable":true,"href":"https:\/\/min-pan.krakow.pl\/instytut\/wp-json\/wp\/v2\/pages\/1562"}],"wp:attachment":[{"href":"https:\/\/min-pan.krakow.pl\/instytut\/wp-json\/wp\/v2\/media?parent=2275"}],"curies":[{"name":"wp","href":"https:\/\/api.w.org\/{rel}","templated":true}]}}