{"id":2250,"date":"2022-07-26T12:40:21","date_gmt":"2022-07-26T10:40:21","guid":{"rendered":"https:\/\/min-pan.krakow.pl\/instytut\/?page_id=2250"},"modified":"2022-08-09T21:19:49","modified_gmt":"2022-08-09T19:19:49","slug":"swiadczenie-uslug-transportowych-i-hotelarskich-wizyta-w-islandii-w-ramach-projektu-mf-eog-budowanie-zdolnosci-kluczowych-zainteresowanych-stron-w-dziedzinie-energii-geotermalnej","status":"publish","type":"page","link":"https:\/\/min-pan.krakow.pl\/instytut\/zamowienia-publiczne\/zamowienia-pzp-3\/swiadczenie-uslug-transportowych-i-hotelarskich-wizyta-w-islandii-w-ramach-projektu-mf-eog-budowanie-zdolnosci-kluczowych-zainteresowanych-stron-w-dziedzinie-energii-geotermalnej\/","title":{"rendered":"\u015awiadczenie us\u0142ug transportowych i hotelarskich &#8211; wizyta w Islandii w ramach Projektu MF EOG \u201eBudowanie zdolno\u015bci kluczowych zainteresowanych stron w dziedzinie energii geotermalnej\u201d: 26-30.09 2022 r._AF-271-7\/22"},"content":{"rendered":"<p><\/p>\n<h4><span style=\"color: #000080\"><strong>\u015awiadczenie us\u0142ug transportowych i hotelarskich &#8211; wizyta w Islandii w ramach Projektu MF EOG \u201eBudowanie zdolno\u015bci <\/strong><\/span><span style=\"color: #000080\"><strong>kluczowych zainteresowanych stron w dziedzinie energii geotermalnej\u201d: 26-30.09 2022 r._AF-271-7\/22<\/strong><\/span><\/h4>\n<p class=\"downloadElemContainer2\"><a class=\"downloadElem pdf\" href=\"https:\/\/min-pan.krakow.pl\/instytut\/wp-content\/uploads\/sites\/2\/2022\/07\/Og\u0142oszenie-o-zam\u00f3wieniu-AF_271_722_KeyGen.pdf\" target=\"_blank\" rel=\"noopener noreferrer\">\u00a0<\/a><cite>Og\u0142oszenie o zam\u00f3wieniu AF_271_722_KeyGen<\/cite><\/p>\n<p>Informacje szczeg\u00f3\u0142owe oraz dokumenty do pobrania znajduj\u0105 si\u0119 <strong><a href=\"https:\/\/platformazakupowa.pl\/transakcja\/644131\"><span style=\"color: #000080\">tut<span style=\"text-decoration: underline\">aj<\/span><\/span><\/a><\/strong>.<\/p>","protected":false},"excerpt":{"rendered":"<p>\u015awiadczenie us\u0142ug transportowych i hotelarskich &#8211; wizyta w Islandii w ramach Projektu MF EOG \u201eBudowanie zdolno\u015bci kluczowych zainteresowanych stron w dziedzinie energii geotermalnej\u201d: 26-30.09 2022 r._AF-271-7\/22 \u00a0Og\u0142oszenie o zam\u00f3wieniu AF_271_722_KeyGen Informacje szczeg\u00f3\u0142owe oraz dokumenty do pobrania znajduj\u0105 si\u0119 tutaj.<\/p>\n","protected":false},"author":4,"featured_media":0,"parent":1562,"menu_order":32,"comment_status":"closed","ping_status":"closed","template":"templates\/template-document.php","meta":{"footnotes":""},"class_list":["post-2250","page","type-page","status-publish","hentry"],"_links":{"self":[{"href":"https:\/\/min-pan.krakow.pl\/instytut\/wp-json\/wp\/v2\/pages\/2250","targetHints":{"allow":["GET"]}}],"collection":[{"href":"https:\/\/min-pan.krakow.pl\/instytut\/wp-json\/wp\/v2\/pages"}],"about":[{"href":"https:\/\/min-pan.krakow.pl\/instytut\/wp-json\/wp\/v2\/types\/page"}],"author":[{"embeddable":true,"href":"https:\/\/min-pan.krakow.pl\/instytut\/wp-json\/wp\/v2\/users\/4"}],"replies":[{"embeddable":true,"href":"https:\/\/min-pan.krakow.pl\/instytut\/wp-json\/wp\/v2\/comments?post=2250"}],"version-history":[{"count":6,"href":"https:\/\/min-pan.krakow.pl\/instytut\/wp-json\/wp\/v2\/pages\/2250\/revisions"}],"predecessor-version":[{"id":2272,"href":"https:\/\/min-pan.krakow.pl\/instytut\/wp-json\/wp\/v2\/pages\/2250\/revisions\/2272"}],"up":[{"embeddable":true,"href":"https:\/\/min-pan.krakow.pl\/instytut\/wp-json\/wp\/v2\/pages\/1562"}],"wp:attachment":[{"href":"https:\/\/min-pan.krakow.pl\/instytut\/wp-json\/wp\/v2\/media?parent=2250"}],"curies":[{"name":"wp","href":"https:\/\/api.w.org\/{rel}","templated":true}]}}