{"id":2187,"date":"2022-04-22T10:05:35","date_gmt":"2022-04-22T08:05:35","guid":{"rendered":"https:\/\/min-pan.krakow.pl\/instytut\/?page_id=2187"},"modified":"2022-05-04T11:43:56","modified_gmt":"2022-05-04T09:43:56","slug":"zapytanie-nr-41-swiadczenie-uslug-hotelarskich-i-restauracyjnych-podczas-trwania-xxxi-konferencji-z-cyklu-aktualia-i-perspektywy-gospodarki-surowcami-mineralnymi-znak-sprawy-af-271-4-22","status":"publish","type":"page","link":"https:\/\/min-pan.krakow.pl\/instytut\/zamowienia-publiczne\/zapytania-ofertowe-2\/zapytanie-nr-41-swiadczenie-uslug-hotelarskich-i-restauracyjnych-podczas-trwania-xxxi-konferencji-z-cyklu-aktualia-i-perspektywy-gospodarki-surowcami-mineralnymi-znak-sprawy-af-271-4-22\/","title":{"rendered":"Zapytanie nr 41: \u015awiadczenie us\u0142ug hotelarskich i restauracyjnych podczas trwania XXXI konferencji z cyklu &#8222;Aktualia i perspektywy gospodarki surowcami mineralnymi&#8221;, znak sprawy AF-271-4\/22"},"content":{"rendered":"<p><\/p>\n<p class=\"downloadElemContainer2\"><a class=\"downloadElem pdf\" href=\"https:\/\/min-pan.krakow.pl\/instytut\/wp-content\/uploads\/sites\/2\/2022\/04\/Zapytanie-ofertowe.pdf\" target=\"_blank\" rel=\"noopener noreferrer\">\u00a0<\/a><cite>Zapytanie ofertowe<\/cite><\/p>\n<p class=\"downloadElemContainer2\"><a class=\"downloadElem pdf\" href=\"https:\/\/min-pan.krakow.pl\/instytut\/wp-content\/uploads\/sites\/2\/2022\/04\/Szczeg\u00f3\u0142owy-opis-przedmiotu-zam\u00f3wienia.pdf\" target=\"_blank\" rel=\"noopener noreferrer\">\u00a0<\/a><cite>Szczeg\u00f3\u0142owy opis przedmiotu zam\u00f3wienia<\/cite><\/p>\n<p class=\"downloadElemContainer2\"><a class=\"downloadElem pdf\" href=\"https:\/\/min-pan.krakow.pl\/instytut\/wp-content\/uploads\/sites\/2\/2022\/04\/Umowa.pdf\" target=\"_blank\" rel=\"noopener noreferrer\">\u00a0<\/a><cite>Umowa<\/cite><\/p>\n<p class=\"downloadElemContainer2\"><a class=\"downloadElem pdf\" href=\"https:\/\/min-pan.krakow.pl\/instytut\/wp-content\/uploads\/sites\/2\/2022\/04\/Za\u0142\u0105cznik_nr1.pdf\" target=\"_blank\" rel=\"noopener noreferrer\">\u00a0<\/a><cite>Za\u0142\u0105cznik_nr1<\/cite><\/p>\n<p class=\"downloadElemContainer2\"><a class=\"downloadElem docx\" href=\"https:\/\/min-pan.krakow.pl\/instytut\/wp-content\/uploads\/sites\/2\/2022\/04\/Oferta-Za\u0142\u0105cznik_nr3.docx\" target=\"_blank\" rel=\"noopener noreferrer\">\u00a0<\/a><cite>Oferta-Za\u0142\u0105cznik_nr3<\/cite><\/p>\n<p class=\"downloadElemContainer2\"><a class=\"downloadElem pdf\" href=\"https:\/\/min-pan.krakow.pl\/instytut\/wp-content\/uploads\/sites\/2\/2022\/05\/AF-271-4-22.pdf\" target=\"_blank\" rel=\"noopener noreferrer\">\u00a0<\/a><cite>AF-271-4 22<\/cite><\/p>\n<p><\/p>","protected":false},"excerpt":{"rendered":"<p>\u00a0Zapytanie ofertowe \u00a0Szczeg\u00f3\u0142owy opis przedmiotu zam\u00f3wienia \u00a0Umowa \u00a0Za\u0142\u0105cznik_nr1 \u00a0Oferta-Za\u0142\u0105cznik_nr3 \u00a0AF-271-4 22<\/p>\n","protected":false},"author":11,"featured_media":0,"parent":1564,"menu_order":77,"comment_status":"closed","ping_status":"closed","template":"","meta":{"footnotes":""},"class_list":["post-2187","page","type-page","status-publish","hentry"],"_links":{"self":[{"href":"https:\/\/min-pan.krakow.pl\/instytut\/wp-json\/wp\/v2\/pages\/2187","targetHints":{"allow":["GET"]}}],"collection":[{"href":"https:\/\/min-pan.krakow.pl\/instytut\/wp-json\/wp\/v2\/pages"}],"about":[{"href":"https:\/\/min-pan.krakow.pl\/instytut\/wp-json\/wp\/v2\/types\/page"}],"author":[{"embeddable":true,"href":"https:\/\/min-pan.krakow.pl\/instytut\/wp-json\/wp\/v2\/users\/11"}],"replies":[{"embeddable":true,"href":"https:\/\/min-pan.krakow.pl\/instytut\/wp-json\/wp\/v2\/comments?post=2187"}],"version-history":[{"count":2,"href":"https:\/\/min-pan.krakow.pl\/instytut\/wp-json\/wp\/v2\/pages\/2187\/revisions"}],"predecessor-version":[{"id":2196,"href":"https:\/\/min-pan.krakow.pl\/instytut\/wp-json\/wp\/v2\/pages\/2187\/revisions\/2196"}],"up":[{"embeddable":true,"href":"https:\/\/min-pan.krakow.pl\/instytut\/wp-json\/wp\/v2\/pages\/1564"}],"wp:attachment":[{"href":"https:\/\/min-pan.krakow.pl\/instytut\/wp-json\/wp\/v2\/media?parent=2187"}],"curies":[{"name":"wp","href":"https:\/\/api.w.org\/{rel}","templated":true}]}}