{"id":2136,"date":"2022-03-28T09:12:23","date_gmt":"2022-03-28T07:12:23","guid":{"rendered":"https:\/\/min-pan.krakow.pl\/instytut\/?page_id=2136"},"modified":"2025-01-20T12:09:41","modified_gmt":"2025-01-20T11:09:41","slug":"platforma-zakupowa-projekt-centrum-zgsie","status":"publish","type":"page","link":"https:\/\/min-pan.krakow.pl\/instytut\/zamowienia-publiczne\/platforma-zakupowa-projekt-centrum-zgsie\/","title":{"rendered":"Platforma zakupowa"},"content":{"rendered":"<p>Szanowni Pa\u0144stwo,<\/p>\n<p>przy udzielania zam\u00f3wie\u0144 publicznych, przeprowadzanych zgodnie z ustaw\u0105 Pzp, Instytut b\u0119dzie korzysta\u0142 z platformy zakupowej firmy Open Nexus, pod adresem: <strong><a href=\"https:\/\/platformazakupowa.pl\/\">https:\/\/platformazakupowa.pl\/<\/a><\/strong>. Oznacza to, \u017ce ca\u0142y proces ofertowania prowadzony b\u0119dzie w spos\u00f3b elektroniczny, gwarantuj\u0105cy zachowanie pe\u0142nej poufno\u015bci oraz najwy\u017cszych standard\u00f3w bezpiecze\u0144stwa przekazu danych.<\/p>\n<p>W niekt\u00f3rych przypadkach Zamawiaj\u0105cy odpowiedzialni za prowadzenie post\u0119powa\u0144, b\u0119d\u0105 wysy\u0142a\u0107 do Pa\u0144stwa, poprzez platform\u0119 zakupow\u0105 zaproszenie do sk\u0142adania ofert w wersji elektronicznej.<\/p>\n<p><strong>Jak to wygl\u0105da w praktyce:<\/strong><\/p>\n<ul>\n<li>aby z\u0142o\u017cy\u0107 ofert\u0119\u00a0 nale\u017cy otworzy\u0107 link do post\u0119powania wys\u0142any przez prowadz\u0105cego dane post\u0119powanie lub wyszuka\u0107 post\u0119powanie bezpo\u015brednio na platformie zakupowej: <strong><a href=\"https:\/\/platformazakupowa.pl\/\">https:\/\/platformazakupowa.pl\/<\/a> <\/strong>lub na profilu Instytutu pod adresem: <a href=\"https:\/\/platformazakupowa.pl\/pn\/minpankrakow\"><strong>https:\/\/platformazakupowa.pl\/pn\/minpankrakow<\/strong><\/a>,<\/li>\n<li>na stronie post\u0119powania (na platformie) b\u0119d\u0105 zamieszczane dokumenty zwi\u0105zane z danym post\u0119powaniem,<\/li>\n<li>dla danej pozycji zam\u00f3wienia sk\u0142adacie Pa\u0144stwo propozycj\u0119 swojej ceny i\/lub uzupe\u0142niacie inne parametry handlowe i techniczne oferty (np. liczba sztuk),<\/li>\n<li>ca\u0142o\u015b\u0107 zwrotnie przesy\u0142acie Pa\u0144stwo do nas <strong>klikaj\u0105c przycisk \u201eZ\u0142\u00f3\u017c ofert\u0119\u201d na platformie: <a href=\"https:\/\/platformazakupowa.pl\/\">https:\/\/platformazakupowa.pl\/<\/a><\/strong> (po wype\u0142nieniu formularza na samym dole znajduje si\u0119 przycisk \u201eZ\u0142\u00f3\u017c ofert\u0119\u201d.<\/li>\n<\/ul>\n<p>W post\u0119powaniach prowadzonych zgodnie z Prawem zam\u00f3wie\u0144 publicznych (Pzp), wymagane b\u0119dzie podpisanie oferty kwalifikowanym podpisem elektronicznym, podpisem zaufanym lub podpisem osobistym w zale\u017cno\u015bci od procedury. Aby sk\u0142ada\u0107 oferty, jako Wykonawcy, nie musz\u0105 Pa\u0144stwo zak\u0142ada\u0107 konta na tej platformie zakupowej.<\/p>\n<p>Z kolei pod adresem:<strong> <a href=\"https:\/\/platformazakupowa.pl\/pn\/minpankrakow\">https:\/\/platformazakupowa.pl\/pn\/minpankrakow<\/a> <\/strong>znajduje si\u0119 profil Naszego Instytutu na tej platformie, gdzie mo\u017cna przegl\u0105da\u0107 zamieszczone og\u0142oszenia (post\u0119powania).<\/p>","protected":false},"excerpt":{"rendered":"<p>Szanowni Pa\u0144stwo, przy udzielania zam\u00f3wie\u0144 publicznych, przeprowadzanych zgodnie z ustaw\u0105 Pzp, Instytut b\u0119dzie korzysta\u0142 z platformy zakupowej firmy Open Nexus, pod adresem: https:\/\/platformazakupowa.pl\/. Oznacza to, \u017ce ca\u0142y proces ofertowania prowadzony b\u0119dzie w spos\u00f3b elektroniczny, gwarantuj\u0105cy zachowanie pe\u0142nej poufno\u015bci oraz najwy\u017cszych standard\u00f3w bezpiecze\u0144stwa przekazu danych. W niekt\u00f3rych przypadkach Zamawiaj\u0105cy odpowiedzialni za prowadzenie post\u0119powa\u0144, b\u0119d\u0105 wysy\u0142a\u0107 do [&hellip;]<\/p>\n","protected":false},"author":1,"featured_media":0,"parent":291,"menu_order":123,"comment_status":"closed","ping_status":"closed","template":"templates\/template-document.php","meta":{"footnotes":""},"class_list":["post-2136","page","type-page","status-publish","hentry"],"_links":{"self":[{"href":"https:\/\/min-pan.krakow.pl\/instytut\/wp-json\/wp\/v2\/pages\/2136","targetHints":{"allow":["GET"]}}],"collection":[{"href":"https:\/\/min-pan.krakow.pl\/instytut\/wp-json\/wp\/v2\/pages"}],"about":[{"href":"https:\/\/min-pan.krakow.pl\/instytut\/wp-json\/wp\/v2\/types\/page"}],"author":[{"embeddable":true,"href":"https:\/\/min-pan.krakow.pl\/instytut\/wp-json\/wp\/v2\/users\/1"}],"replies":[{"embeddable":true,"href":"https:\/\/min-pan.krakow.pl\/instytut\/wp-json\/wp\/v2\/comments?post=2136"}],"version-history":[{"count":5,"href":"https:\/\/min-pan.krakow.pl\/instytut\/wp-json\/wp\/v2\/pages\/2136\/revisions"}],"predecessor-version":[{"id":2636,"href":"https:\/\/min-pan.krakow.pl\/instytut\/wp-json\/wp\/v2\/pages\/2136\/revisions\/2636"}],"up":[{"embeddable":true,"href":"https:\/\/min-pan.krakow.pl\/instytut\/wp-json\/wp\/v2\/pages\/291"}],"wp:attachment":[{"href":"https:\/\/min-pan.krakow.pl\/instytut\/wp-json\/wp\/v2\/media?parent=2136"}],"curies":[{"name":"wp","href":"https:\/\/api.w.org\/{rel}","templated":true}]}}