{"id":2125,"date":"2022-03-24T12:33:32","date_gmt":"2022-03-24T11:33:32","guid":{"rendered":"https:\/\/min-pan.krakow.pl\/instytut\/?page_id=2125"},"modified":"2022-03-24T12:33:32","modified_gmt":"2022-03-24T11:33:32","slug":"zapytanie-nr-39-swiadczenie-uslug-tlumaczen-materialow-informacyjnych-raportu-z-eksperckich-wizyt-studyjnych-oraz-materialow-konferencyjnych-i-szkoleniowych-realizowanych-w-ramach-projektu","status":"publish","type":"page","link":"https:\/\/min-pan.krakow.pl\/instytut\/zamowienia-publiczne\/zapytania-ofertowe-2\/zapytanie-nr-39-swiadczenie-uslug-tlumaczen-materialow-informacyjnych-raportu-z-eksperckich-wizyt-studyjnych-oraz-materialow-konferencyjnych-i-szkoleniowych-realizowanych-w-ramach-projektu\/","title":{"rendered":"Zapytanie nr 39: \u015awiadczenie us\u0142ug t\u0142umacze\u0144 materia\u0142\u00f3w informacyjnych, Raportu z Eksperckich wizyt studyjnych oraz materia\u0142\u00f3w konferencyjnych i szkoleniowych realizowanych w ramach projektu  \u201eBudowanie zdolno\u015bci kluczowych zainteresowanych stron w dziedzinie energii geotermalnej\u201d  znak sprawy: AF-411-13\/20"},"content":{"rendered":"<p><\/p>\n<p class=\"downloadElemContainer2\"><a class=\"downloadElem pdf\" href=\"https:\/\/min-pan.krakow.pl\/instytut\/wp-content\/uploads\/sites\/2\/2022\/03\/Zapytanie-ofertowe-39.pdf\" target=\"_blank\" rel=\"noopener noreferrer\">\u00a0<\/a><cite>Zapytanie ofertowe 39<\/cite><\/p>\n<p class=\"downloadElemContainer2\"><a class=\"downloadElem pdf\" href=\"https:\/\/min-pan.krakow.pl\/instytut\/wp-content\/uploads\/sites\/2\/2022\/03\/Za\u0142\u0105cznik-nr-1-do-zapytania-ofertowego.pdf\" target=\"_blank\" rel=\"noopener noreferrer\">\u00a0<\/a><cite>Za\u0142\u0105cznik nr 1 do zapytania ofertowego<\/cite><\/p>\n<p class=\"downloadElemContainer2\"><a class=\"downloadElem docx\" href=\"https:\/\/min-pan.krakow.pl\/instytut\/wp-content\/uploads\/sites\/2\/2022\/03\/Zapytanie-ofertowe-Zalacznik-2.docx\" target=\"_blank\" rel=\"noopener noreferrer\">\u00a0<\/a><cite>Zapytanie ofertowe-Zalacznik 2<\/cite><\/p>\n<p><\/p>","protected":false},"excerpt":{"rendered":"<p>\u00a0Zapytanie ofertowe 39 \u00a0Za\u0142\u0105cznik nr 1 do zapytania ofertowego \u00a0Zapytanie ofertowe-Zalacznik 2<\/p>\n","protected":false},"author":12,"featured_media":0,"parent":1564,"menu_order":79,"comment_status":"closed","ping_status":"closed","template":"","meta":{"footnotes":""},"class_list":["post-2125","page","type-page","status-publish","hentry"],"_links":{"self":[{"href":"https:\/\/min-pan.krakow.pl\/instytut\/wp-json\/wp\/v2\/pages\/2125","targetHints":{"allow":["GET"]}}],"collection":[{"href":"https:\/\/min-pan.krakow.pl\/instytut\/wp-json\/wp\/v2\/pages"}],"about":[{"href":"https:\/\/min-pan.krakow.pl\/instytut\/wp-json\/wp\/v2\/types\/page"}],"author":[{"embeddable":true,"href":"https:\/\/min-pan.krakow.pl\/instytut\/wp-json\/wp\/v2\/users\/12"}],"replies":[{"embeddable":true,"href":"https:\/\/min-pan.krakow.pl\/instytut\/wp-json\/wp\/v2\/comments?post=2125"}],"version-history":[{"count":1,"href":"https:\/\/min-pan.krakow.pl\/instytut\/wp-json\/wp\/v2\/pages\/2125\/revisions"}],"predecessor-version":[{"id":2129,"href":"https:\/\/min-pan.krakow.pl\/instytut\/wp-json\/wp\/v2\/pages\/2125\/revisions\/2129"}],"up":[{"embeddable":true,"href":"https:\/\/min-pan.krakow.pl\/instytut\/wp-json\/wp\/v2\/pages\/1564"}],"wp:attachment":[{"href":"https:\/\/min-pan.krakow.pl\/instytut\/wp-json\/wp\/v2\/media?parent=2125"}],"curies":[{"name":"wp","href":"https:\/\/api.w.org\/{rel}","templated":true}]}}