{"id":2097,"date":"2022-03-15T14:50:49","date_gmt":"2022-03-15T13:50:49","guid":{"rendered":"https:\/\/min-pan.krakow.pl\/instytut\/?page_id=2097"},"modified":"2022-03-25T10:06:55","modified_gmt":"2022-03-25T09:06:55","slug":"zapytanie-nr-37-swiadczenie-uslug-hotelarskich-i-restauracyjnych-podczas-trwania-xxxv-konferencji-z-cyklu-zagadnienia-surowcow-energetycznych-i-energii-w-gospodarce-krajowej-znak-sprawy-af-271","status":"publish","type":"page","link":"https:\/\/min-pan.krakow.pl\/instytut\/zamowienia-publiczne\/zapytania-ofertowe-2\/zapytanie-nr-37-swiadczenie-uslug-hotelarskich-i-restauracyjnych-podczas-trwania-xxxv-konferencji-z-cyklu-zagadnienia-surowcow-energetycznych-i-energii-w-gospodarce-krajowej-znak-sprawy-af-271\/","title":{"rendered":"Zapytanie nr 37: \u015awiadczenie us\u0142ug hotelarskich i restauracyjnych podczas trwania XXXV konferencji z cyklu &#8222;Zagadnienia surowc\u00f3w energetycznych i energii w gospodarce krajowej&#8221;, znak sprawy: AF-271-2\/22"},"content":{"rendered":"<p><\/p>\n<p class=\"downloadElemContainer2\"><a class=\"downloadElem pdf\" href=\"https:\/\/min-pan.krakow.pl\/instytut\/wp-content\/uploads\/sites\/2\/2022\/03\/Zapytanie-ofertowe-nr-37-1.pdf\" target=\"_blank\" rel=\"noopener noreferrer\">\u00a0<\/a><cite>Zapytanie ofertowe nr 37<\/cite><\/p>\n<p class=\"downloadElemContainer2\"><a class=\"downloadElem docx\" href=\"https:\/\/min-pan.krakow.pl\/instytut\/wp-content\/uploads\/sites\/2\/2022\/03\/Zalacznik-nr-1-do-Zapytania-ofertowego-Zagadnienia-2022-1-2.docx\" target=\"_blank\" rel=\"noopener noreferrer\">\u00a0<\/a><cite>Zalacznik nr 1 do Zapytania ofertowego Zagadnienia 2022-1<\/cite><\/p>\n<p class=\"downloadElemContainer2\"><a class=\"downloadElem doc\" href=\"https:\/\/min-pan.krakow.pl\/instytut\/wp-content\/uploads\/sites\/2\/2022\/03\/Zalacznik-nr-2-Umowa-hotel-wzor-2022-1.doc\" target=\"_blank\" rel=\"noopener noreferrer\">\u00a0<\/a><cite>Zalacznik nr 2 Umowa hotel-wzor 2022<\/cite><\/p>\n<p class=\"downloadElemContainer2\"><a class=\"downloadElem doc\" href=\"https:\/\/min-pan.krakow.pl\/instytut\/wp-content\/uploads\/sites\/2\/2022\/03\/Zalacznik-nr-2.1-Umowa-hotel-wzor-2022-Zalacznik-1.doc\" target=\"_blank\" rel=\"noopener noreferrer\">\u00a0<\/a><cite>Zalacznik nr 2.1 Umowa hotel-wzor 2022 Zalacznik<\/cite><\/p>\n<p class=\"downloadElemContainer2\"><a class=\"downloadElem docx\" href=\"https:\/\/min-pan.krakow.pl\/instytut\/wp-content\/uploads\/sites\/2\/2022\/03\/Zalacznik-nr-3-do-Zapytanie-ofertowe-Zagadnienia-2022-1.docx\" target=\"_blank\" rel=\"noopener noreferrer\">\u00a0<\/a><cite>Zalacznik nr 3 do Zapytanie ofertowe Zagadnienia-2022<\/cite><\/p>\n<p class=\"downloadElemContainer2\"><a class=\"downloadElem pdf\" href=\"https:\/\/min-pan.krakow.pl\/instytut\/wp-content\/uploads\/sites\/2\/2022\/03\/Protok\u00f3\u0142-post\u0119powania.pdf\" target=\"_blank\" rel=\"noopener noreferrer\">\u00a0<\/a><cite>Protok\u00f3\u0142 post\u0119powania<\/cite><\/p>\n<p class=\"downloadElemContainer2\"><a class=\"downloadElem pdf\" href=\"https:\/\/min-pan.krakow.pl\/instytut\/wp-content\/uploads\/sites\/2\/2022\/03\/Zawiadomienie-o-wyborze-najkorzystniejszej-oferty-1.pdf\" target=\"_blank\" rel=\"noopener noreferrer\">\u00a0<\/a><cite>Zawiadomienie o wyborze najkorzystniejszej oferty<\/cite><\/p>\n<p><\/p>","protected":false},"excerpt":{"rendered":"<p>\u00a0Zapytanie ofertowe nr 37 \u00a0Zalacznik nr 1 do Zapytania ofertowego Zagadnienia 2022-1 \u00a0Zalacznik nr 2 Umowa hotel-wzor 2022 \u00a0Zalacznik nr 2.1 Umowa hotel-wzor 2022 Zalacznik \u00a0Zalacznik nr 3 do Zapytanie ofertowe Zagadnienia-2022 \u00a0Protok\u00f3\u0142 post\u0119powania \u00a0Zawiadomienie o wyborze najkorzystniejszej oferty<\/p>\n","protected":false},"author":12,"featured_media":0,"parent":1564,"menu_order":82,"comment_status":"closed","ping_status":"closed","template":"","meta":{"footnotes":""},"class_list":["post-2097","page","type-page","status-publish","hentry"],"_links":{"self":[{"href":"https:\/\/min-pan.krakow.pl\/instytut\/wp-json\/wp\/v2\/pages\/2097","targetHints":{"allow":["GET"]}}],"collection":[{"href":"https:\/\/min-pan.krakow.pl\/instytut\/wp-json\/wp\/v2\/pages"}],"about":[{"href":"https:\/\/min-pan.krakow.pl\/instytut\/wp-json\/wp\/v2\/types\/page"}],"author":[{"embeddable":true,"href":"https:\/\/min-pan.krakow.pl\/instytut\/wp-json\/wp\/v2\/users\/12"}],"replies":[{"embeddable":true,"href":"https:\/\/min-pan.krakow.pl\/instytut\/wp-json\/wp\/v2\/comments?post=2097"}],"version-history":[{"count":3,"href":"https:\/\/min-pan.krakow.pl\/instytut\/wp-json\/wp\/v2\/pages\/2097\/revisions"}],"predecessor-version":[{"id":2132,"href":"https:\/\/min-pan.krakow.pl\/instytut\/wp-json\/wp\/v2\/pages\/2097\/revisions\/2132"}],"up":[{"embeddable":true,"href":"https:\/\/min-pan.krakow.pl\/instytut\/wp-json\/wp\/v2\/pages\/1564"}],"wp:attachment":[{"href":"https:\/\/min-pan.krakow.pl\/instytut\/wp-json\/wp\/v2\/media?parent=2097"}],"curies":[{"name":"wp","href":"https:\/\/api.w.org\/{rel}","templated":true}]}}