{"id":2085,"date":"2022-03-07T14:15:35","date_gmt":"2022-03-07T13:15:35","guid":{"rendered":"https:\/\/min-pan.krakow.pl\/instytut\/?page_id=2085"},"modified":"2022-04-07T15:22:35","modified_gmt":"2022-04-07T13:22:35","slug":"swiadczenie-uslug-hotelarskich-i-restauracyjnych-podczas-trwania-szkolen-realizowanych-w-ramach-projektu-budowanie-zdolnosci-kluczowych-zainteresowanych-stron-w-dziedzinie-energii-geotermalnej-zn","status":"publish","type":"page","link":"https:\/\/min-pan.krakow.pl\/instytut\/zamowienia-publiczne\/zapytania-ofertowe-2\/swiadczenie-uslug-hotelarskich-i-restauracyjnych-podczas-trwania-szkolen-realizowanych-w-ramach-projektu-budowanie-zdolnosci-kluczowych-zainteresowanych-stron-w-dziedzinie-energii-geotermalnej-zn\/","title":{"rendered":"Zapytanie nr 36: \u015awiadczenie us\u0142ug hotelarskich i restauracyjnych podczas trwania szkole\u0144 realizowanych w ramach projektu &#8222;Budowanie zdolno\u015bci kluczowych zainteresowanych stron w dziedzinie energii geotermalnej&#8221;, znak sprawy: AF-411-13\/20"},"content":{"rendered":"<p><\/p>\n<p class=\"downloadElemContainer2\"><a class=\"downloadElem pdf\" href=\"https:\/\/min-pan.krakow.pl\/instytut\/wp-content\/uploads\/sites\/2\/2022\/03\/Zapytanie-ofertowe-36.pdf\" target=\"_blank\" rel=\"noopener noreferrer\">\u00a0<\/a><cite>Zapytanie ofertowe nr 36<\/cite><\/p>\n<p class=\"downloadElemContainer2\"><a class=\"downloadElem docx\" href=\"https:\/\/min-pan.krakow.pl\/instytut\/wp-content\/uploads\/sites\/2\/2022\/03\/Zalacznik-nr-1-do-Zapytania-ofertowego_hotel_2022.docx\" target=\"_blank\" rel=\"noopener noreferrer\">\u00a0<\/a><cite>Zalacznik nr 1 do Zapytania ofertowego_hotel_2022<\/cite><\/p>\n<p class=\"downloadElemContainer2\"><a class=\"downloadElem pdf\" href=\"https:\/\/min-pan.krakow.pl\/instytut\/wp-content\/uploads\/sites\/2\/2022\/03\/Korekta-do-Za\u0142\u0105cznika-nr-1.pdf\" target=\"_blank\" rel=\"noopener noreferrer\">\u00a0<\/a><cite>Korekta do Za\u0142\u0105cznika nr 1<\/cite><\/p>\n<p class=\"downloadElemContainer2\"><a class=\"downloadElem docx\" href=\"https:\/\/min-pan.krakow.pl\/instytut\/wp-content\/uploads\/sites\/2\/2022\/03\/Zalacznik-nr-2-do-Zapytania-ofertowego_hotel_2022.docx\" target=\"_blank\" rel=\"noopener noreferrer\">\u00a0<\/a><cite>Zalacznik nr 2 do Zapytania ofertowego_hotel_2022<\/cite><\/p>\n<p class=\"downloadElemContainer2\"><a class=\"downloadElem docx\" href=\"https:\/\/min-pan.krakow.pl\/instytut\/wp-content\/uploads\/sites\/2\/2022\/03\/Zalacznik-nr-3-do-Zapytania-ofertowego_hotel_2022-1.docx\" target=\"_blank\" rel=\"noopener noreferrer\">\u00a0<\/a><cite>Zalacznik nr 3 do Zapytania ofertowego_hotel_2022<\/cite><\/p>\n<p class=\"downloadElemContainer2\"><a class=\"downloadElem pdf\" href=\"https:\/\/min-pan.krakow.pl\/instytut\/wp-content\/uploads\/sites\/2\/2022\/04\/Zawiadomienie-o-wyborze-najkorzystniejszej-oferty-\u015awiadczenie-us\u0142ug-hotelarskich-i-restauracyjnych-podczas-szkole\u0144.pdf\" target=\"_blank\" rel=\"noopener noreferrer\">\u00a0<\/a><cite>Zawiadomienie o wyborze najkorzystniejszej oferty &#8211; \u015awiadczenie us\u0142ug hotelarskich i restauracyjnych podczas szkole\u0144<\/cite><\/p>\n<p><\/p>","protected":false},"excerpt":{"rendered":"<p>\u00a0Zapytanie ofertowe nr 36 \u00a0Zalacznik nr 1 do Zapytania ofertowego_hotel_2022 \u00a0Korekta do Za\u0142\u0105cznika nr 1 \u00a0Zalacznik nr 2 do Zapytania ofertowego_hotel_2022 \u00a0Zalacznik nr 3 do Zapytania ofertowego_hotel_2022 \u00a0Zawiadomienie o wyborze najkorzystniejszej oferty &#8211; \u015awiadczenie us\u0142ug hotelarskich i restauracyjnych podczas szkole\u0144<\/p>\n","protected":false},"author":11,"featured_media":0,"parent":1564,"menu_order":83,"comment_status":"closed","ping_status":"closed","template":"","meta":{"footnotes":""},"class_list":["post-2085","page","type-page","status-publish","hentry"],"_links":{"self":[{"href":"https:\/\/min-pan.krakow.pl\/instytut\/wp-json\/wp\/v2\/pages\/2085","targetHints":{"allow":["GET"]}}],"collection":[{"href":"https:\/\/min-pan.krakow.pl\/instytut\/wp-json\/wp\/v2\/pages"}],"about":[{"href":"https:\/\/min-pan.krakow.pl\/instytut\/wp-json\/wp\/v2\/types\/page"}],"author":[{"embeddable":true,"href":"https:\/\/min-pan.krakow.pl\/instytut\/wp-json\/wp\/v2\/users\/11"}],"replies":[{"embeddable":true,"href":"https:\/\/min-pan.krakow.pl\/instytut\/wp-json\/wp\/v2\/comments?post=2085"}],"version-history":[{"count":5,"href":"https:\/\/min-pan.krakow.pl\/instytut\/wp-json\/wp\/v2\/pages\/2085\/revisions"}],"predecessor-version":[{"id":2157,"href":"https:\/\/min-pan.krakow.pl\/instytut\/wp-json\/wp\/v2\/pages\/2085\/revisions\/2157"}],"up":[{"embeddable":true,"href":"https:\/\/min-pan.krakow.pl\/instytut\/wp-json\/wp\/v2\/pages\/1564"}],"wp:attachment":[{"href":"https:\/\/min-pan.krakow.pl\/instytut\/wp-json\/wp\/v2\/media?parent=2085"}],"curies":[{"name":"wp","href":"https:\/\/api.w.org\/{rel}","templated":true}]}}