{"id":2077,"date":"2022-02-28T09:25:36","date_gmt":"2022-02-28T08:25:36","guid":{"rendered":"https:\/\/min-pan.krakow.pl\/instytut\/?page_id=2077"},"modified":"2022-03-09T10:05:45","modified_gmt":"2022-03-09T09:05:45","slug":"zapytanie-nr-35-wynajem-osrodka-z-zapewnieniem-zakwaterowania-wyzywienia-oraz-sali-konferencyjnej-na-potrzeby-organizacji-konferencji-z-cyklu-seminarium-sprawozdawcze-z-dzialalnosci-instytutu-za-r","status":"publish","type":"page","link":"https:\/\/min-pan.krakow.pl\/instytut\/zamowienia-publiczne\/zapytania-ofertowe-2\/zapytanie-nr-35-wynajem-osrodka-z-zapewnieniem-zakwaterowania-wyzywienia-oraz-sali-konferencyjnej-na-potrzeby-organizacji-konferencji-z-cyklu-seminarium-sprawozdawcze-z-dzialalnosci-instytutu-za-r\/","title":{"rendered":"Zapytanie nr 35: Wynajem o\u015brodka z zapewnieniem zakwaterowania, wy\u017cywienia oraz sali konferencyjnej na potrzeby organizacji konferencji z cyklu &#8222;Seminarium sprawozdawcze z dzia\u0142alno\u015bci Instytutu za rok 2021&#8221;, znak sprawy AF-271-1\/22"},"content":{"rendered":"<p><\/p>\n<p class=\"downloadElemContainer2\"><a class=\"downloadElem pdf\" href=\"https:\/\/min-pan.krakow.pl\/instytut\/wp-content\/uploads\/sites\/2\/2022\/02\/Zapytanie-ofertowe-1.pdf\" target=\"_blank\" rel=\"noopener noreferrer\">\u00a0<\/a><cite>Zapytanie ofertowe<\/cite><\/p>\n<p class=\"downloadElemContainer2\"><a class=\"downloadElem pdf\" href=\"https:\/\/min-pan.krakow.pl\/instytut\/wp-content\/uploads\/sites\/2\/2022\/02\/Szczeg\u00f3\u0142owy-opis-przedmiotu-zam\u00f3wienia-1.pdf\" target=\"_blank\" rel=\"noopener noreferrer\">\u00a0<\/a><cite>Szczeg\u00f3\u0142owy opis przedmiotu zam\u00f3wienia<\/cite><\/p>\n<p class=\"downloadElemContainer2\"><a class=\"downloadElem doc\" href=\"https:\/\/min-pan.krakow.pl\/instytut\/wp-content\/uploads\/sites\/2\/2022\/02\/Za\u0142\u0105cznik-nr-3-do-Zapytania-ofertowego-1.doc\" target=\"_blank\" rel=\"noopener noreferrer\">\u00a0<\/a><cite>Za\u0142\u0105cznik nr 3 do Zapytania ofertowego<\/cite><\/p>\n<p class=\"downloadElemContainer2\"><a class=\"downloadElem pdf\" href=\"https:\/\/min-pan.krakow.pl\/instytut\/wp-content\/uploads\/sites\/2\/2022\/02\/Umowa-1.pdf\" target=\"_blank\" rel=\"noopener noreferrer\">\u00a0<\/a><cite>Umowa<\/cite><\/p>\n<p class=\"downloadElemContainer2\"><a class=\"downloadElem pdf\" href=\"https:\/\/min-pan.krakow.pl\/instytut\/wp-content\/uploads\/sites\/2\/2022\/03\/Zawiadomienie-o-wyborze-najkorzystniejszej-oferty.pdf\" target=\"_blank\" rel=\"noopener noreferrer\">\u00a0<\/a><cite>Zawiadomienie o wyborze najkorzystniejszej oferty<\/cite><\/p>\n<p><\/p>","protected":false},"excerpt":{"rendered":"<p>\u00a0Zapytanie ofertowe \u00a0Szczeg\u00f3\u0142owy opis przedmiotu zam\u00f3wienia \u00a0Za\u0142\u0105cznik nr 3 do Zapytania ofertowego \u00a0Umowa \u00a0Zawiadomienie o wyborze najkorzystniejszej oferty<\/p>\n","protected":false},"author":11,"featured_media":0,"parent":1564,"menu_order":84,"comment_status":"closed","ping_status":"closed","template":"","meta":{"footnotes":""},"class_list":["post-2077","page","type-page","status-publish","hentry"],"_links":{"self":[{"href":"https:\/\/min-pan.krakow.pl\/instytut\/wp-json\/wp\/v2\/pages\/2077","targetHints":{"allow":["GET"]}}],"collection":[{"href":"https:\/\/min-pan.krakow.pl\/instytut\/wp-json\/wp\/v2\/pages"}],"about":[{"href":"https:\/\/min-pan.krakow.pl\/instytut\/wp-json\/wp\/v2\/types\/page"}],"author":[{"embeddable":true,"href":"https:\/\/min-pan.krakow.pl\/instytut\/wp-json\/wp\/v2\/users\/11"}],"replies":[{"embeddable":true,"href":"https:\/\/min-pan.krakow.pl\/instytut\/wp-json\/wp\/v2\/comments?post=2077"}],"version-history":[{"count":3,"href":"https:\/\/min-pan.krakow.pl\/instytut\/wp-json\/wp\/v2\/pages\/2077\/revisions"}],"predecessor-version":[{"id":2095,"href":"https:\/\/min-pan.krakow.pl\/instytut\/wp-json\/wp\/v2\/pages\/2077\/revisions\/2095"}],"up":[{"embeddable":true,"href":"https:\/\/min-pan.krakow.pl\/instytut\/wp-json\/wp\/v2\/pages\/1564"}],"wp:attachment":[{"href":"https:\/\/min-pan.krakow.pl\/instytut\/wp-json\/wp\/v2\/media?parent=2077"}],"curies":[{"name":"wp","href":"https:\/\/api.w.org\/{rel}","templated":true}]}}