{"id":2011,"date":"2022-01-11T09:41:37","date_gmt":"2022-01-11T08:41:37","guid":{"rendered":"https:\/\/min-pan.krakow.pl\/instytut\/?page_id=2011"},"modified":"2022-02-25T13:08:07","modified_gmt":"2022-02-25T12:08:07","slug":"swiadczenie-uslug-hotelarskich-i-restauracyjnych-w-krakowie-podczas-trwania-xxxi-konferencji-z-cyklu-szkola-eksploatacji-podziemnej-w-dniach-21-lutego-2022-r-23-lutego-2022-r","status":"publish","type":"page","link":"https:\/\/min-pan.krakow.pl\/instytut\/zamowienia-publiczne\/zamowienia-pzp-3\/swiadczenie-uslug-hotelarskich-i-restauracyjnych-w-krakowie-podczas-trwania-xxxi-konferencji-z-cyklu-szkola-eksploatacji-podziemnej-w-dniach-21-lutego-2022-r-23-lutego-2022-r\/","title":{"rendered":"\u015awiadczenie us\u0142ug hotelarskich i restauracyjnych w Krakowie podczas trwania XXXI konferencji z cyklu: &#8222;Szko\u0142a Eksploatacji Podziemnej&#8221; w dniach 21 lutego 2022 r. &#8211; 23 lutego 2022 r."},"content":{"rendered":"<p><span style=\"color: #000080\"><strong>\u015awiadczenie us\u0142ug hotelarskich i restauracyjnych w Krakowie podczas trwania XXXI konferencji z cyklu: &#8222;Szko\u0142a Eksploatacji Podziemnej&#8221; w dniach 21 lutego 2022 r. &#8211; 23 lutego 2022 r.<\/strong><\/span><\/p>\n<p class=\"downloadElemContainer2\"><a class=\"downloadElem pdf\" href=\"https:\/\/min-pan.krakow.pl\/instytut\/wp-content\/uploads\/sites\/2\/2022\/01\/Og\u0142oszenie-o-zam\u00f3wieniu-2022BZP-0001088101.pdf\" target=\"_blank\" rel=\"noopener noreferrer\">\u00a0<\/a><cite>Og\u0142oszenie o zam\u00f3wieniu 2022BZP 0001088101<\/cite><\/p>\n<p class=\"downloadElemContainer2\"><a class=\"downloadElem pdf\" href=\"https:\/\/min-pan.krakow.pl\/instytut\/wp-content\/uploads\/sites\/2\/2022\/01\/SWZ-SEP2022-sig.pdf\" target=\"_blank\" rel=\"noopener noreferrer\">\u00a0<\/a><cite>SWZ SEP2022-sig<\/cite><\/p>\n<p class=\"downloadElemContainer2\"><a class=\"downloadElem pdf\" href=\"https:\/\/min-pan.krakow.pl\/instytut\/wp-content\/uploads\/sites\/2\/2022\/01\/Za\u0142\u0105cznik_1_Opis_przedmiotu_zam\u00f3wienia.pdf\" target=\"_blank\" rel=\"noopener noreferrer\">\u00a0<\/a><cite>Za\u0142\u0105cznik_1_Opis_przedmiotu_zam\u00f3wienia<\/cite><\/p>\n<p class=\"downloadElemContainer2\"><a class=\"downloadElem docx\" href=\"https:\/\/min-pan.krakow.pl\/instytut\/wp-content\/uploads\/sites\/2\/2022\/01\/Za\u0142\u0105cznik_2_Formularz_oferty.docx\" target=\"_blank\" rel=\"noopener noreferrer\">\u00a0<\/a><cite>Za\u0142\u0105cznik_2_Formularz_oferty<\/cite><\/p>\n<p class=\"downloadElemContainer2\"><a class=\"downloadElem docx\" href=\"https:\/\/min-pan.krakow.pl\/instytut\/wp-content\/uploads\/sites\/2\/2022\/01\/Za\u0142\u0105cznik_3_O\u015bwiadczenie_o_braku_podstaw_wykluczenia_i_spe\u0142nianiu_warunk\u00f3w.docx\" target=\"_blank\" rel=\"noopener noreferrer\">\u00a0<\/a><cite>Za\u0142\u0105cznik_3_O\u015bwiadczenie_o_braku_podstaw_wykluczenia_i_spe\u0142nianiu_warunk\u00f3w<\/cite><\/p>\n<p class=\"downloadElemContainer2\"><a class=\"downloadElem docx\" href=\"https:\/\/min-pan.krakow.pl\/instytut\/wp-content\/uploads\/sites\/2\/2022\/01\/Za\u0142\u0105cznik_4_Wykaz_us\u0142ug.docx\" target=\"_blank\" rel=\"noopener noreferrer\">\u00a0<\/a><cite>Za\u0142\u0105cznik_4_Wykaz_us\u0142ug<\/cite><\/p>\n<p class=\"downloadElemContainer2\"><a class=\"downloadElem docx\" href=\"https:\/\/min-pan.krakow.pl\/instytut\/wp-content\/uploads\/sites\/2\/2022\/01\/Za\u0142\u0105cznik_5_O\u015bwiadczenie_o_grupie_kapita\u0142owej.docx\" target=\"_blank\" rel=\"noopener noreferrer\">\u00a0<\/a><cite>Za\u0142\u0105cznik_5_O\u015bwiadczenie_o_grupie_kapita\u0142owej<\/cite><\/p>\n<p class=\"downloadElemContainer2\"><a class=\"downloadElem docx\" href=\"https:\/\/min-pan.krakow.pl\/instytut\/wp-content\/uploads\/sites\/2\/2022\/01\/Za\u0142\u0105cznik_6_Zobowi\u0105zanie_podmiotu_trzeciego.docx\" target=\"_blank\" rel=\"noopener noreferrer\">\u00a0<\/a><cite>Za\u0142\u0105cznik_6_Zobowi\u0105zanie_podmiotu_trzeciego<\/cite><\/p>\n<p class=\"downloadElemContainer2\"><a class=\"downloadElem pdf\" href=\"https:\/\/min-pan.krakow.pl\/instytut\/wp-content\/uploads\/sites\/2\/2022\/02\/Za\u0142\u0105cznik_7_Wz\u00f3r_umowy.pdf\" target=\"_blank\" rel=\"noopener noreferrer\">\u00a0<\/a><cite>Za\u0142\u0105cznik_7_Wz\u00f3r_umowy<\/cite><\/p>\n<p class=\"downloadElemContainer2\"><a class=\"downloadElem pdf\" href=\"https:\/\/min-pan.krakow.pl\/instytut\/wp-content\/uploads\/sites\/2\/2022\/01\/Wyja\u015bnienia-tre\u015bci-SWZ-1.pdf\" target=\"_blank\" rel=\"noopener noreferrer\">\u00a0<\/a><cite>Wyja\u015bnienia tre\u015bci SWZ<\/cite><\/p>\n<p class=\"downloadElemContainer2\"><a class=\"downloadElem pdf\" href=\"https:\/\/min-pan.krakow.pl\/instytut\/wp-content\/uploads\/sites\/2\/2022\/01\/Og\u0142oszenie_o_zmianie_og\u0142oszenia.pdf\" target=\"_blank\" rel=\"noopener noreferrer\">\u00a0<\/a><cite>Og\u0142oszenie_o_zmianie_og\u0142oszenia<\/cite><\/p>\n<p class=\"downloadElemContainer2\"><a class=\"downloadElem pdf\" href=\"https:\/\/min-pan.krakow.pl\/instytut\/wp-content\/uploads\/sites\/2\/2022\/01\/Informacja-o-przeznaczonej-kwocie-na-realizacj\u0119-zam\u00f3wienia-AF-271-7_21-sig.pdf\" target=\"_blank\" rel=\"noopener noreferrer\">\u00a0<\/a><cite>Informacja o przeznaczonej kwocie na realizacj\u0119 zam\u00f3wienia AF-271-7_21-sig<\/cite><\/p>\n<p><span style=\"color: #000080\"><strong>Wyb\u00f3r najkorzystniejszej oferty\u00a0<\/strong><\/span><\/p>\n<p class=\"downloadElemContainer2\"><a class=\"downloadElem pdf\" href=\"https:\/\/min-pan.krakow.pl\/instytut\/wp-content\/uploads\/sites\/2\/2022\/01\/Informacja-z-otwarcia-ofert_AF_271_7_21-sig.pdf\" target=\"_blank\" rel=\"noopener noreferrer\">\u00a0<\/a><cite>Informacja z otwarcia ofert_AF_271_7_21-sig<\/cite><\/p>\n<p class=\"downloadElemContainer2\"><a class=\"downloadElem pdf\" href=\"https:\/\/min-pan.krakow.pl\/instytut\/wp-content\/uploads\/sites\/2\/2022\/02\/AF-271-7_21_Informacja-o-wyborze-oferty-najkorzystniejszej-sig.pdf\" target=\"_blank\" rel=\"noopener noreferrer\">\u00a0<\/a><cite>AF-271-7_21_Informacja o wyborze oferty najkorzystniejszej-sig<\/cite><\/p>\n<p class=\"downloadElemContainer2\"><a class=\"downloadElem pdf\" href=\"https:\/\/min-pan.krakow.pl\/instytut\/wp-content\/uploads\/sites\/2\/2022\/02\/Og\u0142oszenie-o-udzieleniu-zam\u00f3wienia_2022_BZP-00056872_01.pdf\" target=\"_blank\" rel=\"noopener noreferrer\">\u00a0<\/a><cite>Og\u0142oszenie o udzieleniu zam\u00f3wienia_2022_BZP 00056872_01<\/cite><\/p>\n<p><\/p>","protected":false},"excerpt":{"rendered":"<p>\u015awiadczenie us\u0142ug hotelarskich i restauracyjnych w Krakowie podczas trwania XXXI konferencji z cyklu: &#8222;Szko\u0142a Eksploatacji Podziemnej&#8221; w dniach 21 lutego 2022 r. &#8211; 23 lutego 2022 r. \u00a0Og\u0142oszenie o zam\u00f3wieniu 2022BZP 0001088101 \u00a0SWZ SEP2022-sig \u00a0Za\u0142\u0105cznik_1_Opis_przedmiotu_zam\u00f3wienia \u00a0Za\u0142\u0105cznik_2_Formularz_oferty \u00a0Za\u0142\u0105cznik_3_O\u015bwiadczenie_o_braku_podstaw_wykluczenia_i_spe\u0142nianiu_warunk\u00f3w \u00a0Za\u0142\u0105cznik_4_Wykaz_us\u0142ug \u00a0Za\u0142\u0105cznik_5_O\u015bwiadczenie_o_grupie_kapita\u0142owej \u00a0Za\u0142\u0105cznik_6_Zobowi\u0105zanie_podmiotu_trzeciego \u00a0Za\u0142\u0105cznik_7_Wz\u00f3r_umowy \u00a0Wyja\u015bnienia tre\u015bci SWZ \u00a0Og\u0142oszenie_o_zmianie_og\u0142oszenia \u00a0Informacja o przeznaczonej kwocie na realizacj\u0119 zam\u00f3wienia AF-271-7_21-sig Wyb\u00f3r najkorzystniejszej [&hellip;]<\/p>\n","protected":false},"author":8,"featured_media":0,"parent":1562,"menu_order":27,"comment_status":"closed","ping_status":"closed","template":"templates\/template-document.php","meta":{"footnotes":""},"class_list":["post-2011","page","type-page","status-publish","hentry"],"_links":{"self":[{"href":"https:\/\/min-pan.krakow.pl\/instytut\/wp-json\/wp\/v2\/pages\/2011","targetHints":{"allow":["GET"]}}],"collection":[{"href":"https:\/\/min-pan.krakow.pl\/instytut\/wp-json\/wp\/v2\/pages"}],"about":[{"href":"https:\/\/min-pan.krakow.pl\/instytut\/wp-json\/wp\/v2\/types\/page"}],"author":[{"embeddable":true,"href":"https:\/\/min-pan.krakow.pl\/instytut\/wp-json\/wp\/v2\/users\/8"}],"replies":[{"embeddable":true,"href":"https:\/\/min-pan.krakow.pl\/instytut\/wp-json\/wp\/v2\/comments?post=2011"}],"version-history":[{"count":14,"href":"https:\/\/min-pan.krakow.pl\/instytut\/wp-json\/wp\/v2\/pages\/2011\/revisions"}],"predecessor-version":[{"id":2065,"href":"https:\/\/min-pan.krakow.pl\/instytut\/wp-json\/wp\/v2\/pages\/2011\/revisions\/2065"}],"up":[{"embeddable":true,"href":"https:\/\/min-pan.krakow.pl\/instytut\/wp-json\/wp\/v2\/pages\/1562"}],"wp:attachment":[{"href":"https:\/\/min-pan.krakow.pl\/instytut\/wp-json\/wp\/v2\/media?parent=2011"}],"curies":[{"name":"wp","href":"https:\/\/api.w.org\/{rel}","templated":true}]}}