{"id":1993,"date":"2021-12-21T16:35:38","date_gmt":"2021-12-21T15:35:38","guid":{"rendered":"https:\/\/min-pan.krakow.pl\/instytut\/?page_id=1993"},"modified":"2022-01-31T09:22:18","modified_gmt":"2022-01-31T08:22:18","slug":"zapytanie-nr-34-zapytanie-ofertowe-na-kompleksowe-doradztwo-i-przygotowanie-oraz-przeprowadzenie-postepowan-o-udzielenie-zamowienia-publicznego-na-potrzeby-realizacji-zamowien-na-rzecz-instytutu-gos","status":"publish","type":"page","link":"https:\/\/min-pan.krakow.pl\/instytut\/zamowienia-publiczne\/zapytania-ofertowe-2\/zapytanie-nr-34-zapytanie-ofertowe-na-kompleksowe-doradztwo-i-przygotowanie-oraz-przeprowadzenie-postepowan-o-udzielenie-zamowienia-publicznego-na-potrzeby-realizacji-zamowien-na-rzecz-instytutu-gos\/","title":{"rendered":"Zapytanie nr 34: Zapytanie ofertowe na kompleksowe doradztwo i przygotowanie oraz przeprowadzenie post\u0119powa\u0144 o udzielenie  zam\u00f3wienia publicznego na potrzeby realizacji zam\u00f3wie\u0144 na rzecz Instytutu Gospodarki Surowcami Mineralnymi i Energi\u0105 PAN z siedzib\u0105 w Krakowie"},"content":{"rendered":"<p><\/p>\n<p class=\"downloadElemContainer2\"><a class=\"downloadElem pdf\" href=\"https:\/\/min-pan.krakow.pl\/instytut\/wp-content\/uploads\/sites\/2\/2021\/12\/Zapytanie-ofertowe-nr-34_CZGSiE-_komplek.doradztwo-i-przep.post_.p.z.p.-sig.pdf\" target=\"_blank\" rel=\"noopener noreferrer\">\u00a0<\/a><cite>Zapytanie ofertowe na kompleksowe doradztwo i przygotowanie oraz przeprowadzenie post\u0119powa\u0144 o udzielenie zam\u00f3wienia publicznego na potrzeby realizacji zam\u00f3wie\u0144 na rzecz Instytutu Gospodarki Surowcami Mineralnymi i Energi\u0105 PAN z siedzib\u0105 w Krakowie<\/cite><\/p>\n<p class=\"downloadElemContainer2\"><a class=\"downloadElem pdf\" href=\"https:\/\/min-pan.krakow.pl\/instytut\/wp-content\/uploads\/sites\/2\/2021\/12\/Za\u0142.-1-Regulamin-udzielania-zam\u00f3wie\u0144-publiczych-z-31.12.2021.pdf\" target=\"_blank\" rel=\"noopener noreferrer\">\u00a0<\/a><cite>Za\u0142. 1 Regulamin udzielania zam\u00f3wie\u0144 publicznych z 31.12.2020 r.<\/cite><\/p>\n<p class=\"downloadElemContainer2\"><a class=\"downloadElem pdf\" href=\"https:\/\/min-pan.krakow.pl\/instytut\/wp-content\/uploads\/sites\/2\/2021\/12\/Za\u0142.-2-Wykaz-zam\u00f3wie\u0144_CZGSiE-sig.pdf\" target=\"_blank\" rel=\"noopener noreferrer\">\u00a0<\/a><cite>Za\u0142. 2 Wykaz zam\u00f3wie\u0144_CZGSiE<\/cite><\/p>\n<p class=\"downloadElemContainer2\"><a class=\"downloadElem docx\" href=\"https:\/\/min-pan.krakow.pl\/instytut\/wp-content\/uploads\/sites\/2\/2021\/12\/Za\u0142\u0105czniki_Zap.ofertowe_34_komplek.doradztwo-i-przep.post_.p.z.p..docx\" target=\"_blank\" rel=\"noopener noreferrer\">\u00a0<\/a><cite>Za\u0142\u0105czniki do zapytania ofertowego nr 34 &#8211; wersja edytowalna<\/cite><\/p>\n<p class=\"downloadElemContainer2\"><a class=\"downloadElem pdf\" href=\"https:\/\/min-pan.krakow.pl\/instytut\/wp-content\/uploads\/sites\/2\/2021\/12\/2021.12.28_Zmiana-tre\u015bci-Zap.Ofert_.34_IGSMiE-PAN_post.AF-272-3.2021-sig.pdf\" target=\"_blank\" rel=\"noopener noreferrer\">\u00a0<\/a><cite>2021.12.28_Zmiana tre\u015bci zapytania ofertowego nr 34<\/cite><\/p>\n<p><strong>Wyb\u00f3r najkorzystniejszej oferty\u00a0<\/strong><\/p>\n<p class=\"downloadElemContainer2\"><a class=\"downloadElem pdf\" href=\"https:\/\/min-pan.krakow.pl\/instytut\/wp-content\/uploads\/sites\/2\/2022\/01\/Za\u0142.3-_Protoko\u0142u-z-post\u0119powania-nr-34_znak-sprawy_AF-272-32021-sig.pdf\" target=\"_blank\" rel=\"noopener noreferrer\">\u00a0<\/a><cite>Za\u0142.3 _Protoko\u0142u z post\u0119powania nr 34_znak sprawy_AF-272-32021-sig<\/cite><\/p>\n<p><\/p>","protected":false},"excerpt":{"rendered":"<p>\u00a0Zapytanie ofertowe na kompleksowe doradztwo i przygotowanie oraz przeprowadzenie post\u0119powa\u0144 o udzielenie zam\u00f3wienia publicznego na potrzeby realizacji zam\u00f3wie\u0144 na rzecz Instytutu Gospodarki Surowcami Mineralnymi i Energi\u0105 PAN z siedzib\u0105 w Krakowie \u00a0Za\u0142. 1 Regulamin udzielania zam\u00f3wie\u0144 publicznych z 31.12.2020 r. \u00a0Za\u0142. 2 Wykaz zam\u00f3wie\u0144_CZGSiE \u00a0Za\u0142\u0105czniki do zapytania ofertowego nr 34 &#8211; wersja edytowalna \u00a02021.12.28_Zmiana tre\u015bci [&hellip;]<\/p>\n","protected":false},"author":11,"featured_media":0,"parent":1564,"menu_order":86,"comment_status":"closed","ping_status":"closed","template":"","meta":{"footnotes":""},"class_list":["post-1993","page","type-page","status-publish","hentry"],"_links":{"self":[{"href":"https:\/\/min-pan.krakow.pl\/instytut\/wp-json\/wp\/v2\/pages\/1993","targetHints":{"allow":["GET"]}}],"collection":[{"href":"https:\/\/min-pan.krakow.pl\/instytut\/wp-json\/wp\/v2\/pages"}],"about":[{"href":"https:\/\/min-pan.krakow.pl\/instytut\/wp-json\/wp\/v2\/types\/page"}],"author":[{"embeddable":true,"href":"https:\/\/min-pan.krakow.pl\/instytut\/wp-json\/wp\/v2\/users\/11"}],"replies":[{"embeddable":true,"href":"https:\/\/min-pan.krakow.pl\/instytut\/wp-json\/wp\/v2\/comments?post=1993"}],"version-history":[{"count":11,"href":"https:\/\/min-pan.krakow.pl\/instytut\/wp-json\/wp\/v2\/pages\/1993\/revisions"}],"predecessor-version":[{"id":2044,"href":"https:\/\/min-pan.krakow.pl\/instytut\/wp-json\/wp\/v2\/pages\/1993\/revisions\/2044"}],"up":[{"embeddable":true,"href":"https:\/\/min-pan.krakow.pl\/instytut\/wp-json\/wp\/v2\/pages\/1564"}],"wp:attachment":[{"href":"https:\/\/min-pan.krakow.pl\/instytut\/wp-json\/wp\/v2\/media?parent=1993"}],"curies":[{"name":"wp","href":"https:\/\/api.w.org\/{rel}","templated":true}]}}