{"id":1984,"date":"2021-12-15T13:26:05","date_gmt":"2021-12-15T12:26:05","guid":{"rendered":"https:\/\/min-pan.krakow.pl\/instytut\/?page_id=1984"},"modified":"2021-12-29T10:58:07","modified_gmt":"2021-12-29T09:58:07","slug":"zapytanie-nr-29-zapytanie-ofertowe-w-sprawie-realizacji-uslugi-dotyczacej-dobor-wskaznikow-dla-realizacji-zalozen-goz-dla-wojewodztwa-slaskiego-2-2-2-2","status":"publish","type":"page","link":"https:\/\/min-pan.krakow.pl\/instytut\/zamowienia-publiczne\/zapytania-ofertowe-2\/zapytanie-nr-29-zapytanie-ofertowe-w-sprawie-realizacji-uslugi-dotyczacej-dobor-wskaznikow-dla-realizacji-zalozen-goz-dla-wojewodztwa-slaskiego-2-2-2-2\/","title":{"rendered":"Zapytanie nr 33 &#8211; Zapytanie ofertowe w sprawie \u015bwiadczenia us\u0142ug restauracyjnych i konferencyjnych podczas trwania Mi\u0119dzynarodowej Konferencji &#8222;Ochrona z\u0142\u00f3\u017c kopalin jako podstawa bezpiecze\u0144stwa surowcowego&#8221; w dniach 10-11.05.2022, znak sprawy: AF-411-27\/19"},"content":{"rendered":"<p><\/p>\n<p class=\"downloadElemContainer2\">\n<p class=\"downloadElemContainer2\"><a class=\"downloadElem pdf\" href=\"https:\/\/min-pan.krakow.pl\/instytut\/wp-content\/uploads\/sites\/2\/2021\/12\/Zapytanie-ofertowe-w-sprawie-\u015bwiadczenia-us\u0142ug-resteuracyjnych-i-konferencyjnych-podczas-trwania.pdf\" target=\"_blank\" rel=\"noopener noreferrer\">\u00a0<\/a><cite>Zapytanie ofertowe w sprawie \u015bwiadczenia us\u0142ug restauracyjnych i konferencyjnych podczas trwania Mi\u0119dzynarodowej Konferencji &#8221; Ochrona z\u0142\u00f3\u017c kopalin jako podstawa bezpiecze\u0144stwa surowcowego&#8221; w dniach 10-11.05.2022, znak sprawy: AF-411-27\/19<\/cite><\/p>\n<p class=\"downloadElemContainer2\"><a class=\"downloadElem pdf\" href=\"https:\/\/min-pan.krakow.pl\/instytut\/wp-content\/uploads\/sites\/2\/2021\/12\/Zawiadomienie-o-wyborze-najkorzystniejszej-oferty.pdf\" target=\"_blank\" rel=\"noopener noreferrer\">\u00a0<\/a><cite>Zawiadomienie o wyborze najkorzystniejszej oferty<\/cite><\/p>\n<p><\/p>","protected":false},"excerpt":{"rendered":"<p>\u00a0Zapytanie ofertowe w sprawie \u015bwiadczenia us\u0142ug restauracyjnych i konferencyjnych podczas trwania Mi\u0119dzynarodowej Konferencji &#8221; Ochrona z\u0142\u00f3\u017c kopalin jako podstawa bezpiecze\u0144stwa surowcowego&#8221; w dniach 10-11.05.2022, znak sprawy: AF-411-27\/19 \u00a0Zawiadomienie o wyborze najkorzystniejszej oferty<\/p>\n","protected":false},"author":8,"featured_media":0,"parent":1564,"menu_order":87,"comment_status":"closed","ping_status":"closed","template":"","meta":{"footnotes":""},"class_list":["post-1984","page","type-page","status-publish","hentry"],"_links":{"self":[{"href":"https:\/\/min-pan.krakow.pl\/instytut\/wp-json\/wp\/v2\/pages\/1984","targetHints":{"allow":["GET"]}}],"collection":[{"href":"https:\/\/min-pan.krakow.pl\/instytut\/wp-json\/wp\/v2\/pages"}],"about":[{"href":"https:\/\/min-pan.krakow.pl\/instytut\/wp-json\/wp\/v2\/types\/page"}],"author":[{"embeddable":true,"href":"https:\/\/min-pan.krakow.pl\/instytut\/wp-json\/wp\/v2\/users\/8"}],"replies":[{"embeddable":true,"href":"https:\/\/min-pan.krakow.pl\/instytut\/wp-json\/wp\/v2\/comments?post=1984"}],"version-history":[{"count":3,"href":"https:\/\/min-pan.krakow.pl\/instytut\/wp-json\/wp\/v2\/pages\/1984\/revisions"}],"predecessor-version":[{"id":2008,"href":"https:\/\/min-pan.krakow.pl\/instytut\/wp-json\/wp\/v2\/pages\/1984\/revisions\/2008"}],"up":[{"embeddable":true,"href":"https:\/\/min-pan.krakow.pl\/instytut\/wp-json\/wp\/v2\/pages\/1564"}],"wp:attachment":[{"href":"https:\/\/min-pan.krakow.pl\/instytut\/wp-json\/wp\/v2\/media?parent=1984"}],"curies":[{"name":"wp","href":"https:\/\/api.w.org\/{rel}","templated":true}]}}