{"id":1916,"date":"2021-10-19T11:20:08","date_gmt":"2021-10-19T09:20:08","guid":{"rendered":"https:\/\/min-pan.krakow.pl\/instytut\/?page_id=1916"},"modified":"2021-10-19T11:20:08","modified_gmt":"2021-10-19T09:20:08","slug":"zapytanie-nr-29-zapytanie-ofertowe-w-sprawie-realizacji-uslugi-dotyczacej-dobor-wskaznikow-dla-realizacji-zalozen-goz-dla-wojewodztwa-slaskiego-2-2","status":"publish","type":"page","link":"https:\/\/min-pan.krakow.pl\/instytut\/zamowienia-publiczne\/zapytania-ofertowe-2\/zapytanie-nr-29-zapytanie-ofertowe-w-sprawie-realizacji-uslugi-dotyczacej-dobor-wskaznikow-dla-realizacji-zalozen-goz-dla-wojewodztwa-slaskiego-2-2\/","title":{"rendered":"Zapytanie nr 31 &#8211; Zapytanie ofertowe w sprawie realizacji us\u0142ugi dotycz\u0105cej: Dob\u00f3r wska\u017anik\u00f3w dla realizacji za\u0142o\u017ce\u0144 GOZ dla Miasta Skawina\u00a0\u00a0"},"content":{"rendered":"<p><\/p>\n<p class=\"downloadElemContainer2\"><a class=\"downloadElem pdf\" href=\"https:\/\/min-pan.krakow.pl\/instytut\/wp-content\/uploads\/sites\/2\/2021\/10\/Zapytanie-ofertowe-w-sprawie-realizacji-us\u0142ugi-dotycz\u0105cej.pdf\" target=\"_blank\" rel=\"noopener noreferrer\">\u00a0<\/a><cite>Zapytanie ofertowe w sprawie realizacji us\u0142ugi dotycz\u0105cej: Dob\u00f3r wska\u017anik\u00f3w dla realizacji za\u0142o\u017ce\u0144 GOZ dla Miasta Skawina\u00a0\u00a0<\/cite><\/p>\n<p><\/p>","protected":false},"excerpt":{"rendered":"<p>\u00a0Zapytanie ofertowe w sprawie realizacji us\u0142ugi dotycz\u0105cej: Dob\u00f3r wska\u017anik\u00f3w dla realizacji za\u0142o\u017ce\u0144 GOZ dla Miasta Skawina\u00a0\u00a0<\/p>\n","protected":false},"author":8,"featured_media":0,"parent":1564,"menu_order":89,"comment_status":"closed","ping_status":"closed","template":"","meta":{"footnotes":""},"class_list":["post-1916","page","type-page","status-publish","hentry"],"_links":{"self":[{"href":"https:\/\/min-pan.krakow.pl\/instytut\/wp-json\/wp\/v2\/pages\/1916","targetHints":{"allow":["GET"]}}],"collection":[{"href":"https:\/\/min-pan.krakow.pl\/instytut\/wp-json\/wp\/v2\/pages"}],"about":[{"href":"https:\/\/min-pan.krakow.pl\/instytut\/wp-json\/wp\/v2\/types\/page"}],"author":[{"embeddable":true,"href":"https:\/\/min-pan.krakow.pl\/instytut\/wp-json\/wp\/v2\/users\/8"}],"replies":[{"embeddable":true,"href":"https:\/\/min-pan.krakow.pl\/instytut\/wp-json\/wp\/v2\/comments?post=1916"}],"version-history":[{"count":1,"href":"https:\/\/min-pan.krakow.pl\/instytut\/wp-json\/wp\/v2\/pages\/1916\/revisions"}],"predecessor-version":[{"id":1918,"href":"https:\/\/min-pan.krakow.pl\/instytut\/wp-json\/wp\/v2\/pages\/1916\/revisions\/1918"}],"up":[{"embeddable":true,"href":"https:\/\/min-pan.krakow.pl\/instytut\/wp-json\/wp\/v2\/pages\/1564"}],"wp:attachment":[{"href":"https:\/\/min-pan.krakow.pl\/instytut\/wp-json\/wp\/v2\/media?parent=1916"}],"curies":[{"name":"wp","href":"https:\/\/api.w.org\/{rel}","templated":true}]}}