{"id":1893,"date":"2021-09-23T12:11:43","date_gmt":"2021-09-23T10:11:43","guid":{"rendered":"https:\/\/min-pan.krakow.pl\/instytut\/?page_id=1893"},"modified":"2021-10-05T10:49:37","modified_gmt":"2021-10-05T08:49:37","slug":"zapytanie-nr-29-zapytanie-ofertowe-w-sprawie-realizacji-uslugi-dotyczacej-dobor-wskaznikow-dla-realizacji-zalozen-goz-dla-wojewodztwa-slaskiego-2","status":"publish","type":"page","link":"https:\/\/min-pan.krakow.pl\/instytut\/zamowienia-publiczne\/zapytania-ofertowe-2\/zapytanie-nr-29-zapytanie-ofertowe-w-sprawie-realizacji-uslugi-dotyczacej-dobor-wskaznikow-dla-realizacji-zalozen-goz-dla-wojewodztwa-slaskiego-2\/","title":{"rendered":"Zapytanie nr 30 &#8211; Zapytanie ofertowe w sprawie realizacji us\u0142ugi dotycz\u0105cej: Realizacji wybranych za\u0142o\u017ce\u0144 Gospodarki o Obiegu Zamkni\u0119tym na podstawie powi\u0105za\u0144 surowcowo-produktowych oraz synergii biznesowej wybranych podmiot\u00f3w przemys\u0142u chemicznego"},"content":{"rendered":"<p><\/p>\n<p class=\"downloadElemContainer2\"><a class=\"downloadElem pdf\" href=\"https:\/\/min-pan.krakow.pl\/instytut\/wp-content\/uploads\/sites\/2\/2021\/09\/Zapytanie-ofertowe-Realizacja-wybranych-za\u0142o\u017ce\u0144-Gospodarki-o-Obiegu-Zamkni\u0119tym-na-podstawie-powi\u0105za\u0144.pdf\" target=\"_blank\" rel=\"noopener noreferrer\">\u00a0<\/a><cite>Zapytanie ofertowe w sprawie realizacji us\u0142ugi dotycz\u0105cej:\u00a0 Realizacji wybranych za\u0142o\u017ce\u0144 Gospodarki o Obiegu Zamkni\u0119tym na podstawie powi\u0105za\u0144 surowcowo &#8211; produktywnych oraz synergii biznesowej wybranych podmiot\u00f3w przemys\u0142u chemicznego\u00a0<\/cite><\/p>\n<p><strong>Uniewa\u017cnienie post\u0119powania\u00a0<\/strong><\/p>\n<p class=\"downloadElemContainer2\"><a class=\"downloadElem pdf\" href=\"https:\/\/min-pan.krakow.pl\/instytut\/wp-content\/uploads\/sites\/2\/2021\/10\/Uniewaznienie-postepowania-Realizacja-wybranych-zalozen-GOZ.pdf\" target=\"_blank\" rel=\"noopener noreferrer\">\u00a0<\/a><cite>Uniewa\u017cnienie post\u0119powania w sprawie realizacji us\u0142ugi dotycz\u0105cej: Realizacja wybranych za\u0142o\u017ce\u0144 Gospodarki o Obiegu Zamkni\u0119tym na podstawie powi\u0105za\u0144 surowcowo- produktywnych oraz synergii biznesowej wybranych podmiot\u00f3w przemys\u0142u chemicznego<\/cite><\/p>\n<p><\/p>","protected":false},"excerpt":{"rendered":"<p>\u00a0Zapytanie ofertowe w sprawie realizacji us\u0142ugi dotycz\u0105cej:\u00a0 Realizacji wybranych za\u0142o\u017ce\u0144 Gospodarki o Obiegu Zamkni\u0119tym na podstawie powi\u0105za\u0144 surowcowo &#8211; produktywnych oraz synergii biznesowej wybranych podmiot\u00f3w przemys\u0142u chemicznego\u00a0 Uniewa\u017cnienie post\u0119powania\u00a0 \u00a0Uniewa\u017cnienie post\u0119powania w sprawie realizacji us\u0142ugi dotycz\u0105cej: Realizacja wybranych za\u0142o\u017ce\u0144 Gospodarki o Obiegu Zamkni\u0119tym na podstawie powi\u0105za\u0144 surowcowo- produktywnych oraz synergii biznesowej wybranych podmiot\u00f3w przemys\u0142u chemicznego<\/p>\n","protected":false},"author":8,"featured_media":0,"parent":1564,"menu_order":90,"comment_status":"closed","ping_status":"closed","template":"","meta":{"footnotes":""},"class_list":["post-1893","page","type-page","status-publish","hentry"],"_links":{"self":[{"href":"https:\/\/min-pan.krakow.pl\/instytut\/wp-json\/wp\/v2\/pages\/1893","targetHints":{"allow":["GET"]}}],"collection":[{"href":"https:\/\/min-pan.krakow.pl\/instytut\/wp-json\/wp\/v2\/pages"}],"about":[{"href":"https:\/\/min-pan.krakow.pl\/instytut\/wp-json\/wp\/v2\/types\/page"}],"author":[{"embeddable":true,"href":"https:\/\/min-pan.krakow.pl\/instytut\/wp-json\/wp\/v2\/users\/8"}],"replies":[{"embeddable":true,"href":"https:\/\/min-pan.krakow.pl\/instytut\/wp-json\/wp\/v2\/comments?post=1893"}],"version-history":[{"count":3,"href":"https:\/\/min-pan.krakow.pl\/instytut\/wp-json\/wp\/v2\/pages\/1893\/revisions"}],"predecessor-version":[{"id":1915,"href":"https:\/\/min-pan.krakow.pl\/instytut\/wp-json\/wp\/v2\/pages\/1893\/revisions\/1915"}],"up":[{"embeddable":true,"href":"https:\/\/min-pan.krakow.pl\/instytut\/wp-json\/wp\/v2\/pages\/1564"}],"wp:attachment":[{"href":"https:\/\/min-pan.krakow.pl\/instytut\/wp-json\/wp\/v2\/media?parent=1893"}],"curies":[{"name":"wp","href":"https:\/\/api.w.org\/{rel}","templated":true}]}}