{"id":1882,"date":"2021-09-15T14:27:29","date_gmt":"2021-09-15T12:27:29","guid":{"rendered":"https:\/\/min-pan.krakow.pl\/instytut\/?page_id=1882"},"modified":"2021-09-30T11:34:34","modified_gmt":"2021-09-30T09:34:34","slug":"zapytanie-nr-29-zapytanie-ofertowe-w-sprawie-realizacji-uslugi-dotyczacej-dobor-wskaznikow-dla-realizacji-zalozen-goz-dla-wojewodztwa-slaskiego","status":"publish","type":"page","link":"https:\/\/min-pan.krakow.pl\/instytut\/zamowienia-publiczne\/zapytania-ofertowe-2\/zapytanie-nr-29-zapytanie-ofertowe-w-sprawie-realizacji-uslugi-dotyczacej-dobor-wskaznikow-dla-realizacji-zalozen-goz-dla-wojewodztwa-slaskiego\/","title":{"rendered":"Zapytanie nr 29 &#8211; Zapytanie ofertowe w sprawie realizacji us\u0142ugi dotycz\u0105cej: Dob\u00f3r wska\u017anik\u00f3w dla realizacji za\u0142o\u017ce\u0144 GOZ dla Wojew\u00f3dztwa \u015al\u0105skiego"},"content":{"rendered":"<p><\/p>\n<p class=\"downloadElemContainer2\"><a class=\"downloadElem pdf\" href=\"https:\/\/min-pan.krakow.pl\/instytut\/wp-content\/uploads\/sites\/2\/2021\/09\/Zapytanie-ofertowe-w-sprawie-realizacji-us\u0142ugi-dotycz\u0105cej-Dobr\u00f3r-wska\u017anik\u00f3w-dla-realizacji-za\u0142o\u017ce\u0144.pdf\" target=\"_blank\" rel=\"noopener noreferrer\">\u00a0<\/a><cite>Zapytanie ofertowe w sprawie realizacji us\u0142ugi dotycz\u0105cej: Dob\u00f3r wska\u017anik\u00f3w dla realizacji za\u0142o\u017ce\u0144 GOZ dla Wojew\u00f3dztwa \u015al\u0105skiego<\/cite><\/p>\n<p><strong>Wyb\u00f3r najkorzystniejszej oferty\u00a0<\/strong><\/p>\n<p class=\"downloadElemContainer2\"><a class=\"downloadElem pdf\" href=\"https:\/\/min-pan.krakow.pl\/instytut\/wp-content\/uploads\/sites\/2\/2021\/09\/Zawiadomienie-o-wyborze-najkorzystniejszej-oferty-do-zam\u00f3wienia.pdf\" target=\"_blank\" rel=\"noopener noreferrer\">\u00a0<\/a><cite>Zawiadomienie o wyborze najkorzystniejszej oferty dotycz\u0105cej zapytania ofertowego w sprawie realizacji us\u0142ugi: Dob\u00f3r wska\u017anik\u00f3w dla realizacji za\u0142o\u017ce\u0144 GOZ dla Wojew\u00f3dztwa \u015al\u0105skiego\u00a0\u00a0<\/cite><\/p>\n<p><\/p>","protected":false},"excerpt":{"rendered":"<p>\u00a0Zapytanie ofertowe w sprawie realizacji us\u0142ugi dotycz\u0105cej: Dob\u00f3r wska\u017anik\u00f3w dla realizacji za\u0142o\u017ce\u0144 GOZ dla Wojew\u00f3dztwa \u015al\u0105skiego Wyb\u00f3r najkorzystniejszej oferty\u00a0 \u00a0Zawiadomienie o wyborze najkorzystniejszej oferty dotycz\u0105cej zapytania ofertowego w sprawie realizacji us\u0142ugi: Dob\u00f3r wska\u017anik\u00f3w dla realizacji za\u0142o\u017ce\u0144 GOZ dla Wojew\u00f3dztwa \u015al\u0105skiego\u00a0\u00a0<\/p>\n","protected":false},"author":8,"featured_media":0,"parent":1564,"menu_order":91,"comment_status":"closed","ping_status":"closed","template":"","meta":{"footnotes":""},"class_list":["post-1882","page","type-page","status-publish","hentry"],"_links":{"self":[{"href":"https:\/\/min-pan.krakow.pl\/instytut\/wp-json\/wp\/v2\/pages\/1882","targetHints":{"allow":["GET"]}}],"collection":[{"href":"https:\/\/min-pan.krakow.pl\/instytut\/wp-json\/wp\/v2\/pages"}],"about":[{"href":"https:\/\/min-pan.krakow.pl\/instytut\/wp-json\/wp\/v2\/types\/page"}],"author":[{"embeddable":true,"href":"https:\/\/min-pan.krakow.pl\/instytut\/wp-json\/wp\/v2\/users\/8"}],"replies":[{"embeddable":true,"href":"https:\/\/min-pan.krakow.pl\/instytut\/wp-json\/wp\/v2\/comments?post=1882"}],"version-history":[{"count":4,"href":"https:\/\/min-pan.krakow.pl\/instytut\/wp-json\/wp\/v2\/pages\/1882\/revisions"}],"predecessor-version":[{"id":1912,"href":"https:\/\/min-pan.krakow.pl\/instytut\/wp-json\/wp\/v2\/pages\/1882\/revisions\/1912"}],"up":[{"embeddable":true,"href":"https:\/\/min-pan.krakow.pl\/instytut\/wp-json\/wp\/v2\/pages\/1564"}],"wp:attachment":[{"href":"https:\/\/min-pan.krakow.pl\/instytut\/wp-json\/wp\/v2\/media?parent=1882"}],"curies":[{"name":"wp","href":"https:\/\/api.w.org\/{rel}","templated":true}]}}