{"id":1877,"date":"2021-09-15T14:24:27","date_gmt":"2021-09-15T12:24:27","guid":{"rendered":"https:\/\/min-pan.krakow.pl\/instytut\/?page_id=1877"},"modified":"2021-09-30T11:31:43","modified_gmt":"2021-09-30T09:31:43","slug":"zapytanie-ofertowe-w-sprawie-realizacji-uslugi-dotyczacej-dobor-wskaznikow-dla-realizacji-zalozen-goz-dla-miasta-ruda-slaska","status":"publish","type":"page","link":"https:\/\/min-pan.krakow.pl\/instytut\/zamowienia-publiczne\/zapytania-ofertowe-2\/zapytanie-ofertowe-w-sprawie-realizacji-uslugi-dotyczacej-dobor-wskaznikow-dla-realizacji-zalozen-goz-dla-miasta-ruda-slaska\/","title":{"rendered":"Zapytanie nr 28 &#8211; Zapytanie ofertowe w sprawie realizacji us\u0142ugi dotycz\u0105cej: Dob\u00f3r wska\u017anik\u00f3w dla realizacji za\u0142o\u017ce\u0144 GOZ dla miasta Ruda \u015al\u0105ska"},"content":{"rendered":"<p><\/p>\n<p class=\"downloadElemContainer2\"><a class=\"downloadElem pdf\" href=\"https:\/\/min-pan.krakow.pl\/instytut\/wp-content\/uploads\/sites\/2\/2021\/09\/Zapytanie-ofertowe-w-sprawie-realizacji-us\u0142ugi-dotycz\u0105cej-Dobr\u00f3r-wska\u017anik\u00f3w-dla-realizacji-za\u0142o\u017ce\u0144-Ruda.pdf\" target=\"_blank\" rel=\"noopener noreferrer\">\u00a0<\/a><cite>Zapytanie ofertowe w sprawie realizacji us\u0142ugi dotycz\u0105cej: Dob\u00f3r wska\u017anik\u00f3w dla realizacji za\u0142o\u017ce\u0144 GOZ dla miasta Ruda \u015al\u0105ska<\/cite><\/p>\n<p><strong>Wyb\u00f3r najkorzystniejszej oferty\u00a0<\/strong><\/p>\n<p class=\"downloadElemContainer2\"><a class=\"downloadElem pdf\" href=\"https:\/\/min-pan.krakow.pl\/instytut\/wp-content\/uploads\/sites\/2\/2021\/09\/Zawiadomienie-o-wyborze-najkorzystniejszej-oferty.pdf\" target=\"_blank\" rel=\"noopener noreferrer\">\u00a0<\/a><cite>Zawiadomienie o wyborze najkorzystniejszej oferty dotycz\u0105cej zapytania ofertowego w sprawie realizacji us\u0142ugi: Dob\u00f3r wska\u017anik\u00f3w dla realizacji za\u0142o\u017ce\u0144 GOZ dla miasta Ruda \u015al\u0105ska<\/cite><\/p>\n<p><\/p>","protected":false},"excerpt":{"rendered":"<p>\u00a0Zapytanie ofertowe w sprawie realizacji us\u0142ugi dotycz\u0105cej: Dob\u00f3r wska\u017anik\u00f3w dla realizacji za\u0142o\u017ce\u0144 GOZ dla miasta Ruda \u015al\u0105ska Wyb\u00f3r najkorzystniejszej oferty\u00a0 \u00a0Zawiadomienie o wyborze najkorzystniejszej oferty dotycz\u0105cej zapytania ofertowego w sprawie realizacji us\u0142ugi: Dob\u00f3r wska\u017anik\u00f3w dla realizacji za\u0142o\u017ce\u0144 GOZ dla miasta Ruda \u015al\u0105ska<\/p>\n","protected":false},"author":8,"featured_media":0,"parent":1564,"menu_order":92,"comment_status":"closed","ping_status":"closed","template":"","meta":{"footnotes":""},"class_list":["post-1877","page","type-page","status-publish","hentry"],"_links":{"self":[{"href":"https:\/\/min-pan.krakow.pl\/instytut\/wp-json\/wp\/v2\/pages\/1877","targetHints":{"allow":["GET"]}}],"collection":[{"href":"https:\/\/min-pan.krakow.pl\/instytut\/wp-json\/wp\/v2\/pages"}],"about":[{"href":"https:\/\/min-pan.krakow.pl\/instytut\/wp-json\/wp\/v2\/types\/page"}],"author":[{"embeddable":true,"href":"https:\/\/min-pan.krakow.pl\/instytut\/wp-json\/wp\/v2\/users\/8"}],"replies":[{"embeddable":true,"href":"https:\/\/min-pan.krakow.pl\/instytut\/wp-json\/wp\/v2\/comments?post=1877"}],"version-history":[{"count":6,"href":"https:\/\/min-pan.krakow.pl\/instytut\/wp-json\/wp\/v2\/pages\/1877\/revisions"}],"predecessor-version":[{"id":1910,"href":"https:\/\/min-pan.krakow.pl\/instytut\/wp-json\/wp\/v2\/pages\/1877\/revisions\/1910"}],"up":[{"embeddable":true,"href":"https:\/\/min-pan.krakow.pl\/instytut\/wp-json\/wp\/v2\/pages\/1564"}],"wp:attachment":[{"href":"https:\/\/min-pan.krakow.pl\/instytut\/wp-json\/wp\/v2\/media?parent=1877"}],"curies":[{"name":"wp","href":"https:\/\/api.w.org\/{rel}","templated":true}]}}