{"id":1837,"date":"2021-08-05T12:20:21","date_gmt":"2021-08-05T10:20:21","guid":{"rendered":"https:\/\/min-pan.krakow.pl\/instytut\/?page_id=1837"},"modified":"2021-08-24T11:07:30","modified_gmt":"2021-08-24T09:07:30","slug":"zapytanie-nr-19-zapytanie-ofertowe-w-sprawie-realizacji-uslugi-dotyczacej-organizacji-miedzynarodowej-konferencji-naukowej-pt-innowacyjne-pomysly-mlodych-naukowcow-nauka-startu-2-3-2-2-2","status":"publish","type":"page","link":"https:\/\/min-pan.krakow.pl\/instytut\/zamowienia-publiczne\/zapytania-ofertowe-2\/zapytanie-nr-19-zapytanie-ofertowe-w-sprawie-realizacji-uslugi-dotyczacej-organizacji-miedzynarodowej-konferencji-naukowej-pt-innowacyjne-pomysly-mlodych-naukowcow-nauka-startu-2-3-2-2-2\/","title":{"rendered":"Zapytanie nr 26- Zapytanie ofertowe w sprawie realizacji us\u0142ugi dotycza\u0328cej eko projektowanie bran\u017ca chemiczna"},"content":{"rendered":"<p><strong>Zapytanie nr 26<\/strong><\/p>\n<p class=\"downloadElemContainer2\"><a class=\"downloadElem pdf\" href=\"https:\/\/min-pan.krakow.pl\/instytut\/wp-content\/uploads\/sites\/2\/2021\/08\/Zapytanie-ofertowe-w-sprawie-realizacji-us\u0142ugi-dotycza\u0328cej_eko-projektowanie-bran\u017ca-chemiczna.pdf\" target=\"_blank\" rel=\"noopener noreferrer\">\u00a0<\/a><cite>Zapytanie ofertowe w sprawie realizacji us\u0142ugi dotycza\u0328cej eko projektowanie bran\u017ca chemiczna<\/cite><\/p>\n<p><strong>Wyb\u00f3r najkorzystniejszej oferty\u00a0<\/strong><\/p>\n<p class=\"downloadElemContainer2\"><a class=\"downloadElem pdf\" href=\"https:\/\/min-pan.krakow.pl\/instytut\/wp-content\/uploads\/sites\/2\/2021\/08\/Zawiadomienie-o-wyborze-najkorzystniejszej-oferty.pdf\" target=\"_blank\" rel=\"noopener noreferrer\">\u00a0<\/a><cite>Zawiadomienie o wyborze najkorzystniejszej oferty dotycz\u0105cej realizacji us\u0142ugi eko projektowanie bran\u017ca chemiczna<\/cite><\/p>\n<p class=\"downloadElemContainer2\">\n<p><\/p>","protected":false},"excerpt":{"rendered":"<p>Zapytanie nr 26 \u00a0Zapytanie ofertowe w sprawie realizacji us\u0142ugi dotycza\u0328cej eko projektowanie bran\u017ca chemiczna Wyb\u00f3r najkorzystniejszej oferty\u00a0 \u00a0Zawiadomienie o wyborze najkorzystniejszej oferty dotycz\u0105cej realizacji us\u0142ugi eko projektowanie bran\u017ca chemiczna<\/p>\n","protected":false},"author":8,"featured_media":0,"parent":1564,"menu_order":94,"comment_status":"closed","ping_status":"closed","template":"templates\/template-document.php","meta":{"footnotes":""},"class_list":["post-1837","page","type-page","status-publish","hentry"],"_links":{"self":[{"href":"https:\/\/min-pan.krakow.pl\/instytut\/wp-json\/wp\/v2\/pages\/1837","targetHints":{"allow":["GET"]}}],"collection":[{"href":"https:\/\/min-pan.krakow.pl\/instytut\/wp-json\/wp\/v2\/pages"}],"about":[{"href":"https:\/\/min-pan.krakow.pl\/instytut\/wp-json\/wp\/v2\/types\/page"}],"author":[{"embeddable":true,"href":"https:\/\/min-pan.krakow.pl\/instytut\/wp-json\/wp\/v2\/users\/8"}],"replies":[{"embeddable":true,"href":"https:\/\/min-pan.krakow.pl\/instytut\/wp-json\/wp\/v2\/comments?post=1837"}],"version-history":[{"count":3,"href":"https:\/\/min-pan.krakow.pl\/instytut\/wp-json\/wp\/v2\/pages\/1837\/revisions"}],"predecessor-version":[{"id":1854,"href":"https:\/\/min-pan.krakow.pl\/instytut\/wp-json\/wp\/v2\/pages\/1837\/revisions\/1854"}],"up":[{"embeddable":true,"href":"https:\/\/min-pan.krakow.pl\/instytut\/wp-json\/wp\/v2\/pages\/1564"}],"wp:attachment":[{"href":"https:\/\/min-pan.krakow.pl\/instytut\/wp-json\/wp\/v2\/media?parent=1837"}],"curies":[{"name":"wp","href":"https:\/\/api.w.org\/{rel}","templated":true}]}}