{"id":1810,"date":"2021-07-12T10:31:59","date_gmt":"2021-07-12T08:31:59","guid":{"rendered":"https:\/\/min-pan.krakow.pl\/instytut\/?page_id=1810"},"modified":"2021-07-12T10:33:23","modified_gmt":"2021-07-12T08:33:23","slug":"zapytanie-nr-19-zapytanie-ofertowe-w-sprawie-realizacji-uslugi-dotyczacej-organizacji-miedzynarodowej-konferencji-naukowej-pt-innowacyjne-pomysly-mlodych-naukowcow-nauka-startu-2-3-2","status":"publish","type":"page","link":"https:\/\/min-pan.krakow.pl\/instytut\/zamowienia-publiczne\/zapytania-ofertowe-2\/zapytanie-nr-19-zapytanie-ofertowe-w-sprawie-realizacji-uslugi-dotyczacej-organizacji-miedzynarodowej-konferencji-naukowej-pt-innowacyjne-pomysly-mlodych-naukowcow-nauka-startu-2-3-2\/","title":{"rendered":"Zapytanie nr 24- Zapytanie ofertowe na us\u0142ugi spo\u0142eczne, kt\u00f3rych przedmiotem jest &#8222;\u015bwiadczenie us\u0142ug hotelarskich i restauracyjnych podczas trwania XXX konferencji z cyklu &#8222;Aktualia i perspektywy gospodarki surowcami mineralnymi&#8221;, znak sprawy: AF-271-6\/21"},"content":{"rendered":"<p><strong>Zapytanie nr 24<\/strong><\/p>\n<p class=\"downloadElemContainer2\"><a class=\"downloadElem pdf\" href=\"https:\/\/min-pan.krakow.pl\/instytut\/wp-content\/uploads\/sites\/2\/2021\/07\/Zapytanie-ofertowe-na-us\u0142ugi-spo\u0142eczne-kt\u00f3rych-przedmiotem-jest.pdf\" target=\"_blank\" rel=\"noopener noreferrer\">\u00a0<\/a><cite>Zapytanie ofertowe na us\u0142ugi spo\u0142eczne, kt\u00f3rych przedmiotem jest &#8222;\u015bwiadczenie us\u0142ug hotelarskich i restauracyjnych podczas trwania XXX konferencji z cyklu &#8222;Aktualia i perspektywy gospodarki surowcami mineralnymi&#8221;, znak sprawy: AF-271-6\/21<\/cite><\/p>\n<p class=\"downloadElemContainer2\">\n<p><\/p>","protected":false},"excerpt":{"rendered":"<p>Zapytanie nr 24 \u00a0Zapytanie ofertowe na us\u0142ugi spo\u0142eczne, kt\u00f3rych przedmiotem jest &#8222;\u015bwiadczenie us\u0142ug hotelarskich i restauracyjnych podczas trwania XXX konferencji z cyklu &#8222;Aktualia i perspektywy gospodarki surowcami mineralnymi&#8221;, znak sprawy: AF-271-6\/21<\/p>\n","protected":false},"author":8,"featured_media":0,"parent":1564,"menu_order":96,"comment_status":"closed","ping_status":"closed","template":"templates\/template-document.php","meta":{"footnotes":""},"class_list":["post-1810","page","type-page","status-publish","hentry"],"_links":{"self":[{"href":"https:\/\/min-pan.krakow.pl\/instytut\/wp-json\/wp\/v2\/pages\/1810","targetHints":{"allow":["GET"]}}],"collection":[{"href":"https:\/\/min-pan.krakow.pl\/instytut\/wp-json\/wp\/v2\/pages"}],"about":[{"href":"https:\/\/min-pan.krakow.pl\/instytut\/wp-json\/wp\/v2\/types\/page"}],"author":[{"embeddable":true,"href":"https:\/\/min-pan.krakow.pl\/instytut\/wp-json\/wp\/v2\/users\/8"}],"replies":[{"embeddable":true,"href":"https:\/\/min-pan.krakow.pl\/instytut\/wp-json\/wp\/v2\/comments?post=1810"}],"version-history":[{"count":2,"href":"https:\/\/min-pan.krakow.pl\/instytut\/wp-json\/wp\/v2\/pages\/1810\/revisions"}],"predecessor-version":[{"id":1813,"href":"https:\/\/min-pan.krakow.pl\/instytut\/wp-json\/wp\/v2\/pages\/1810\/revisions\/1813"}],"up":[{"embeddable":true,"href":"https:\/\/min-pan.krakow.pl\/instytut\/wp-json\/wp\/v2\/pages\/1564"}],"wp:attachment":[{"href":"https:\/\/min-pan.krakow.pl\/instytut\/wp-json\/wp\/v2\/media?parent=1810"}],"curies":[{"name":"wp","href":"https:\/\/api.w.org\/{rel}","templated":true}]}}