{"id":1775,"date":"2021-06-17T09:26:22","date_gmt":"2021-06-17T07:26:22","guid":{"rendered":"https:\/\/min-pan.krakow.pl\/instytut\/?page_id=1775"},"modified":"2021-06-17T09:27:07","modified_gmt":"2021-06-17T07:27:07","slug":"zapytanie-nr-19-zapytanie-ofertowe-w-sprawie-realizacji-uslugi-dotyczacej-organizacji-miedzynarodowej-konferencji-naukowej-pt-innowacyjne-pomysly-mlodych-naukowcow-nauka-startu-2-3","status":"publish","type":"page","link":"https:\/\/min-pan.krakow.pl\/instytut\/zamowienia-publiczne\/zapytania-ofertowe-2\/zapytanie-nr-19-zapytanie-ofertowe-w-sprawie-realizacji-uslugi-dotyczacej-organizacji-miedzynarodowej-konferencji-naukowej-pt-innowacyjne-pomysly-mlodych-naukowcow-nauka-startu-2-3\/","title":{"rendered":"Zapytanie nr 23- Zapytanie ofertowe w sprawie  realizacji us\u0142ugi dotycz\u0105cej przeprowadzenia badania dotycz\u0105cego wdra\u017cania gospodarki o obiegu zamkni\u0119tym  w wybranych bran\u017cach gospodarki polskiej"},"content":{"rendered":"<p><strong>Zapytanie nr 23<\/strong><\/p>\n<p class=\"downloadElemContainer2\"><a class=\"downloadElem docx\" href=\"https:\/\/min-pan.krakow.pl\/instytut\/wp-content\/uploads\/sites\/2\/2021\/06\/Zapytanie-ofertowe-w-sprawie.docx\" target=\"_blank\" rel=\"noopener noreferrer\">\u00a0<\/a><cite>Zapytanie ofertowe w sprawie realizacji us\u0142ugi dotycz\u0105cej przeprowadzenia badania dotycz\u0105cego wdra\u017cania gospodarki o obiegu zamkni\u0119tym w wybranych bran\u017cach gospodarki polskiej<\/cite><\/p>\n<p><\/p>","protected":false},"excerpt":{"rendered":"<p>Zapytanie nr 23 \u00a0Zapytanie ofertowe w sprawie realizacji us\u0142ugi dotycz\u0105cej przeprowadzenia badania dotycz\u0105cego wdra\u017cania gospodarki o obiegu zamkni\u0119tym w wybranych bran\u017cach gospodarki polskiej<\/p>\n","protected":false},"author":8,"featured_media":0,"parent":1564,"menu_order":97,"comment_status":"closed","ping_status":"closed","template":"templates\/template-document.php","meta":{"footnotes":""},"class_list":["post-1775","page","type-page","status-publish","hentry"],"_links":{"self":[{"href":"https:\/\/min-pan.krakow.pl\/instytut\/wp-json\/wp\/v2\/pages\/1775","targetHints":{"allow":["GET"]}}],"collection":[{"href":"https:\/\/min-pan.krakow.pl\/instytut\/wp-json\/wp\/v2\/pages"}],"about":[{"href":"https:\/\/min-pan.krakow.pl\/instytut\/wp-json\/wp\/v2\/types\/page"}],"author":[{"embeddable":true,"href":"https:\/\/min-pan.krakow.pl\/instytut\/wp-json\/wp\/v2\/users\/8"}],"replies":[{"embeddable":true,"href":"https:\/\/min-pan.krakow.pl\/instytut\/wp-json\/wp\/v2\/comments?post=1775"}],"version-history":[{"count":1,"href":"https:\/\/min-pan.krakow.pl\/instytut\/wp-json\/wp\/v2\/pages\/1775\/revisions"}],"predecessor-version":[{"id":1778,"href":"https:\/\/min-pan.krakow.pl\/instytut\/wp-json\/wp\/v2\/pages\/1775\/revisions\/1778"}],"up":[{"embeddable":true,"href":"https:\/\/min-pan.krakow.pl\/instytut\/wp-json\/wp\/v2\/pages\/1564"}],"wp:attachment":[{"href":"https:\/\/min-pan.krakow.pl\/instytut\/wp-json\/wp\/v2\/media?parent=1775"}],"curies":[{"name":"wp","href":"https:\/\/api.w.org\/{rel}","templated":true}]}}