{"id":1713,"date":"2021-04-13T17:16:00","date_gmt":"2021-04-13T15:16:00","guid":{"rendered":"https:\/\/min-pan.krakow.pl\/instytut\/?page_id=1713"},"modified":"2021-06-11T12:39:51","modified_gmt":"2021-06-11T10:39:51","slug":"pelnienie-funkcji-inspektora-nadzoru-budowlanego-przy-realizacji-inwestycji-pn-rozbudowa-i-przebudowa-istniejacego-budynku-biurowego-o-budynek-laboratoryjno-biurowy-nowe-skrzydlo-z-garazem-2-2","status":"publish","type":"page","link":"https:\/\/min-pan.krakow.pl\/instytut\/zamowienia-publiczne\/zamowienia-pzp-3\/pelnienie-funkcji-inspektora-nadzoru-budowlanego-przy-realizacji-inwestycji-pn-rozbudowa-i-przebudowa-istniejacego-budynku-biurowego-o-budynek-laboratoryjno-biurowy-nowe-skrzydlo-z-garazem-2-2\/","title":{"rendered":"Pe\u0142nienie funkcji inspektora nadzoru budowlanego przy realizacji inwestycji pn. &#8222;Rozbudowa i przebudowa istniej\u0105cego budynku biurowego o budynek laboratoryjno-biurowy (nowe skrzyd\u0142o) z gara\u017cem podziemnym, naziemnymi miejscami postojowymi, wewn\u0119trznym uk\u0142adem komunikacyjnym i infrastruktur\u0105 techniczn\u0105 oraz przebudow\u0105 wjazdu, na dzia\u0142kach nr 359\/5 i 359\/4 (cz\u0119\u015b\u0107) obr. 44 Krowodrza, ul. Wybickiego 7A, Krak\u00f3w\u201d, znak sprawy AF-272-1\/2021."},"content":{"rendered":"<p><span style=\"color: #000080\"><strong>Pe\u0142nienie funkcji inspektora nadzoru budowlanego przy realizacji inwestycji pn. \u201eRozbudowa i przebudowa istniej\u0105cego budynku biurowego o budynek laboratoryjno-biurowy (nowe skrzyd\u0142o) z gara\u017cem podziemnym, naziemnymi miejscami postojowymi, wewn\u0119trznym uk\u0142adem komunikacyjnym i infrastruktur\u0105 techniczn\u0105 oraz przebudow\u0105 wjazdu, na dzia\u0142kach nr 359\/5 i 359\/4 (cz\u0119\u015b\u0107) obr. 44 Krowodrza, ul. Wybickiego 7A, Krak\u00f3w\u201d; znak sprawy: AF-272-1\/2021.<\/strong><\/span><\/p>\n<p class=\"downloadElemContainer2\"><a class=\"downloadElem pdf\" href=\"https:\/\/min-pan.krakow.pl\/instytut\/wp-content\/uploads\/sites\/2\/2021\/04\/Og\u0142oszenie-o-zam\u00f3wieniu-nr-2021BZP-0002863302P.pdf\" target=\"_blank\" rel=\"noopener noreferrer\">\u00a0<\/a><cite>Og\u0142oszenie o zam\u00f3wieniu nr 2021BZP 0002863302P<\/cite><\/p>\n<p class=\"downloadElemContainer2\"><a class=\"downloadElem pdf\" href=\"https:\/\/min-pan.krakow.pl\/instytut\/wp-content\/uploads\/sites\/2\/2021\/04\/SWZ-Inspektor-nadzoru-sig.pdf\" target=\"_blank\" rel=\"noopener noreferrer\">\u00a0<\/a><cite>SWZ &#8211; Inspektor nadzoru-sig<\/cite><\/p>\n<p class=\"downloadElemContainer2\"><a class=\"downloadElem docx\" href=\"https:\/\/min-pan.krakow.pl\/instytut\/wp-content\/uploads\/sites\/2\/2021\/04\/Za\u0142\u0105cznik-nr-1-do-SWZ_AF_272_1_2021.docx\" target=\"_blank\" rel=\"noopener noreferrer\">\u00a0<\/a><cite>Za\u0142\u0105cznik nr 1 do SWZ_AF_272_1_2021<\/cite><\/p>\n<p class=\"downloadElemContainer2\"><a class=\"downloadElem docx\" href=\"https:\/\/min-pan.krakow.pl\/instytut\/wp-content\/uploads\/sites\/2\/2021\/04\/Za\u0142\u0105cznik-nr-2-do-SWZ_AF_272_1_2021.docx\" target=\"_blank\" rel=\"noopener noreferrer\">\u00a0<\/a><cite>Za\u0142\u0105cznik nr 2 do SWZ_AF_272_1_2021<\/cite><\/p>\n<p class=\"downloadElemContainer2\"><a class=\"downloadElem docx\" href=\"https:\/\/min-pan.krakow.pl\/instytut\/wp-content\/uploads\/sites\/2\/2021\/04\/Za\u0142\u0105cznik-nr-3-do-SWZ_AF_272_1_2021.docx\" target=\"_blank\" rel=\"noopener noreferrer\">\u00a0<\/a><cite>Za\u0142\u0105cznik nr 3 do SWZ_AF_272_1_2021<\/cite><\/p>\n<p class=\"downloadElemContainer2\"><a class=\"downloadElem doc\" href=\"https:\/\/min-pan.krakow.pl\/instytut\/wp-content\/uploads\/sites\/2\/2021\/04\/Za\u0142\u0105cznik-nr-4a-do-SWZ_AF_272_1_2021.doc\" target=\"_blank\" rel=\"noopener noreferrer\">\u00a0<\/a><cite>Za\u0142\u0105cznik nr 4a do SWZ_AF_272_1_2021<\/cite><\/p>\n<p class=\"downloadElemContainer2\"><a class=\"downloadElem docx\" href=\"https:\/\/min-pan.krakow.pl\/instytut\/wp-content\/uploads\/sites\/2\/2021\/04\/Za\u0142\u0105cznik-nr-4b-do-SWZ_AF_272_1_2021.docx\" target=\"_blank\" rel=\"noopener noreferrer\">\u00a0<\/a><cite>Za\u0142\u0105cznik nr 4b do SWZ_AF_272_1_2021<\/cite><\/p>\n<p class=\"downloadElemContainer2\"><a class=\"downloadElem docx\" href=\"https:\/\/min-pan.krakow.pl\/instytut\/wp-content\/uploads\/sites\/2\/2021\/04\/Za\u0142\u0105cznik-nr-5-do-SWZ_AF_272_1_2021.docx\" target=\"_blank\" rel=\"noopener noreferrer\">\u00a0<\/a><cite>Za\u0142\u0105cznik nr 5 do SWZ_AF_272_1_2021<\/cite><\/p>\n<p class=\"downloadElemContainer2\"><a class=\"downloadElem docx\" href=\"https:\/\/min-pan.krakow.pl\/instytut\/wp-content\/uploads\/sites\/2\/2021\/04\/Za\u0142\u0105cznik-nr-6-do-SWZ_AF_272_1_2021.docx\" target=\"_blank\" rel=\"noopener noreferrer\">\u00a0<\/a><cite>Za\u0142\u0105cznik nr 6 do SWZ_AF_272_1_2021<\/cite><\/p>\n<p class=\"downloadElemContainer2\"><a class=\"downloadElem docx\" href=\"https:\/\/min-pan.krakow.pl\/instytut\/wp-content\/uploads\/sites\/2\/2021\/04\/Za\u0142\u0105cznik-nr-7-do-SWZ_AF_272_1_2021.docx\" target=\"_blank\" rel=\"noopener noreferrer\">\u00a0<\/a><cite>Za\u0142\u0105cznik nr 7 do SWZ_AF_272_1_2021<\/cite><\/p>\n<p class=\"downloadElemContainer2\"><a class=\"downloadElem pdf\" href=\"https:\/\/min-pan.krakow.pl\/instytut\/wp-content\/uploads\/sites\/2\/2021\/04\/Za\u0142\u0105cznik-do-wzoru-umowy-1.1-PFU_AF-272_1_2021.pdf\" target=\"_blank\" rel=\"noopener noreferrer\">\u00a0<\/a><cite>Za\u0142\u0105cznik do wzoru umowy (1.1) PFU_AF-272_1_2021<\/cite><\/p>\n<p class=\"downloadElemContainer2\"><a class=\"downloadElem pdf\" href=\"https:\/\/min-pan.krakow.pl\/instytut\/wp-content\/uploads\/sites\/2\/2021\/04\/Za\u0142\u0105cznik-do-wzoru-umowy-1.2-pytania-do-SIWZ-wykonawczego_AF_272_1_2021.pdf\" target=\"_blank\" rel=\"noopener noreferrer\">\u00a0<\/a><cite>Za\u0142\u0105cznik do wzoru umowy (1.2) pytania do SIWZ wykonawczego_AF_272_1_2021<\/cite><\/p>\n<p class=\"downloadElemContainer2\"><a class=\"downloadElem docx\" href=\"https:\/\/min-pan.krakow.pl\/instytut\/wp-content\/uploads\/sites\/2\/2021\/04\/Za\u0142\u0105cznik-do-wzoru-umowy-1.3-umowa-wykonawcza_AF_272_1_2021.docx\" target=\"_blank\" rel=\"noopener noreferrer\">\u00a0<\/a><cite>Za\u0142\u0105cznik do wzoru umowy (1.3) umowa wykonawcza_AF_272_1_2021<\/cite><\/p>\n<p class=\"downloadElemContainer2\"><a class=\"downloadElem pdf\" href=\"https:\/\/min-pan.krakow.pl\/instytut\/wp-content\/uploads\/sites\/2\/2021\/04\/Informacja-o-przeznaczonej-kwocie-na-realizacj\u0119-zam\u00f3wienia_AF_272_1_2021-sig.pdf\" target=\"_blank\" rel=\"noopener noreferrer\">\u00a0<\/a><cite>Informacja o przeznaczonej kwocie na realizacj\u0119 zam\u00f3wienia_AF_272_1_2021-sig<\/cite><\/p>\n<p><span style=\"color: #000080\"><strong>Odpowiedzi na pytania do przetargu nieograniczonego_znak: AF-272-1\/2021<\/strong><\/span><\/p>\n<p class=\"downloadElemContainer2\"><a class=\"downloadElem pdf\" href=\"https:\/\/min-pan.krakow.pl\/instytut\/wp-content\/uploads\/sites\/2\/2021\/04\/1.-AF_272_1_2021_Odpowied\u017a-na-zapytanie-z-dnia-15.04.2021-sig.pdf\" target=\"_blank\" rel=\"noopener noreferrer\">\u00a0<\/a><cite>1. AF_272_1_2021_Odpowied\u017a na zapytanie z dnia 15.04.2021-sig<\/cite><\/p>\n<p><span style=\"color: #000080\"><strong>Wyb\u00f3r najkorzystniejszej oferty _znak: AF-272-1\/2021<\/strong><\/span><\/p>\n<p class=\"downloadElemContainer2\"><a class=\"downloadElem pdf\" href=\"https:\/\/min-pan.krakow.pl\/instytut\/wp-content\/uploads\/sites\/2\/2021\/06\/Informacje-o-uniewa\u017cnieniu-Post\u0119powania-z-dnia-11.06.2021_AF_272_1_2021-sig.pdf\" target=\"_blank\" rel=\"noopener noreferrer\">\u00a0<\/a><cite>Informacje o uniewa\u017cnieniu Post\u0119powania z dnia 11.06.2021_AF_272_1_2021-sig<\/cite><\/p>\n<p class=\"downloadElemContainer2\"><a class=\"downloadElem pdf\" href=\"https:\/\/min-pan.krakow.pl\/instytut\/wp-content\/uploads\/sites\/2\/2021\/05\/Informacja-o-wyborze-najkorzystniejszej-oferty-II-z-27.05.2021_AF_272_1_2021-sig-1.pdf\" target=\"_blank\" rel=\"noopener noreferrer\">\u00a0<\/a><cite>Informacja o wyborze najkorzystniejszej oferty II z 27.05.2021_AF_272_1_2021-sig-1<\/cite><\/p>\n<p class=\"downloadElemContainer2\"><a class=\"downloadElem pdf\" href=\"https:\/\/min-pan.krakow.pl\/instytut\/wp-content\/uploads\/sites\/2\/2021\/05\/Informacja-o-uniewa\u017cnieniu-czynno\u015bci-oceny-i-wyboru-najkorzystniejszej-oferty-z-24.05.2021_AF_272_1_2021-sig-1.pdf\" target=\"_blank\" rel=\"noopener noreferrer\">\u00a0<\/a><cite>Informacja o uniewa\u017cnieniu czynno\u015bci oceny i wyboru najkorzystniejszej oferty z 24.05.2021_AF_272_1_2021-sig-1<\/cite><\/p>\n<p class=\"downloadElemContainer2\"><a class=\"downloadElem pdf\" href=\"https:\/\/min-pan.krakow.pl\/instytut\/wp-content\/uploads\/sites\/2\/2021\/05\/Informacja-o-wyborze-najkorzystniejszej-oferty-z-14.05.2021_AF_272_1_2021sig.pdf\" target=\"_blank\" rel=\"noopener noreferrer\">\u00a0<\/a><cite>Informacja o wyborze najkorzystniejszej oferty z 14.05.2021_AF_272_1_2021-sig<\/cite><\/p>\n<p class=\"downloadElemContainer2\"><a class=\"downloadElem pdf\" href=\"https:\/\/min-pan.krakow.pl\/instytut\/wp-content\/uploads\/sites\/2\/2021\/04\/Informacja-z-otwarcia-ofert-z-21.04.2021_AF_272_1_2021-sig.pdf\" target=\"_blank\" rel=\"noopener noreferrer\">\u00a0<\/a><cite>Informacja z otwarcia ofert z 21.04.2021_AF_272_1_2021-sig<\/cite><\/p>\n<p class=\"downloadElemContainer2\">\n<p><\/p>","protected":false},"excerpt":{"rendered":"<p>Pe\u0142nienie funkcji inspektora nadzoru budowlanego przy realizacji inwestycji pn. \u201eRozbudowa i przebudowa istniej\u0105cego budynku biurowego o budynek laboratoryjno-biurowy (nowe skrzyd\u0142o) z gara\u017cem podziemnym, naziemnymi miejscami postojowymi, wewn\u0119trznym uk\u0142adem komunikacyjnym i infrastruktur\u0105 techniczn\u0105 oraz przebudow\u0105 wjazdu, na dzia\u0142kach nr 359\/5 i 359\/4 (cz\u0119\u015b\u0107) obr. 44 Krowodrza, ul. Wybickiego 7A, Krak\u00f3w\u201d; znak sprawy: AF-272-1\/2021. \u00a0Og\u0142oszenie o zam\u00f3wieniu [&hellip;]<\/p>\n","protected":false},"author":8,"featured_media":0,"parent":1562,"menu_order":17,"comment_status":"closed","ping_status":"closed","template":"templates\/template-document.php","meta":{"footnotes":""},"class_list":["post-1713","page","type-page","status-publish","hentry"],"_links":{"self":[{"href":"https:\/\/min-pan.krakow.pl\/instytut\/wp-json\/wp\/v2\/pages\/1713","targetHints":{"allow":["GET"]}}],"collection":[{"href":"https:\/\/min-pan.krakow.pl\/instytut\/wp-json\/wp\/v2\/pages"}],"about":[{"href":"https:\/\/min-pan.krakow.pl\/instytut\/wp-json\/wp\/v2\/types\/page"}],"author":[{"embeddable":true,"href":"https:\/\/min-pan.krakow.pl\/instytut\/wp-json\/wp\/v2\/users\/8"}],"replies":[{"embeddable":true,"href":"https:\/\/min-pan.krakow.pl\/instytut\/wp-json\/wp\/v2\/comments?post=1713"}],"version-history":[{"count":11,"href":"https:\/\/min-pan.krakow.pl\/instytut\/wp-json\/wp\/v2\/pages\/1713\/revisions"}],"predecessor-version":[{"id":1774,"href":"https:\/\/min-pan.krakow.pl\/instytut\/wp-json\/wp\/v2\/pages\/1713\/revisions\/1774"}],"up":[{"embeddable":true,"href":"https:\/\/min-pan.krakow.pl\/instytut\/wp-json\/wp\/v2\/pages\/1562"}],"wp:attachment":[{"href":"https:\/\/min-pan.krakow.pl\/instytut\/wp-json\/wp\/v2\/media?parent=1713"}],"curies":[{"name":"wp","href":"https:\/\/api.w.org\/{rel}","templated":true}]}}