{"id":1706,"date":"2021-04-07T14:26:46","date_gmt":"2021-04-07T12:26:46","guid":{"rendered":"https:\/\/min-pan.krakow.pl\/instytut\/?page_id=1706"},"modified":"2022-09-28T13:23:22","modified_gmt":"2022-09-28T11:23:22","slug":"pelnienie-funkcji-inspektora-nadzoru-budowlanego-przy-realizacji-inwestycji-pn-rozbudowa-i-przebudowa-istniejacego-budynku-biurowego-o-budynek-laboratoryjno-biurowy-nowe-skrzydlo-z-garazem","status":"publish","type":"page","link":"https:\/\/min-pan.krakow.pl\/instytut\/zamowienia-publiczne\/zamowienia-pzp-2\/pelnienie-funkcji-inspektora-nadzoru-budowlanego-przy-realizacji-inwestycji-pn-rozbudowa-i-przebudowa-istniejacego-budynku-biurowego-o-budynek-laboratoryjno-biurowy-nowe-skrzydlo-z-garazem\/","title":{"rendered":"Plan post\u0119powania o udzielenie zam\u00f3wie\u0144 na rok 2022"},"content":{"rendered":"<p><\/p>\n<p class=\"downloadElemContainer2\"><a class=\"downloadElem pdf\" href=\"https:\/\/min-pan.krakow.pl\/instytut\/wp-content\/uploads\/sites\/2\/2022\/06\/Plan-zam\u00f3wie\u0144_2022_zamieszczony-na-PZP.pdf\" target=\"_blank\" rel=\"noopener noreferrer\">\u00a0<\/a><cite>Plan post\u0119powania o udzielenie zam\u00f3wie\u0144 na rok 2022 wersja nr 1 &#8211; Zamieszczony w Biuletynie Zam\u00f3wie\u0144 Publicznych w dniu 26.05.2022 r. nr 2022\/BZP 00178387\/01\/P<\/cite><\/p>\n<p class=\"downloadElemContainer2\"><a class=\"downloadElem pdf\" href=\"https:\/\/min-pan.krakow.pl\/instytut\/wp-content\/uploads\/sites\/2\/2022\/09\/Plan-zam\u00f3wie\u0144_2022_aktualizacja_zamieszczony-na-PZP.pdf\" target=\"_blank\" rel=\"noopener noreferrer\">\u00a0<\/a><cite>Plan post\u0119powania o udzielenie zam\u00f3wie\u0144 na rok 2022 wersja nr 2 &#8211; Zamieszczony w Biuletynie Zam\u00f3wie\u0144 Publicznych w dniu 28.09.2022 r. nr 2022\/BZP 00178387\/02\/P<\/cite><\/p>\n<p>&nbsp;<\/p>\n<p class=\"downloadElemContainer2\">\n<p><\/p>","protected":false},"excerpt":{"rendered":"<p>\u00a0Plan post\u0119powania o udzielenie zam\u00f3wie\u0144 na rok 2022 wersja nr 1 &#8211; Zamieszczony w Biuletynie Zam\u00f3wie\u0144 Publicznych w dniu 26.05.2022 r. nr 2022\/BZP 00178387\/01\/P \u00a0Plan post\u0119powania o udzielenie zam\u00f3wie\u0144 na rok 2022 wersja nr 2 &#8211; Zamieszczony w Biuletynie Zam\u00f3wie\u0144 Publicznych w dniu 28.09.2022 r. nr 2022\/BZP 00178387\/02\/P &nbsp;<\/p>\n","protected":false},"author":8,"featured_media":0,"parent":1700,"menu_order":65,"comment_status":"closed","ping_status":"closed","template":"templates\/template-document.php","meta":{"footnotes":""},"class_list":["post-1706","page","type-page","status-publish","hentry"],"_links":{"self":[{"href":"https:\/\/min-pan.krakow.pl\/instytut\/wp-json\/wp\/v2\/pages\/1706","targetHints":{"allow":["GET"]}}],"collection":[{"href":"https:\/\/min-pan.krakow.pl\/instytut\/wp-json\/wp\/v2\/pages"}],"about":[{"href":"https:\/\/min-pan.krakow.pl\/instytut\/wp-json\/wp\/v2\/types\/page"}],"author":[{"embeddable":true,"href":"https:\/\/min-pan.krakow.pl\/instytut\/wp-json\/wp\/v2\/users\/8"}],"replies":[{"embeddable":true,"href":"https:\/\/min-pan.krakow.pl\/instytut\/wp-json\/wp\/v2\/comments?post=1706"}],"version-history":[{"count":6,"href":"https:\/\/min-pan.krakow.pl\/instytut\/wp-json\/wp\/v2\/pages\/1706\/revisions"}],"predecessor-version":[{"id":2281,"href":"https:\/\/min-pan.krakow.pl\/instytut\/wp-json\/wp\/v2\/pages\/1706\/revisions\/2281"}],"up":[{"embeddable":true,"href":"https:\/\/min-pan.krakow.pl\/instytut\/wp-json\/wp\/v2\/pages\/1700"}],"wp:attachment":[{"href":"https:\/\/min-pan.krakow.pl\/instytut\/wp-json\/wp\/v2\/media?parent=1706"}],"curies":[{"name":"wp","href":"https:\/\/api.w.org\/{rel}","templated":true}]}}