{"id":1690,"date":"2021-04-04T20:35:34","date_gmt":"2021-04-04T18:35:34","guid":{"rendered":"https:\/\/min-pan.krakow.pl\/instytut\/?page_id=1690"},"modified":"2021-04-29T10:02:56","modified_gmt":"2021-04-29T08:02:56","slug":"zapytanie-nr-19-zapytanie-ofertowe-w-sprawie-realizacji-uslugi-dotyczacej-organizacji-miedzynarodowej-konferencji-naukowej-pt-innowacyjne-pomysly-mlodych-naukowcow-nauka-startu-2-2","status":"publish","type":"page","link":"https:\/\/min-pan.krakow.pl\/instytut\/zamowienia-publiczne\/zapytania-ofertowe-2\/zapytanie-nr-19-zapytanie-ofertowe-w-sprawie-realizacji-uslugi-dotyczacej-organizacji-miedzynarodowej-konferencji-naukowej-pt-innowacyjne-pomysly-mlodych-naukowcow-nauka-startu-2-2\/","title":{"rendered":"Zapytanie nr 20- Zapytanie ofertowe w sprawie realizacji us\u0142ugi przeprowadzenia badania ankietowego w zakresie monitorowania gospodarki o obiegu zamkni\u0119tym (GOZ) przez podmioty gospodarcze  z wojew\u00f3dztwa \u015aL\u0104SKIEGO z wybranych 5 bran\u017c przemys\u0142u (budownictwo, energetyka, chemiczna, rolno-spo\u017cywcza, wydobywcza)"},"content":{"rendered":"<p><strong>Zapytanie nr 20<\/strong><\/p>\n<p class=\"downloadElemContainer2\"><a class=\"downloadElem docx\" href=\"https:\/\/min-pan.krakow.pl\/instytut\/wp-content\/uploads\/sites\/2\/2021\/04\/Zapytanie-ofertowe-ankietowanie-\u015al\u0105sk.docx\" target=\"_blank\" rel=\"noopener noreferrer\">\u00a0<\/a><cite>Zapytanie ofertowe w sprawie realizacji us\u0142ugi przeprowadzenia badania ankietowego w zakresie monitorowania gospodarki o obiegu zamkni\u0119tym (GOZ) przez podmioty gospodarcze z wojew\u00f3dztwa \u015al\u0105skiego z wybranych 5 bran\u017c przemys\u0142u ( budownictwo, energetyka, chemiczna, rolno-spo\u017cywcza, wydobywcza).<\/cite><\/p>\n<p><strong>Uniewa\u017cnienie post\u0119powania\u00a0<\/strong><\/p>\n<p class=\"downloadElemContainer2\"><a class=\"downloadElem docx\" href=\"https:\/\/min-pan.krakow.pl\/instytut\/wp-content\/uploads\/sites\/2\/2021\/04\/Uniewa\u017cnienie-post\u0119powania-Slask.docx\" target=\"_blank\" rel=\"noopener noreferrer\">\u00a0<\/a><cite>Uniewa\u017cnienie post\u0119powania\u00a0 zapytania ofertowego w sprawie realizacji us\u0142ugi przeprowadzenia badania ankietowego w zakresie monitorowania gospodarki o obiegu zamkni\u0119tym (GOZ) przez podmioty gospodarcze z wojew\u00f3dztwa \u015al\u0105skiego z wybranych 5 bran\u017c przemys\u0142u ( budownictwo, energetyka, chemiczna, rolno-spo\u017cywcza, wydobywcza).\u00a0<\/cite><\/p>\n<p><\/p>","protected":false},"excerpt":{"rendered":"<p>Zapytanie nr 20 \u00a0Zapytanie ofertowe w sprawie realizacji us\u0142ugi przeprowadzenia badania ankietowego w zakresie monitorowania gospodarki o obiegu zamkni\u0119tym (GOZ) przez podmioty gospodarcze z wojew\u00f3dztwa \u015al\u0105skiego z wybranych 5 bran\u017c przemys\u0142u ( budownictwo, energetyka, chemiczna, rolno-spo\u017cywcza, wydobywcza). Uniewa\u017cnienie post\u0119powania\u00a0 \u00a0Uniewa\u017cnienie post\u0119powania\u00a0 zapytania ofertowego w sprawie realizacji us\u0142ugi przeprowadzenia badania ankietowego w zakresie monitorowania gospodarki o [&hellip;]<\/p>\n","protected":false},"author":8,"featured_media":0,"parent":1564,"menu_order":100,"comment_status":"closed","ping_status":"closed","template":"templates\/template-document.php","meta":{"footnotes":""},"class_list":["post-1690","page","type-page","status-publish","hentry"],"_links":{"self":[{"href":"https:\/\/min-pan.krakow.pl\/instytut\/wp-json\/wp\/v2\/pages\/1690","targetHints":{"allow":["GET"]}}],"collection":[{"href":"https:\/\/min-pan.krakow.pl\/instytut\/wp-json\/wp\/v2\/pages"}],"about":[{"href":"https:\/\/min-pan.krakow.pl\/instytut\/wp-json\/wp\/v2\/types\/page"}],"author":[{"embeddable":true,"href":"https:\/\/min-pan.krakow.pl\/instytut\/wp-json\/wp\/v2\/users\/8"}],"replies":[{"embeddable":true,"href":"https:\/\/min-pan.krakow.pl\/instytut\/wp-json\/wp\/v2\/comments?post=1690"}],"version-history":[{"count":4,"href":"https:\/\/min-pan.krakow.pl\/instytut\/wp-json\/wp\/v2\/pages\/1690\/revisions"}],"predecessor-version":[{"id":1750,"href":"https:\/\/min-pan.krakow.pl\/instytut\/wp-json\/wp\/v2\/pages\/1690\/revisions\/1750"}],"up":[{"embeddable":true,"href":"https:\/\/min-pan.krakow.pl\/instytut\/wp-json\/wp\/v2\/pages\/1564"}],"wp:attachment":[{"href":"https:\/\/min-pan.krakow.pl\/instytut\/wp-json\/wp\/v2\/media?parent=1690"}],"curies":[{"name":"wp","href":"https:\/\/api.w.org\/{rel}","templated":true}]}}