{"id":1687,"date":"2021-04-04T20:29:47","date_gmt":"2021-04-04T18:29:47","guid":{"rendered":"https:\/\/min-pan.krakow.pl\/instytut\/?page_id=1687"},"modified":"2021-04-29T10:06:22","modified_gmt":"2021-04-29T08:06:22","slug":"zapytanie-nr-19-zapytanie-ofertowe-w-sprawie-realizacji-uslugi-dotyczacej-organizacji-miedzynarodowej-konferencji-naukowej-pt-innowacyjne-pomysly-mlodych-naukowcow-nauka-startu-2","status":"publish","type":"page","link":"https:\/\/min-pan.krakow.pl\/instytut\/zamowienia-publiczne\/zapytania-ofertowe-2\/zapytanie-nr-19-zapytanie-ofertowe-w-sprawie-realizacji-uslugi-dotyczacej-organizacji-miedzynarodowej-konferencji-naukowej-pt-innowacyjne-pomysly-mlodych-naukowcow-nauka-startu-2\/","title":{"rendered":"Zapytanie nr 22- Zapytanie ofertowe w sprawie realizacji us\u0142ugi przeprowadzenia badania ankietowego w zakresie monitorowania gospodarki o obiegu zamkni\u0119tym (GOZ) przez podmioty gospodarcze  z wojew\u00f3dztwa MA\u0141OPOLSKIEGO z wybranych 5 bran\u017c przemys\u0142u (budownictwo, energetyka, chemiczna, rolno-spo\u017cywcza, wydobywcza)"},"content":{"rendered":"<p><strong>Zapytanie nr 22<\/strong><\/p>\n<p class=\"downloadElemContainer2\"><a class=\"downloadElem docx\" href=\"https:\/\/min-pan.krakow.pl\/instytut\/wp-content\/uploads\/sites\/2\/2021\/04\/Zapytanie-ofertowe-ankietowanie-Ma\u0142opolska.docx\" target=\"_blank\" rel=\"noopener noreferrer\">\u00a0<\/a><cite>Zapytanie ofertowe w sprawie realizacji us\u0142ugi przeprowadzenia badania ankietowego\u00a0 w zakresie monitorowania gospodarki o obiegu zamkni\u0119tym (GOZ) przez podmioty gospodarcze z wojew\u00f3dztwa Ma\u0142opolskiego z wybranych 5 bran\u017c przemys\u0142u ( budownictwo, energetyka, chemiczna, rolno-spo\u017cywcza, wydobywcza).<\/cite><\/p>\n<p><strong>Uniewa\u017cnienie post\u0119powania\u00a0<\/strong><\/p>\n<p class=\"downloadElemContainer2\"><a class=\"downloadElem docx\" href=\"https:\/\/min-pan.krakow.pl\/instytut\/wp-content\/uploads\/sites\/2\/2021\/04\/Uniewa\u017cnienie-post\u0119powania-Malopolskie.docx\" target=\"_blank\" rel=\"noopener noreferrer\">\u00a0<\/a><cite>Uniewa\u017cnienie post\u0119powania zapytania ofertowego w sprawie realizacji us\u0142ugi przeprowadzenia badania ankietowego w zakresie monitorowania gospodarki o obiegu zamkni\u0119tym (GOZ) przez podmioty gospodarcze z wojew\u00f3dztwa Ma\u0142opolskiego z wybranych 5 bran\u017c przemys\u0142u ( budownictwo, energetyka, chemiczna, rolno-spo\u017cywcza, wydobywcza).\u00a0<\/cite><\/p>\n<p><\/p>","protected":false},"excerpt":{"rendered":"<p>Zapytanie nr 22 \u00a0Zapytanie ofertowe w sprawie realizacji us\u0142ugi przeprowadzenia badania ankietowego\u00a0 w zakresie monitorowania gospodarki o obiegu zamkni\u0119tym (GOZ) przez podmioty gospodarcze z wojew\u00f3dztwa Ma\u0142opolskiego z wybranych 5 bran\u017c przemys\u0142u ( budownictwo, energetyka, chemiczna, rolno-spo\u017cywcza, wydobywcza). Uniewa\u017cnienie post\u0119powania\u00a0 \u00a0Uniewa\u017cnienie post\u0119powania zapytania ofertowego w sprawie realizacji us\u0142ugi przeprowadzenia badania ankietowego w zakresie monitorowania gospodarki o [&hellip;]<\/p>\n","protected":false},"author":8,"featured_media":0,"parent":1564,"menu_order":98,"comment_status":"closed","ping_status":"closed","template":"templates\/template-document.php","meta":{"footnotes":""},"class_list":["post-1687","page","type-page","status-publish","hentry"],"_links":{"self":[{"href":"https:\/\/min-pan.krakow.pl\/instytut\/wp-json\/wp\/v2\/pages\/1687","targetHints":{"allow":["GET"]}}],"collection":[{"href":"https:\/\/min-pan.krakow.pl\/instytut\/wp-json\/wp\/v2\/pages"}],"about":[{"href":"https:\/\/min-pan.krakow.pl\/instytut\/wp-json\/wp\/v2\/types\/page"}],"author":[{"embeddable":true,"href":"https:\/\/min-pan.krakow.pl\/instytut\/wp-json\/wp\/v2\/users\/8"}],"replies":[{"embeddable":true,"href":"https:\/\/min-pan.krakow.pl\/instytut\/wp-json\/wp\/v2\/comments?post=1687"}],"version-history":[{"count":3,"href":"https:\/\/min-pan.krakow.pl\/instytut\/wp-json\/wp\/v2\/pages\/1687\/revisions"}],"predecessor-version":[{"id":1752,"href":"https:\/\/min-pan.krakow.pl\/instytut\/wp-json\/wp\/v2\/pages\/1687\/revisions\/1752"}],"up":[{"embeddable":true,"href":"https:\/\/min-pan.krakow.pl\/instytut\/wp-json\/wp\/v2\/pages\/1564"}],"wp:attachment":[{"href":"https:\/\/min-pan.krakow.pl\/instytut\/wp-json\/wp\/v2\/media?parent=1687"}],"curies":[{"name":"wp","href":"https:\/\/api.w.org\/{rel}","templated":true}]}}