{"id":1667,"date":"2021-03-16T11:54:31","date_gmt":"2021-03-16T10:54:31","guid":{"rendered":"https:\/\/min-pan.krakow.pl\/instytut\/?page_id=1667"},"modified":"2021-06-17T09:38:38","modified_gmt":"2021-06-17T07:38:38","slug":"zapytanie-nr-19-zapytanie-ofertowe-w-sprawie-realizacji-uslugi-dotyczacej-organizacji-miedzynarodowej-konferencji-naukowej-pt-innowacyjne-pomysly-mlodych-naukowcow-nauka-startu","status":"publish","type":"page","link":"https:\/\/min-pan.krakow.pl\/instytut\/zamowienia-publiczne\/zapytania-ofertowe-2\/zapytanie-nr-19-zapytanie-ofertowe-w-sprawie-realizacji-uslugi-dotyczacej-organizacji-miedzynarodowej-konferencji-naukowej-pt-innowacyjne-pomysly-mlodych-naukowcow-nauka-startu\/","title":{"rendered":"Zapytanie nr 19- Zapytanie ofertowe w sprawie realizacji us\u0142ugi dotycz\u0105cej:  organizacji Mi\u0119dzynarodowej konferencji naukowej  pt. \u201eInnowacyjne pomys\u0142y m\u0142odych naukowc\u00f3w: Nauka \u2013Startup \u2013Przemys\u0142&#8221;"},"content":{"rendered":"<p><strong>Zapytanie nr 19<\/strong><\/p>\n<p class=\"downloadElemContainer2\"><a class=\"downloadElem docx\" href=\"https:\/\/min-pan.krakow.pl\/instytut\/wp-content\/uploads\/sites\/2\/2021\/03\/Zapytanie-ofertowe-w-sprawie-realizacji-us\u0142ugi-dotycza\u0328cej_przeprowadzenia-konferencji-1.docx\" target=\"_blank\" rel=\"noopener noreferrer\">\u00a0<\/a><cite>Zapytanie ofertowe w sprawie realizacji us\u0142ugi dotycza\u0328cej przeprowadzenia organizacji Mi\u0119dzynarodowej\u00a0 konferencji naukowej pt. &#8222;Innowacyjne pomys\u0142y m\u0142odych naukowc\u00f3w: Nauka-Startup-Przemys\u0142&#8221;.<\/cite><\/p>\n<p>&nbsp;<\/p>\n<p><strong>Wyb\u00f3r najkorzystniejszej oferty\u00a0<\/strong><\/p>\n<p class=\"downloadElemContainer2\"><a class=\"downloadElem pdf\" href=\"https:\/\/min-pan.krakow.pl\/instytut\/wp-content\/uploads\/sites\/2\/2021\/04\/Protok\u00f3\u0142-post\u0119powania-dotycz\u0105cy-zapytania-ofertowego-w-sprawie-realizacji-us\u0142ugi-dotycz\u0105cej-przeprowadzenia-organizacji-Mi\u0119dzynarodowej-konferencji-naukowej-.pdf\" target=\"_blank\" rel=\"noopener noreferrer\">\u00a0<\/a><cite>Protok\u00f3\u0142 post\u0119powania dotycz\u0105cy zapytania ofertowego w sprawie realizacji us\u0142ugi dotycz\u0105cej przeprowadzenia organizacji Mi\u0119dzynarodowej konferencji naukowej pt. &#8222;Innowacyjne pomys\u0142y m\u0142odych naukowc\u00f3w: Nauka-Startup-Przemys\u0142&#8221;.\u00a0<\/cite><\/p>\n<p class=\"downloadElemContainer2\"><a class=\"downloadElem pdf\" href=\"https:\/\/min-pan.krakow.pl\/instytut\/wp-content\/uploads\/sites\/2\/2021\/04\/Zawiadomienie-o-wyborze-najkorzystniejszej-oferty.pdf\" target=\"_blank\" rel=\"noopener noreferrer\">\u00a0<\/a><cite>Zawiadomienie o wyborze najkorzystniejszej oferty w sprawie realizacji us\u0142ugi dotycz\u0105cej przeprowadzenia organizacji Mi\u0119dzynarodowej konferencji naukowej pt.&#8221; Innowacyjne pomys\u0142y m\u0142odych naukowc\u00f3w : Nauka-Startup-Przemys\u0142&#8221;.<\/cite><\/p>\n<p><\/p>","protected":false},"excerpt":{"rendered":"<p>Zapytanie nr 19 \u00a0Zapytanie ofertowe w sprawie realizacji us\u0142ugi dotycza\u0328cej przeprowadzenia organizacji Mi\u0119dzynarodowej\u00a0 konferencji naukowej pt. &#8222;Innowacyjne pomys\u0142y m\u0142odych naukowc\u00f3w: Nauka-Startup-Przemys\u0142&#8221;. &nbsp; Wyb\u00f3r najkorzystniejszej oferty\u00a0 \u00a0Protok\u00f3\u0142 post\u0119powania dotycz\u0105cy zapytania ofertowego w sprawie realizacji us\u0142ugi dotycz\u0105cej przeprowadzenia organizacji Mi\u0119dzynarodowej konferencji naukowej pt. &#8222;Innowacyjne pomys\u0142y m\u0142odych naukowc\u00f3w: Nauka-Startup-Przemys\u0142&#8221;.\u00a0 \u00a0Zawiadomienie o wyborze najkorzystniejszej oferty w sprawie realizacji us\u0142ugi [&hellip;]<\/p>\n","protected":false},"author":8,"featured_media":0,"parent":1564,"menu_order":101,"comment_status":"closed","ping_status":"closed","template":"templates\/template-document.php","meta":{"footnotes":""},"class_list":["post-1667","page","type-page","status-publish","hentry"],"_links":{"self":[{"href":"https:\/\/min-pan.krakow.pl\/instytut\/wp-json\/wp\/v2\/pages\/1667","targetHints":{"allow":["GET"]}}],"collection":[{"href":"https:\/\/min-pan.krakow.pl\/instytut\/wp-json\/wp\/v2\/pages"}],"about":[{"href":"https:\/\/min-pan.krakow.pl\/instytut\/wp-json\/wp\/v2\/types\/page"}],"author":[{"embeddable":true,"href":"https:\/\/min-pan.krakow.pl\/instytut\/wp-json\/wp\/v2\/users\/8"}],"replies":[{"embeddable":true,"href":"https:\/\/min-pan.krakow.pl\/instytut\/wp-json\/wp\/v2\/comments?post=1667"}],"version-history":[{"count":11,"href":"https:\/\/min-pan.krakow.pl\/instytut\/wp-json\/wp\/v2\/pages\/1667\/revisions"}],"predecessor-version":[{"id":1741,"href":"https:\/\/min-pan.krakow.pl\/instytut\/wp-json\/wp\/v2\/pages\/1667\/revisions\/1741"}],"up":[{"embeddable":true,"href":"https:\/\/min-pan.krakow.pl\/instytut\/wp-json\/wp\/v2\/pages\/1564"}],"wp:attachment":[{"href":"https:\/\/min-pan.krakow.pl\/instytut\/wp-json\/wp\/v2\/media?parent=1667"}],"curies":[{"name":"wp","href":"https:\/\/api.w.org\/{rel}","templated":true}]}}