{"id":1606,"date":"2021-01-27T10:57:32","date_gmt":"2021-01-27T09:57:32","guid":{"rendered":"https:\/\/min-pan.krakow.pl\/instytut\/?page_id=1606"},"modified":"2021-01-27T10:57:32","modified_gmt":"2021-01-27T09:57:32","slug":"zamowienie-na-uslugi-spoleczne","status":"publish","type":"page","link":"https:\/\/min-pan.krakow.pl\/instytut\/zamowienia-publiczne\/pozostale-zamowienia\/zamowienie-na-uslugi-spoleczne\/","title":{"rendered":"Zam\u00f3wienie na us\u0142ugi spo\u0142eczne"},"content":{"rendered":"<p><span style=\"color: #333399;\"><strong>Zam\u00f3wienie na us\u0142ugi spo\u0142eczne<\/strong><\/span><\/p>\n<p class=\"downloadElemContainer2\"><a class=\"downloadElem pdf\" href=\"https:\/\/min-pan.krakow.pl\/instytut\/wp-content\/uploads\/sites\/2\/2019\/09\/Og\u0142oszenie-o-zam\u00f3wienie-na-us\u0142ugi-spo\u0142eczne-__znak-sprawy-AF-2-19-4-2019.pdf\" target=\"_blank\" rel=\"noopener noreferrer\">\u00a0<\/a><cite>Og\u0142oszenie o zam\u00f3wieniu na us\u0142ugi spo\u0142eczne: \u015awiadczenie us\u0142ug hotelarskich i restauracyjnych podczas trwania w Krakowie III i IV konferencji z cyklu \u201eForum Gospodarki Energetycznej\u201d_znak sprawy AF-2\/19-4\/2019<\/cite><\/p>\n<p class=\"downloadElemContainer2\"><a class=\"downloadElem pdf\" href=\"https:\/\/min-pan.krakow.pl\/instytut\/wp-content\/uploads\/sites\/2\/2019\/10\/Odpowied\u017a-na-pytanie-z-dnia-03.10.2019-r._znak-sprawy-AF-271-6-19.pdf\" target=\"_blank\" rel=\"noopener noreferrer\">\u00a0<\/a><cite>Odpowied\u017a na pytanie z dnia 03.10.2019 r._znak sprawy AF-271-6-19<\/cite><\/p>\n<p class=\"downloadElemContainer2\"><a class=\"downloadElem pdf\" href=\"https:\/\/min-pan.krakow.pl\/instytut\/wp-content\/uploads\/sites\/2\/2019\/10\/Zawiadomienie-o-wyborze-najkorzystniejszej-oferty-FGE-2020.pdf\" target=\"_blank\" rel=\"noopener noreferrer\">\u00a0<\/a><cite>Zawiadomienie o wyborze najkorzystniejszej oferty FGE 2020_znak sprawy AF-271-6-19<\/cite><\/p>\n<p class=\"downloadElemContainer2\"><a class=\"downloadElem pdf\" href=\"https:\/\/min-pan.krakow.pl\/instytut\/wp-content\/uploads\/sites\/2\/2019\/10\/Zawiadomienie-o-wyborze-najkorzystniejszej-oferty-FGE-2021.pdf\" target=\"_blank\" rel=\"noopener noreferrer\">\u00a0<\/a><cite>Zawiadomienie o wyborze najkorzystniejszej oferty FGE 2021_znak sprawy AF-271-6-19<\/cite><\/p>\n<p><\/p>","protected":false},"excerpt":{"rendered":"<p>Zam\u00f3wienie na us\u0142ugi spo\u0142eczne \u00a0Og\u0142oszenie o zam\u00f3wieniu na us\u0142ugi spo\u0142eczne: \u015awiadczenie us\u0142ug hotelarskich i restauracyjnych podczas trwania w Krakowie III i IV konferencji z cyklu \u201eForum Gospodarki Energetycznej\u201d_znak sprawy AF-2\/19-4\/2019 \u00a0Odpowied\u017a na pytanie z dnia 03.10.2019 r._znak sprawy AF-271-6-19 \u00a0Zawiadomienie o wyborze najkorzystniejszej oferty FGE 2020_znak sprawy AF-271-6-19 \u00a0Zawiadomienie o wyborze najkorzystniejszej oferty FGE 2021_znak [&hellip;]<\/p>\n","protected":false},"author":1,"featured_media":0,"parent":1566,"menu_order":124,"comment_status":"closed","ping_status":"closed","template":"templates\/template-document.php","meta":{"footnotes":""},"class_list":["post-1606","page","type-page","status-publish","hentry"],"_links":{"self":[{"href":"https:\/\/min-pan.krakow.pl\/instytut\/wp-json\/wp\/v2\/pages\/1606","targetHints":{"allow":["GET"]}}],"collection":[{"href":"https:\/\/min-pan.krakow.pl\/instytut\/wp-json\/wp\/v2\/pages"}],"about":[{"href":"https:\/\/min-pan.krakow.pl\/instytut\/wp-json\/wp\/v2\/types\/page"}],"author":[{"embeddable":true,"href":"https:\/\/min-pan.krakow.pl\/instytut\/wp-json\/wp\/v2\/users\/1"}],"replies":[{"embeddable":true,"href":"https:\/\/min-pan.krakow.pl\/instytut\/wp-json\/wp\/v2\/comments?post=1606"}],"version-history":[{"count":1,"href":"https:\/\/min-pan.krakow.pl\/instytut\/wp-json\/wp\/v2\/pages\/1606\/revisions"}],"predecessor-version":[{"id":1607,"href":"https:\/\/min-pan.krakow.pl\/instytut\/wp-json\/wp\/v2\/pages\/1606\/revisions\/1607"}],"up":[{"embeddable":true,"href":"https:\/\/min-pan.krakow.pl\/instytut\/wp-json\/wp\/v2\/pages\/1566"}],"wp:attachment":[{"href":"https:\/\/min-pan.krakow.pl\/instytut\/wp-json\/wp\/v2\/media?parent=1606"}],"curies":[{"name":"wp","href":"https:\/\/api.w.org\/{rel}","templated":true}]}}