{"id":1604,"date":"2021-01-27T10:56:59","date_gmt":"2021-01-27T09:56:59","guid":{"rendered":"https:\/\/min-pan.krakow.pl\/instytut\/?page_id=1604"},"modified":"2021-01-27T10:57:02","modified_gmt":"2021-01-27T09:57:02","slug":"zapytanie-nr-16-zapytanie-ofertowe-w-sprawie-realizacji-wskaznikow-i-ich-wielkosci-z-zakresu-gospodarki-o-obiegu-zamknietym-raportowanych-przez-najwieksze-firmy-krajowe-i-zagraniczne-z-branzy-rolno","status":"publish","type":"page","link":"https:\/\/min-pan.krakow.pl\/instytut\/zamowienia-publiczne\/zapytania-ofertowe-2\/zapytanie-nr-16-zapytanie-ofertowe-w-sprawie-realizacji-wskaznikow-i-ich-wielkosci-z-zakresu-gospodarki-o-obiegu-zamknietym-raportowanych-przez-najwieksze-firmy-krajowe-i-zagraniczne-z-branzy-rolno\/","title":{"rendered":"Zapytanie nr 16 &#8211; Zapytanie ofertowe w sprawie realizacji wska\u017anik\u00f3w i ich wielko\u015bci z zakresu gospodarki o obiegu zamkni\u0119tym raportowanych przez najwi\u0119ksze firmy krajowe i zagraniczne z bran\u017cy rolno-spo\u017cywczej."},"content":{"rendered":"<p><strong>Zapytanie nr 16<\/strong><\/p>\n<p class=\"downloadElemContainer2\"><a class=\"downloadElem pdf\" href=\"https:\/\/min-pan.krakow.pl\/instytut\/wp-content\/uploads\/sites\/2\/2020\/01\/Zapytanie-ofertowe-w-sprawie-realizacji-wska%C5%BAnik%C3%B3w-i-ich-wielko%C5%9Bci-z-zakresu-gospodarki-o-obiegu-zamkni%C4%99tym-raportowanych-przez-najwi%C4%99ksze.pdf\" target=\"_blank\" rel=\"noopener noreferrer\">\u00a0<\/a><cite>Zapytanie ofertowe w sprawie realizacji wska\u017anik\u00f3w i ich wielko\u015bci z zakresu gospodarki o obiegu zamkni\u0119tym raportowanych przez najwi\u0119ksze firmy krajowe i zagraniczne z bran\u017cy rolno-spo\u017cywczej.<\/cite><\/p>\n<p><\/p>","protected":false},"excerpt":{"rendered":"<p>Zapytanie nr 16 \u00a0Zapytanie ofertowe w sprawie realizacji wska\u017anik\u00f3w i ich wielko\u015bci z zakresu gospodarki o obiegu zamkni\u0119tym raportowanych przez najwi\u0119ksze firmy krajowe i zagraniczne z bran\u017cy rolno-spo\u017cywczej.<\/p>\n","protected":false},"author":1,"featured_media":0,"parent":1564,"menu_order":104,"comment_status":"closed","ping_status":"closed","template":"templates\/template-document.php","meta":{"footnotes":""},"class_list":["post-1604","page","type-page","status-publish","hentry"],"_links":{"self":[{"href":"https:\/\/min-pan.krakow.pl\/instytut\/wp-json\/wp\/v2\/pages\/1604","targetHints":{"allow":["GET"]}}],"collection":[{"href":"https:\/\/min-pan.krakow.pl\/instytut\/wp-json\/wp\/v2\/pages"}],"about":[{"href":"https:\/\/min-pan.krakow.pl\/instytut\/wp-json\/wp\/v2\/types\/page"}],"author":[{"embeddable":true,"href":"https:\/\/min-pan.krakow.pl\/instytut\/wp-json\/wp\/v2\/users\/1"}],"replies":[{"embeddable":true,"href":"https:\/\/min-pan.krakow.pl\/instytut\/wp-json\/wp\/v2\/comments?post=1604"}],"version-history":[{"count":1,"href":"https:\/\/min-pan.krakow.pl\/instytut\/wp-json\/wp\/v2\/pages\/1604\/revisions"}],"predecessor-version":[{"id":1605,"href":"https:\/\/min-pan.krakow.pl\/instytut\/wp-json\/wp\/v2\/pages\/1604\/revisions\/1605"}],"up":[{"embeddable":true,"href":"https:\/\/min-pan.krakow.pl\/instytut\/wp-json\/wp\/v2\/pages\/1564"}],"wp:attachment":[{"href":"https:\/\/min-pan.krakow.pl\/instytut\/wp-json\/wp\/v2\/media?parent=1604"}],"curies":[{"name":"wp","href":"https:\/\/api.w.org\/{rel}","templated":true}]}}